{"id":1404,"date":"2025-10-07T12:36:16","date_gmt":"2025-10-07T11:36:16","guid":{"rendered":"https:\/\/shop.keelerglobal.com\/product\/paquimetro-portatil-pachpen\/"},"modified":"2025-10-07T12:36:16","modified_gmt":"2025-10-07T11:36:16","slug":"paquimetro-portatil-pachpen","status":"publish","type":"product","link":"https:\/\/shop.keelerglobal.com\/es\/producto\/paquimetro-portatil-pachpen\/","title":{"rendered":"Paqu\u00edmetro port\u00e1til PachPen"},"content":{"rendered":"","protected":false},"excerpt":{"rendered":"<p>PachPen, nuestro paqu\u00edmetro port\u00e1til, ofrece la combinaci\u00f3n perfecta de precisi\u00f3n, portabilidad y comodidad para proporcionar mediciones precisas del grosor corneal sobre la marcha. Con un dise\u00f1o ergon\u00f3mico que se adapta c\u00f3modamente a cualquier mano, est\u00e1 equipado con An\u00e1lisis de Se\u00f1al Digital que eliminar\u00e1 las mediciones no perpendiculares en la c\u00f3rnea. <\/p>\n<p>Caracter\u00edsticas:<\/p>\n<ul>\n<li>Sonda de muestreo de 65 MHz para mediciones precisas<\/li>\n<li>El c\u00e1lculo de correcci\u00f3n de la PIO convierte las mediciones en segundos<\/li>\n<li>Uso vers\u00e1til desde cualquier \u00e1ngulo<\/li>\n<li>Punta de tacto suave para garantizar la comodidad del paciente<\/li>\n<li>Apto para uso veterinario<\/li>\n<li>La bater\u00eda de litio de larga duraci\u00f3n durar\u00e1 aproximadamente 15&nbsp;000 lecturas<\/li>\n<li>Dise\u00f1o ligero (solo 85 g) y ergon\u00f3mico<\/li>\n<\/ul>\n<p>El plazo de entrega est\u00e1ndar para este producto es de 2-3 d\u00edas, sujeto a disponibilidad.<\/p>\n<p>Se confirmar\u00e1n m\u00e1s detalles de la entrega una vez que se haya procesado su pedido.<\/p>\n","protected":false},"featured_media":535,"template":"","meta":{"_acf_changed":false},"product_brand":[],"product_cat":[101],"product_tag":[],"class_list":{"0":"post-1404","1":"product","2":"type-product","3":"status-publish","4":"has-post-thumbnail","6":"product_cat-contacto-tonometros-y-accesorios","8":"first","9":"instock","10":"taxable","11":"shipping-taxable","12":"purchasable","13":"product-type-simple"},"acf":[],"_links":{"self":[{"href":"https:\/\/shop.keelerglobal.com\/es\/wp-json\/wp\/v2\/product\/1404","targetHints":{"allow":["GET"]}}],"collection":[{"href":"https:\/\/shop.keelerglobal.com\/es\/wp-json\/wp\/v2\/product"}],"about":[{"href":"https:\/\/shop.keelerglobal.com\/es\/wp-json\/wp\/v2\/types\/product"}],"wp:featuredmedia":[{"embeddable":true,"href":"https:\/\/shop.keelerglobal.com\/es\/wp-json\/wp\/v2\/media\/535"}],"wp:attachment":[{"href":"https:\/\/shop.keelerglobal.com\/es\/wp-json\/wp\/v2\/media?parent=1404"}],"wp:term":[{"taxonomy":"product_brand","embeddable":true,"href":"https:\/\/shop.keelerglobal.com\/es\/wp-json\/wp\/v2\/product_brand?post=1404"},{"taxonomy":"product_cat","embeddable":true,"href":"https:\/\/shop.keelerglobal.com\/es\/wp-json\/wp\/v2\/product_cat?post=1404"},{"taxonomy":"product_tag","embeddable":true,"href":"https:\/\/shop.keelerglobal.com\/es\/wp-json\/wp\/v2\/product_tag?post=1404"}],"curies":[{"name":"wp","href":"https:\/\/api.w.org\/{rel}","templated":true}]}}