{"id":1402,"date":"2025-10-07T12:38:38","date_gmt":"2025-10-07T11:38:38","guid":{"rendered":"https:\/\/shop.keelerglobal.com\/product\/prismas-de-aplanacion-desechables-tonoclear\/"},"modified":"2025-10-07T12:38:38","modified_gmt":"2025-10-07T11:38:38","slug":"prismas-de-aplanacion-desechables-tonoclear","status":"publish","type":"product","link":"https:\/\/shop.keelerglobal.com\/es\/producto\/prismas-de-aplanacion-desechables-tonoclear\/","title":{"rendered":"Prismas de aplanaci\u00f3n desechables Tonoclear"},"content":{"rendered":"","protected":false},"excerpt":{"rendered":"<p>Obtenga una visi\u00f3n superior de las miras con nuestros prismas de aplanaci\u00f3n desechables estilo Goldmann. Dise\u00f1ados para adaptarse a las variaciones en la intensidad de la luz y ofrecer una visi\u00f3n n\u00edtida en todo momento, los prismas Tonoclear vienen preensamblados para que su instalaci\u00f3n sea r\u00e1pida y sencilla, y se empaquetan en bl\u00edsteres est\u00e9riles individuales para reducir el riesgo de contaminaci\u00f3n cruzada. <\/p>\n<p>\u00bfSab\u00eda que&#8230;? Hemos actualizado recientemente el embalaje de este producto&#8230; \u00a150 % menos de espacio en sus estanter\u00edas y 50 % menos de residuos de embalaje!  <\/p>\n<p>Caracter\u00edsticas:<\/p>\n<ul>\n<li>Calidad de imagen superior gracias a su menor sensibilidad a la luz<\/li>\n<li>Esterilizado con \u00f3xido de etileno<\/li>\n<li>Preensamblado para evitar retrasos en su flujo de trabajo<\/li>\n<li>Compatible con la mayor\u00eda de los ton\u00f3metros de aplanaci\u00f3n de Goldmann.<\/li>\n<\/ul>\n<p>El plazo de entrega est\u00e1ndar para este producto es de 2-3 d\u00edas, sujeto a disponibilidad.<\/p>\n<p>Se confirmar\u00e1n m\u00e1s detalles de la entrega una vez que se haya procesado su pedido.<\/p>\n","protected":false},"featured_media":572,"template":"","meta":{"_acf_changed":false},"product_brand":[],"product_cat":[101,100],"product_tag":[],"class_list":{"0":"post-1402","1":"product","2":"type-product","3":"status-publish","4":"has-post-thumbnail","6":"product_cat-contacto-tonometros-y-accesorios","7":"product_cat-repuestos-y-accesorios","9":"first","10":"instock","11":"taxable","12":"shipping-taxable","13":"purchasable","14":"product-type-simple"},"acf":[],"_links":{"self":[{"href":"https:\/\/shop.keelerglobal.com\/es\/wp-json\/wp\/v2\/product\/1402","targetHints":{"allow":["GET"]}}],"collection":[{"href":"https:\/\/shop.keelerglobal.com\/es\/wp-json\/wp\/v2\/product"}],"about":[{"href":"https:\/\/shop.keelerglobal.com\/es\/wp-json\/wp\/v2\/types\/product"}],"wp:featuredmedia":[{"embeddable":true,"href":"https:\/\/shop.keelerglobal.com\/es\/wp-json\/wp\/v2\/media\/572"}],"wp:attachment":[{"href":"https:\/\/shop.keelerglobal.com\/es\/wp-json\/wp\/v2\/media?parent=1402"}],"wp:term":[{"taxonomy":"product_brand","embeddable":true,"href":"https:\/\/shop.keelerglobal.com\/es\/wp-json\/wp\/v2\/product_brand?post=1402"},{"taxonomy":"product_cat","embeddable":true,"href":"https:\/\/shop.keelerglobal.com\/es\/wp-json\/wp\/v2\/product_cat?post=1402"},{"taxonomy":"product_tag","embeddable":true,"href":"https:\/\/shop.keelerglobal.com\/es\/wp-json\/wp\/v2\/product_tag?post=1402"}],"curies":[{"name":"wp","href":"https:\/\/api.w.org\/{rel}","templated":true}]}}