{"id":1396,"date":"2025-10-07T13:41:39","date_gmt":"2025-10-07T12:41:39","guid":{"rendered":"https:\/\/shop.keelerglobal.com\/product\/lente-de-capsulotomia-volk-vcaps\/"},"modified":"2025-10-07T13:41:39","modified_gmt":"2025-10-07T12:41:39","slug":"lente-de-capsulotomia-volk-vcaps","status":"publish","type":"product","link":"https:\/\/shop.keelerglobal.com\/es\/producto\/lente-de-capsulotomia-volk-vcaps\/","title":{"rendered":"Lente de capsulotom\u00eda Volk &#8211; VCAPS"},"content":{"rendered":"","protected":false},"excerpt":{"rendered":"<p>La lente preferida para la capsulotom\u00eda l\u00e1ser, la lente l\u00e1ser de capsulotom\u00eda doble asf\u00e9rica de Volk permite una colocaci\u00f3n precisa y enfocada del haz de l\u00e1ser en el saco capsular. Est\u00e1 optimizada por ordenador para una mejor visualizaci\u00f3n y equipada con LaserWindow para una transmisi\u00f3n \u00f3ptima del haz de l\u00e1ser y protecci\u00f3n del elemento de imagen. <\/p>\n<p>Caracter\u00edsticas:<\/p>\n<ul>\n<li>Punto l\u00e1ser de 0,63x<\/li>\n<li>Aumento de imagen de 1,57x<\/li>\n<li>Lente de contacto<\/li>\n<li>\u00d3ptica doble asf\u00e9rica<\/li>\n<li>Protecci\u00f3n LaserWindow<\/li>\n<\/ul>\n<p>El plazo de entrega est\u00e1ndar para este producto es de 2-3 d\u00edas, sujeto a disponibilidad.<\/p>\n<p>Se confirmar\u00e1n m\u00e1s detalles de la entrega una vez que se haya procesado su pedido.<\/p>\n","protected":false},"featured_media":513,"template":"","meta":{"_acf_changed":false},"product_brand":[],"product_cat":[114],"product_tag":[],"class_list":{"0":"post-1396","1":"product","2":"type-product","3":"status-publish","4":"has-post-thumbnail","6":"product_cat-lentes-laser","8":"first","9":"instock","10":"taxable","11":"shipping-taxable","12":"purchasable","13":"product-type-simple"},"acf":[],"_links":{"self":[{"href":"https:\/\/shop.keelerglobal.com\/es\/wp-json\/wp\/v2\/product\/1396","targetHints":{"allow":["GET"]}}],"collection":[{"href":"https:\/\/shop.keelerglobal.com\/es\/wp-json\/wp\/v2\/product"}],"about":[{"href":"https:\/\/shop.keelerglobal.com\/es\/wp-json\/wp\/v2\/types\/product"}],"wp:featuredmedia":[{"embeddable":true,"href":"https:\/\/shop.keelerglobal.com\/es\/wp-json\/wp\/v2\/media\/513"}],"wp:attachment":[{"href":"https:\/\/shop.keelerglobal.com\/es\/wp-json\/wp\/v2\/media?parent=1396"}],"wp:term":[{"taxonomy":"product_brand","embeddable":true,"href":"https:\/\/shop.keelerglobal.com\/es\/wp-json\/wp\/v2\/product_brand?post=1396"},{"taxonomy":"product_cat","embeddable":true,"href":"https:\/\/shop.keelerglobal.com\/es\/wp-json\/wp\/v2\/product_cat?post=1396"},{"taxonomy":"product_tag","embeddable":true,"href":"https:\/\/shop.keelerglobal.com\/es\/wp-json\/wp\/v2\/product_tag?post=1396"}],"curies":[{"name":"wp","href":"https:\/\/api.w.org\/{rel}","templated":true}]}}