{"id":1394,"date":"2025-10-07T14:02:28","date_gmt":"2025-10-07T13:02:28","guid":{"rendered":"https:\/\/shop.keelerglobal.com\/product\/estandar-aumento-de-25x\/"},"modified":"2025-10-07T14:02:28","modified_gmt":"2025-10-07T13:02:28","slug":"estandar-aumento-de-25x","status":"publish","type":"product","link":"https:\/\/shop.keelerglobal.com\/es\/producto\/estandar-aumento-de-25x\/","title":{"rendered":"Est\u00e1ndar: aumento de 2,5x"},"content":{"rendered":"","protected":false},"excerpt":{"rendered":"<p>Nuestras lupas est\u00e1ndar son ideales para procedimientos oft\u00e1lmicos o dentales, tanto de diagn\u00f3stico como quir\u00fargicos, cuando se requiere un mayor aumento y un amplio campo de visi\u00f3n. Ligeras y c\u00f3modas, las \u00f3pticas de las lupas galileanas est\u00e1n alineadas con l\u00e1ser y son c\u00f3modas de llevar. <\/p>\n<p>Las lupas con aumento de 2,5x est\u00e1n disponibles en cuatro distancias de trabajo fijas, lo que proporciona la profundidad de enfoque adecuada para su posici\u00f3n de trabajo. <\/p>\n<p><strong>Para una m\u00e1xima comodidad durante el uso, elija entre las monturas deportivas Keeler o una diadema Keeler<\/strong> (se venden por separado).<\/p>\n<p>Tambi\u00e9n puede considerar la posibilidad de adquirir un sistema de iluminaci\u00f3n Keeler K-LED para entornos con bajos niveles de luz.<\/p>\n<p>Caracter\u00edsticas:<\/p>\n<ul>\n<li>\u00d3ptica alineada con l\u00e1ser<\/li>\n<li>Ligero<\/li>\n<li>Compatible con monturas deportivas o diadema Keeler<\/li>\n<li>Compatible con Keeler K-LED<\/li>\n<\/ul>\n<p>El plazo de entrega est\u00e1ndar para estos productos es de 2 a 3 d\u00edas, sujeto a disponibilidad.<\/p>\n<p>Se confirmar\u00e1n m\u00e1s detalles de la entrega una vez que se haya procesado su pedido.<\/p>\n","protected":false},"featured_media":629,"template":"","meta":{"_acf_changed":false},"product_brand":[],"product_cat":[110],"product_tag":[],"class_list":{"0":"post-1394","1":"product","2":"type-product","3":"status-publish","4":"has-post-thumbnail","6":"product_cat-lupas-estandar","8":"first","9":"instock","10":"taxable","11":"shipping-taxable","12":"purchasable","13":"product-type-variable"},"acf":[],"_links":{"self":[{"href":"https:\/\/shop.keelerglobal.com\/es\/wp-json\/wp\/v2\/product\/1394","targetHints":{"allow":["GET"]}}],"collection":[{"href":"https:\/\/shop.keelerglobal.com\/es\/wp-json\/wp\/v2\/product"}],"about":[{"href":"https:\/\/shop.keelerglobal.com\/es\/wp-json\/wp\/v2\/types\/product"}],"wp:featuredmedia":[{"embeddable":true,"href":"https:\/\/shop.keelerglobal.com\/es\/wp-json\/wp\/v2\/media\/629"}],"wp:attachment":[{"href":"https:\/\/shop.keelerglobal.com\/es\/wp-json\/wp\/v2\/media?parent=1394"}],"wp:term":[{"taxonomy":"product_brand","embeddable":true,"href":"https:\/\/shop.keelerglobal.com\/es\/wp-json\/wp\/v2\/product_brand?post=1394"},{"taxonomy":"product_cat","embeddable":true,"href":"https:\/\/shop.keelerglobal.com\/es\/wp-json\/wp\/v2\/product_cat?post=1394"},{"taxonomy":"product_tag","embeddable":true,"href":"https:\/\/shop.keelerglobal.com\/es\/wp-json\/wp\/v2\/product_tag?post=1394"}],"curies":[{"name":"wp","href":"https:\/\/api.w.org\/{rel}","templated":true}]}}