{"id":1385,"date":"2025-10-07T12:20:07","date_gmt":"2025-10-07T11:20:07","guid":{"rendered":"https:\/\/shop.keelerglobal.com\/product\/tonometro-de-aplanacion-kat-tipo-z\/"},"modified":"2025-10-07T12:20:07","modified_gmt":"2025-10-07T11:20:07","slug":"tonometro-de-aplanacion-kat-tipo-z","status":"publish","type":"product","link":"https:\/\/shop.keelerglobal.com\/es\/producto\/tonometro-de-aplanacion-kat-tipo-z\/","title":{"rendered":"Ton\u00f3metro de aplanaci\u00f3n KAT (tipo Z)"},"content":{"rendered":"","protected":false},"excerpt":{"rendered":"<p>Descubra la fiabilidad de nuestro nuevo ton\u00f3metro de aplanaci\u00f3n Keeler (KAT), que utiliza el m\u00e9todo de Goldmann para medir la presi\u00f3n intraocular (PIO) y ayudar en la detecci\u00f3n y el diagn\u00f3stico del glaucoma. Como dispositivo de medici\u00f3n vers\u00e1til, se ha dise\u00f1ado para utilizarse con una amplia variedad de l\u00e1mparas de hendidura tipo Z con baja iluminaci\u00f3n. La unidad se puede montar con una placa gu\u00eda, lo que la hace totalmente extra\u00edble para un uso m\u00e1s amplio en una consulta con m\u00faltiples l\u00e1mparas de hendidura, y se puede utilizar y calibrar sin necesidad de alimentaci\u00f3n por bater\u00eda. Para uso exclusivo de profesionales sanitarios debidamente formados y autorizados.   <\/p>\n<p>Caracter\u00edsticas:<\/p>\n<ul>\n<li>Mida con precisi\u00f3n la presi\u00f3n intraocular (PIO)<\/li>\n<li>Dise\u00f1ado, fabricado y ensamblado a mano en el Reino Unido<\/li>\n<li>F\u00e1cil de usar<\/li>\n<li>Red de servicio t\u00e9cnico y asistencia global excepcional<\/li>\n<li>Unidad anal\u00f3gica sin necesidad de suministro el\u00e9ctrico<\/li>\n<\/ul>\n<p>Este art\u00edculo est\u00e1 actualmente agotado hasta octubre de 2025; sin embargo, aceptamos pedidos anticipados.<\/p>\n<p>Puede realizar la compra ahora y los detalles de la entrega se confirmar\u00e1n una vez que se haya procesado su pedido.<\/p>\n","protected":false},"featured_media":418,"template":"","meta":{"_acf_changed":false},"product_brand":[],"product_cat":[101],"product_tag":[],"class_list":{"0":"post-1385","1":"product","2":"type-product","3":"status-publish","4":"has-post-thumbnail","6":"product_cat-contacto-tonometros-y-accesorios","8":"first","9":"instock","10":"taxable","11":"shipping-taxable","12":"purchasable","13":"product-type-simple"},"acf":[],"_links":{"self":[{"href":"https:\/\/shop.keelerglobal.com\/es\/wp-json\/wp\/v2\/product\/1385","targetHints":{"allow":["GET"]}}],"collection":[{"href":"https:\/\/shop.keelerglobal.com\/es\/wp-json\/wp\/v2\/product"}],"about":[{"href":"https:\/\/shop.keelerglobal.com\/es\/wp-json\/wp\/v2\/types\/product"}],"wp:featuredmedia":[{"embeddable":true,"href":"https:\/\/shop.keelerglobal.com\/es\/wp-json\/wp\/v2\/media\/418"}],"wp:attachment":[{"href":"https:\/\/shop.keelerglobal.com\/es\/wp-json\/wp\/v2\/media?parent=1385"}],"wp:term":[{"taxonomy":"product_brand","embeddable":true,"href":"https:\/\/shop.keelerglobal.com\/es\/wp-json\/wp\/v2\/product_brand?post=1385"},{"taxonomy":"product_cat","embeddable":true,"href":"https:\/\/shop.keelerglobal.com\/es\/wp-json\/wp\/v2\/product_cat?post=1385"},{"taxonomy":"product_tag","embeddable":true,"href":"https:\/\/shop.keelerglobal.com\/es\/wp-json\/wp\/v2\/product_tag?post=1385"}],"curies":[{"name":"wp","href":"https:\/\/api.w.org\/{rel}","templated":true}]}}