{"id":1373,"date":"2025-10-07T12:33:54","date_gmt":"2025-10-07T11:33:54","guid":{"rendered":"https:\/\/shop.keelerglobal.com\/product\/tonometro-portatil-accupen\/"},"modified":"2025-10-07T12:33:54","modified_gmt":"2025-10-07T11:33:54","slug":"tonometro-portatil-accupen","status":"publish","type":"product","link":"https:\/\/shop.keelerglobal.com\/es\/producto\/tonometro-portatil-accupen\/","title":{"rendered":"Ton\u00f3metro port\u00e1til AccuPen"},"content":{"rendered":"","protected":false},"excerpt":{"rendered":"<p>Nuestro Keeler AccuPen es preciso, vers\u00e1til y duradero, y est\u00e1 equipado con tecnolog\u00eda de compensaci\u00f3n de gravedad para proporcionar mediciones precisas de la presi\u00f3n intraocular (PIO) desde cualquier \u00e1ngulo. Con un dise\u00f1o ergon\u00f3mico para adaptarse c\u00f3modamente a cualquier mano, tambi\u00e9n est\u00e1 equipado con tecnolog\u00eda de microgalgas extensom\u00e9tricas, para obtener resultados reproducibles. <\/p>\n<p>Caracter\u00edsticas:<\/p>\n<ul>\n<li>Ergon\u00f3mico y f\u00e1cil de usar<\/li>\n<li>R\u00e1pido y preciso<\/li>\n<li>Almacena y promedia nueve mediciones<\/li>\n<li>Tecnolog\u00eda de microgalgas extensom\u00e9tricas: para obtener resultados reproducibles<\/li>\n<li>Calculadora de correcci\u00f3n de PIO integrada: se ajusta autom\u00e1ticamente seg\u00fan el grosor corneal<\/li>\n<li>Apto para uso veterinario<\/li>\n<li>Bater\u00eda de litio de larga duraci\u00f3n: hasta 15&nbsp;000 lecturas (o dura de 4 a 6 meses)<\/li>\n<\/ul>\n<p>El plazo de entrega est\u00e1ndar para este producto es de 2-3 d\u00edas, sujeto a disponibilidad. Se confirmar\u00e1n m\u00e1s detalles de la entrega una vez que se haya procesado su pedido.<\/p>\n","protected":false},"featured_media":434,"template":"","meta":{"_acf_changed":false},"product_brand":[],"product_cat":[101],"product_tag":[],"class_list":{"0":"post-1373","1":"product","2":"type-product","3":"status-publish","4":"has-post-thumbnail","6":"product_cat-contacto-tonometros-y-accesorios","8":"first","9":"instock","10":"taxable","11":"shipping-taxable","12":"purchasable","13":"product-type-simple"},"acf":[],"_links":{"self":[{"href":"https:\/\/shop.keelerglobal.com\/es\/wp-json\/wp\/v2\/product\/1373","targetHints":{"allow":["GET"]}}],"collection":[{"href":"https:\/\/shop.keelerglobal.com\/es\/wp-json\/wp\/v2\/product"}],"about":[{"href":"https:\/\/shop.keelerglobal.com\/es\/wp-json\/wp\/v2\/types\/product"}],"wp:featuredmedia":[{"embeddable":true,"href":"https:\/\/shop.keelerglobal.com\/es\/wp-json\/wp\/v2\/media\/434"}],"wp:attachment":[{"href":"https:\/\/shop.keelerglobal.com\/es\/wp-json\/wp\/v2\/media?parent=1373"}],"wp:term":[{"taxonomy":"product_brand","embeddable":true,"href":"https:\/\/shop.keelerglobal.com\/es\/wp-json\/wp\/v2\/product_brand?post=1373"},{"taxonomy":"product_cat","embeddable":true,"href":"https:\/\/shop.keelerglobal.com\/es\/wp-json\/wp\/v2\/product_cat?post=1373"},{"taxonomy":"product_tag","embeddable":true,"href":"https:\/\/shop.keelerglobal.com\/es\/wp-json\/wp\/v2\/product_tag?post=1373"}],"curies":[{"name":"wp","href":"https:\/\/api.w.org\/{rel}","templated":true}]}}