{"id":1369,"date":"2025-10-07T13:04:23","date_gmt":"2025-10-07T12:04:23","guid":{"rendered":"https:\/\/shop.keelerglobal.com\/product\/lente-volk-digital-widefield-vdgtlwf\/"},"modified":"2025-10-07T13:04:23","modified_gmt":"2025-10-07T12:04:23","slug":"lente-volk-digital-widefield-vdgtlwf","status":"publish","type":"product","link":"https:\/\/shop.keelerglobal.com\/es\/producto\/lente-volk-digital-widefield-vdgtlwf\/","title":{"rendered":"Lente Volk Digital WideField &#8211; VDGTLWF"},"content":{"rendered":"","protected":false},"excerpt":{"rendered":"<p>Con un campo de visi\u00f3n excepcionalmente amplio y una gran ampliaci\u00f3n (comparable a una de 90D), la lente Digital WideField es ideal para el diagn\u00f3stico general y la documentaci\u00f3n de im\u00e1genes con l\u00e1mpara de hendidura. El dise\u00f1o asf\u00e9rico doble mejorado y el revestimiento multicapa proporcionan vistas est\u00e9reo de alta resoluci\u00f3n de la retina con una reflexi\u00f3n m\u00ednima. <\/p>\n<p>Caracter\u00edsticas:<\/p>\n<ul>\n<li>El campo de visi\u00f3n sin contacto m\u00e1s amplio disponible (103-124\u00b0)<\/li>\n<li>Punto l\u00e1ser de 1,39x<\/li>\n<li>Ampliaci\u00f3n de imagen de 0,72x<\/li>\n<li>Distancia de trabajo de 4-5 mm<\/li>\n<li>Capacidad para pupilas peque\u00f1as<\/li>\n<\/ul>\n<p>El plazo de entrega est\u00e1ndar para este producto es de 2-3 d\u00edas, sujeto a disponibilidad.<\/p>\n<p>Se confirmar\u00e1n m\u00e1s detalles de la entrega una vez que se haya procesado su pedido.<\/p>\n","protected":false},"featured_media":788,"template":"","meta":{"_acf_changed":false},"product_brand":[],"product_cat":[115],"product_tag":[],"class_list":{"0":"post-1369","1":"product","2":"type-product","3":"status-publish","4":"has-post-thumbnail","6":"product_cat-lentes-de-lampara-de-hendidura","8":"first","9":"instock","10":"taxable","11":"shipping-taxable","12":"purchasable","13":"product-type-simple"},"acf":[],"_links":{"self":[{"href":"https:\/\/shop.keelerglobal.com\/es\/wp-json\/wp\/v2\/product\/1369","targetHints":{"allow":["GET"]}}],"collection":[{"href":"https:\/\/shop.keelerglobal.com\/es\/wp-json\/wp\/v2\/product"}],"about":[{"href":"https:\/\/shop.keelerglobal.com\/es\/wp-json\/wp\/v2\/types\/product"}],"wp:featuredmedia":[{"embeddable":true,"href":"https:\/\/shop.keelerglobal.com\/es\/wp-json\/wp\/v2\/media\/788"}],"wp:attachment":[{"href":"https:\/\/shop.keelerglobal.com\/es\/wp-json\/wp\/v2\/media?parent=1369"}],"wp:term":[{"taxonomy":"product_brand","embeddable":true,"href":"https:\/\/shop.keelerglobal.com\/es\/wp-json\/wp\/v2\/product_brand?post=1369"},{"taxonomy":"product_cat","embeddable":true,"href":"https:\/\/shop.keelerglobal.com\/es\/wp-json\/wp\/v2\/product_cat?post=1369"},{"taxonomy":"product_tag","embeddable":true,"href":"https:\/\/shop.keelerglobal.com\/es\/wp-json\/wp\/v2\/product_tag?post=1369"}],"curies":[{"name":"wp","href":"https:\/\/api.w.org\/{rel}","templated":true}]}}