{"id":1366,"date":"2025-10-07T13:09:46","date_gmt":"2025-10-07T12:09:46","guid":{"rendered":"https:\/\/shop.keelerglobal.com\/product\/lente-volk-superpupil-xl-vspxl\/"},"modified":"2025-10-07T13:09:46","modified_gmt":"2025-10-07T12:09:46","slug":"lente-volk-superpupil-xl-vspxl","status":"publish","type":"product","link":"https:\/\/shop.keelerglobal.com\/es\/producto\/lente-volk-superpupil-xl-vspxl\/","title":{"rendered":"Lente Volk SuperPupil XL &#8211; VSPXL"},"content":{"rendered":"","protected":false},"excerpt":{"rendered":"<p>Con un campo de visi\u00f3n de m\u00e1s de 100\u00b0, la SuperPupil XL proporciona la vista de fondo de ojo panecuatorial m\u00e1s amplia de todas las lentes sin contacto disponibles, lo que permite una inspecci\u00f3n detallada del polo posterior, as\u00ed como de las lesiones perif\u00e9ricas, incluidos la retinosquisis y los desprendimientos de retina. Su avanzado dise\u00f1o \u00f3ptico permite un \u00e1rea de campo de 25 mm de di\u00e1metro a trav\u00e9s de una pupila no dilatada, lo que la convierte en la \u00fanica lente verdaderamente \u00abmi\u00f3tica\u00bb del mercado. <\/p>\n<p>Caracter\u00edsticas:<\/p>\n<ul>\n<li>Campo de visi\u00f3n de 103-124\u00b0<\/li>\n<li>Punto l\u00e1ser de 2,2x<\/li>\n<li>Aumento de imagen de 0,45x<\/li>\n<li>Distancia de trabajo de 4 mm<\/li>\n<li>La lente para pupila peque\u00f1a m\u00e1s eficaz disponible<\/li>\n<\/ul>\n<p>El plazo de entrega est\u00e1ndar para este producto es de 2-3 d\u00edas, sujeto a disponibilidad.<\/p>\n<p>Se confirmar\u00e1n m\u00e1s detalles de la entrega una vez que se haya procesado su pedido.<\/p>\n","protected":false},"featured_media":474,"template":"","meta":{"_acf_changed":false},"product_brand":[],"product_cat":[115],"product_tag":[],"class_list":{"0":"post-1366","1":"product","2":"type-product","3":"status-publish","4":"has-post-thumbnail","6":"product_cat-lentes-de-lampara-de-hendidura","8":"first","9":"instock","10":"taxable","11":"shipping-taxable","12":"purchasable","13":"product-type-simple"},"acf":[],"_links":{"self":[{"href":"https:\/\/shop.keelerglobal.com\/es\/wp-json\/wp\/v2\/product\/1366","targetHints":{"allow":["GET"]}}],"collection":[{"href":"https:\/\/shop.keelerglobal.com\/es\/wp-json\/wp\/v2\/product"}],"about":[{"href":"https:\/\/shop.keelerglobal.com\/es\/wp-json\/wp\/v2\/types\/product"}],"wp:featuredmedia":[{"embeddable":true,"href":"https:\/\/shop.keelerglobal.com\/es\/wp-json\/wp\/v2\/media\/474"}],"wp:attachment":[{"href":"https:\/\/shop.keelerglobal.com\/es\/wp-json\/wp\/v2\/media?parent=1366"}],"wp:term":[{"taxonomy":"product_brand","embeddable":true,"href":"https:\/\/shop.keelerglobal.com\/es\/wp-json\/wp\/v2\/product_brand?post=1366"},{"taxonomy":"product_cat","embeddable":true,"href":"https:\/\/shop.keelerglobal.com\/es\/wp-json\/wp\/v2\/product_cat?post=1366"},{"taxonomy":"product_tag","embeddable":true,"href":"https:\/\/shop.keelerglobal.com\/es\/wp-json\/wp\/v2\/product_tag?post=1366"}],"curies":[{"name":"wp","href":"https:\/\/api.w.org\/{rel}","templated":true}]}}