{"id":1343,"date":"2025-10-07T12:41:39","date_gmt":"2025-10-07T11:41:39","guid":{"rendered":"https:\/\/shop.keelerglobal.com\/product\/montura-deportiva-keeler\/"},"modified":"2025-10-07T12:41:39","modified_gmt":"2025-10-07T11:41:39","slug":"montura-deportiva-keeler","status":"publish","type":"product","link":"https:\/\/shop.keelerglobal.com\/es\/producto\/montura-deportiva-keeler\/","title":{"rendered":"Montura deportiva Keeler"},"content":{"rendered":"","protected":false},"excerpt":{"rendered":"<p>Cada juego de lupas requiere una montura o una diadema para poder trabajar con las manos libres. Nuestras monturas deportivas envolventes tienen un tama\u00f1o de patilla est\u00e1ndar de 135 mm y est\u00e1n fabricadas con materiales ligeros y duraderos, para resistir los rigores del uso profesional, a la vez que ofrecen la comodidad necesaria para procedimientos prolongados o para intervenciones quir\u00fargicas. <\/p>\n<p>Caracter\u00edsticas:<\/p>\n<ul>\n<li>Ajuste c\u00f3modo<\/li>\n<li>Ligero<\/li>\n<li>pieza nasal ajustable<\/li>\n<li>protector facial<\/li>\n<\/ul>\n<p>El plazo de entrega est\u00e1ndar para estos productos es de 2 a 3 d\u00edas, sujeto a disponibilidad. Se confirmar\u00e1n m\u00e1s detalles de la entrega una vez que se haya procesado su pedido.<\/p>\n","protected":false},"featured_media":445,"template":"","meta":{"_acf_changed":false},"product_brand":[],"product_cat":[109],"product_tag":[],"class_list":{"0":"post-1343","1":"product","2":"type-product","3":"status-publish","4":"has-post-thumbnail","6":"product_cat-accesorios-para-lupas","8":"first","9":"instock","10":"taxable","11":"shipping-taxable","12":"purchasable","13":"product-type-simple"},"acf":[],"_links":{"self":[{"href":"https:\/\/shop.keelerglobal.com\/es\/wp-json\/wp\/v2\/product\/1343","targetHints":{"allow":["GET"]}}],"collection":[{"href":"https:\/\/shop.keelerglobal.com\/es\/wp-json\/wp\/v2\/product"}],"about":[{"href":"https:\/\/shop.keelerglobal.com\/es\/wp-json\/wp\/v2\/types\/product"}],"wp:featuredmedia":[{"embeddable":true,"href":"https:\/\/shop.keelerglobal.com\/es\/wp-json\/wp\/v2\/media\/445"}],"wp:attachment":[{"href":"https:\/\/shop.keelerglobal.com\/es\/wp-json\/wp\/v2\/media?parent=1343"}],"wp:term":[{"taxonomy":"product_brand","embeddable":true,"href":"https:\/\/shop.keelerglobal.com\/es\/wp-json\/wp\/v2\/product_brand?post=1343"},{"taxonomy":"product_cat","embeddable":true,"href":"https:\/\/shop.keelerglobal.com\/es\/wp-json\/wp\/v2\/product_cat?post=1343"},{"taxonomy":"product_tag","embeddable":true,"href":"https:\/\/shop.keelerglobal.com\/es\/wp-json\/wp\/v2\/product_tag?post=1343"}],"curies":[{"name":"wp","href":"https:\/\/api.w.org\/{rel}","templated":true}]}}