{"id":1340,"date":"2025-10-07T13:07:02","date_gmt":"2025-10-07T12:07:02","guid":{"rendered":"https:\/\/shop.keelerglobal.com\/product\/lente-volk-78d-v78c\/"},"modified":"2025-10-07T13:07:02","modified_gmt":"2025-10-07T12:07:02","slug":"lente-volk-78d-v78c","status":"publish","type":"product","link":"https:\/\/shop.keelerglobal.com\/es\/producto\/lente-volk-78d-v78c\/","title":{"rendered":"Lente Volk 78D &#8211; V78C"},"content":{"rendered":"","protected":false},"excerpt":{"rendered":"<p>Una excelente lente de diagn\u00f3stico general y tratamiento l\u00e1ser. La lente asf\u00e9rica doble 78D ofrece un aumento de imagen de 0,93x y un amplio campo de visi\u00f3n din\u00e1mico de 97\u00b0. Est\u00e1 dise\u00f1ada de forma \u00f3ptima para su uso dentro del rango de movimiento de todos los ex\u00e1menes con l\u00e1mpara de hendidura.  <\/p>\n<p>Caracter\u00edsticas:<\/p>\n<ul>\n<li>Amplio campo de visi\u00f3n de 81-97\u00b0<\/li>\n<li>Punto l\u00e1ser de 1,08x<\/li>\n<li>Aumento de imagen de 0,93x<\/li>\n<li>Distancia de trabajo de 8 mm<\/li>\n<\/ul>\n<p>El plazo de entrega est\u00e1ndar para este producto es de 2-3 d\u00edas, sujeto a disponibilidad. Se confirmar\u00e1n m\u00e1s detalles de la entrega una vez que se haya procesado su pedido.<\/p>\n","protected":false},"featured_media":471,"template":"","meta":{"_acf_changed":false},"product_brand":[],"product_cat":[115],"product_tag":[],"class_list":{"0":"post-1340","1":"product","2":"type-product","3":"status-publish","4":"has-post-thumbnail","6":"product_cat-lentes-de-lampara-de-hendidura","8":"first","9":"instock","10":"taxable","11":"shipping-taxable","12":"purchasable","13":"product-type-simple"},"acf":[],"_links":{"self":[{"href":"https:\/\/shop.keelerglobal.com\/es\/wp-json\/wp\/v2\/product\/1340","targetHints":{"allow":["GET"]}}],"collection":[{"href":"https:\/\/shop.keelerglobal.com\/es\/wp-json\/wp\/v2\/product"}],"about":[{"href":"https:\/\/shop.keelerglobal.com\/es\/wp-json\/wp\/v2\/types\/product"}],"wp:featuredmedia":[{"embeddable":true,"href":"https:\/\/shop.keelerglobal.com\/es\/wp-json\/wp\/v2\/media\/471"}],"wp:attachment":[{"href":"https:\/\/shop.keelerglobal.com\/es\/wp-json\/wp\/v2\/media?parent=1340"}],"wp:term":[{"taxonomy":"product_brand","embeddable":true,"href":"https:\/\/shop.keelerglobal.com\/es\/wp-json\/wp\/v2\/product_brand?post=1340"},{"taxonomy":"product_cat","embeddable":true,"href":"https:\/\/shop.keelerglobal.com\/es\/wp-json\/wp\/v2\/product_cat?post=1340"},{"taxonomy":"product_tag","embeddable":true,"href":"https:\/\/shop.keelerglobal.com\/es\/wp-json\/wp\/v2\/product_tag?post=1340"}],"curies":[{"name":"wp","href":"https:\/\/api.w.org\/{rel}","templated":true}]}}