{"id":1322,"date":"2025-10-07T17:38:15","date_gmt":"2025-10-07T16:38:15","guid":{"rendered":"https:\/\/shop.keelerglobal.com\/product\/alta-resolucion-aumento-de-30x\/"},"modified":"2025-10-07T17:38:15","modified_gmt":"2025-10-07T16:38:15","slug":"alta-resolucion-aumento-de-30x","status":"publish","type":"product","link":"https:\/\/shop.keelerglobal.com\/es\/producto\/alta-resolucion-aumento-de-30x\/","title":{"rendered":"Alta resoluci\u00f3n: aumento de 3,0x"},"content":{"rendered":"","protected":false},"excerpt":{"rendered":"<p>Nuestras gafas de aumento galileanas SuperVu de alta resoluci\u00f3n ofrecen un campo de visi\u00f3n con un 15 % m\u00e1s de definici\u00f3n que nuestras gafas de aumento est\u00e1ndar, por lo que son ideales cuando se requiere un mayor aumento y un campo de visi\u00f3n amplio. Ligeras y c\u00f3modas, las \u00f3pticas de las gafas de aumento galileanas est\u00e1n alineadas con l\u00e1ser y son c\u00f3modas de llevar. <\/p>\n<p>Las gafas de aumento de alta resoluci\u00f3n de 3,0x est\u00e1n disponibles en cuatro distancias de trabajo fijas, lo que proporciona la profundidad de enfoque adecuada para su posici\u00f3n de trabajo. <\/p>\n<p><strong>Para una m\u00e1xima comodidad durante el uso, elija entre las monturas deportivas Keeler o una diadema Keeler<\/strong> (se venden por separado).<\/p>\n<p>Tambi\u00e9n puede considerar la posibilidad de adquirir un sistema de iluminaci\u00f3n Keeler K-LED para entornos con bajos niveles de luz.<\/p>\n<p>Caracter\u00edsticas:<\/p>\n<ul>\n<li>\u00d3ptica alineada con l\u00e1ser<\/li>\n<li>Ligero<\/li>\n<li>Compatible con monturas deportivas o diadema Keeler<\/li>\n<li>Compatible con Keeler K-LED<\/li>\n<\/ul>\n<p>El plazo de entrega est\u00e1ndar para estos productos es de 2 a 3 d\u00edas, sujeto a disponibilidad.<\/p>\n<p>Se confirmar\u00e1n m\u00e1s detalles de la entrega una vez que se haya procesado su pedido.<\/p>\n","protected":false},"featured_media":635,"template":"","meta":{"_acf_changed":false},"product_brand":[],"product_cat":[108],"product_tag":[],"class_list":{"0":"post-1322","1":"product","2":"type-product","3":"status-publish","4":"has-post-thumbnail","6":"product_cat-lupas-de-alta-resolucion","8":"first","9":"instock","10":"taxable","11":"shipping-taxable","12":"purchasable","13":"product-type-variable"},"acf":[],"_links":{"self":[{"href":"https:\/\/shop.keelerglobal.com\/es\/wp-json\/wp\/v2\/product\/1322","targetHints":{"allow":["GET"]}}],"collection":[{"href":"https:\/\/shop.keelerglobal.com\/es\/wp-json\/wp\/v2\/product"}],"about":[{"href":"https:\/\/shop.keelerglobal.com\/es\/wp-json\/wp\/v2\/types\/product"}],"wp:featuredmedia":[{"embeddable":true,"href":"https:\/\/shop.keelerglobal.com\/es\/wp-json\/wp\/v2\/media\/635"}],"wp:attachment":[{"href":"https:\/\/shop.keelerglobal.com\/es\/wp-json\/wp\/v2\/media?parent=1322"}],"wp:term":[{"taxonomy":"product_brand","embeddable":true,"href":"https:\/\/shop.keelerglobal.com\/es\/wp-json\/wp\/v2\/product_brand?post=1322"},{"taxonomy":"product_cat","embeddable":true,"href":"https:\/\/shop.keelerglobal.com\/es\/wp-json\/wp\/v2\/product_cat?post=1322"},{"taxonomy":"product_tag","embeddable":true,"href":"https:\/\/shop.keelerglobal.com\/es\/wp-json\/wp\/v2\/product_tag?post=1322"}],"curies":[{"name":"wp","href":"https:\/\/api.w.org\/{rel}","templated":true}]}}