{"id":1315,"date":"2025-10-07T13:15:28","date_gmt":"2025-10-07T12:15:28","guid":{"rendered":"https:\/\/shop.keelerglobal.com\/product\/v3miranf\/"},"modified":"2025-10-07T13:15:28","modified_gmt":"2025-10-07T12:15:28","slug":"v3miranf","status":"publish","type":"product","link":"https:\/\/shop.keelerglobal.com\/es\/producto\/v3miranf\/","title":{"rendered":"V3MIRANF+"},"content":{"rendered":"","protected":false},"excerpt":{"rendered":"<p>Obtenga las mismas vistas que nuestras lentes de gonioscopia G-3, pero con el beneficio adicional de un dise\u00f1o acr\u00edlico ligero. Ideal para la visualizaci\u00f3n anterior, perif\u00e9rica y ecuatorial, la lente Volk de 3 espejos viene sin recubrimiento (consulte V3MIR) para ex\u00e1menes de diagn\u00f3stico y recubierta (V3MIRANF+) para su uso con l\u00e1seres. Esta opci\u00f3n avanzada de brida sin fluido (ANF+) solo necesita un fluido de acoplamiento durante los tratamientos con l\u00e1ser.  <\/p>\n<p>Caracter\u00edsticas:<\/p>\n<ul>\n<li>Campos de visi\u00f3n de 60\u00b0\/66\u00b0\/76\u00b0<\/li>\n<li>Punto l\u00e1ser de 1,11x<\/li>\n<li>Aumento de imagen de 0,90x<\/li>\n<li>Di\u00e1metro de contacto de 18 mm (ANF+)<\/li>\n<\/ul>\n<p>El plazo de entrega est\u00e1ndar para este producto es de 2-3 d\u00edas, sujeto a disponibilidad.<\/p>\n<p>Se confirmar\u00e1n m\u00e1s detalles de la entrega una vez que se haya procesado su pedido.<\/p>\n","protected":false},"featured_media":477,"template":"","meta":{"_acf_changed":false},"product_brand":[],"product_cat":[113],"product_tag":[],"class_list":{"0":"post-1315","1":"product","2":"type-product","3":"status-publish","4":"has-post-thumbnail","6":"product_cat-lentes-de-gonioscopia","8":"first","9":"instock","10":"taxable","11":"shipping-taxable","12":"purchasable","13":"product-type-simple"},"acf":[],"_links":{"self":[{"href":"https:\/\/shop.keelerglobal.com\/es\/wp-json\/wp\/v2\/product\/1315","targetHints":{"allow":["GET"]}}],"collection":[{"href":"https:\/\/shop.keelerglobal.com\/es\/wp-json\/wp\/v2\/product"}],"about":[{"href":"https:\/\/shop.keelerglobal.com\/es\/wp-json\/wp\/v2\/types\/product"}],"wp:featuredmedia":[{"embeddable":true,"href":"https:\/\/shop.keelerglobal.com\/es\/wp-json\/wp\/v2\/media\/477"}],"wp:attachment":[{"href":"https:\/\/shop.keelerglobal.com\/es\/wp-json\/wp\/v2\/media?parent=1315"}],"wp:term":[{"taxonomy":"product_brand","embeddable":true,"href":"https:\/\/shop.keelerglobal.com\/es\/wp-json\/wp\/v2\/product_brand?post=1315"},{"taxonomy":"product_cat","embeddable":true,"href":"https:\/\/shop.keelerglobal.com\/es\/wp-json\/wp\/v2\/product_cat?post=1315"},{"taxonomy":"product_tag","embeddable":true,"href":"https:\/\/shop.keelerglobal.com\/es\/wp-json\/wp\/v2\/product_tag?post=1315"}],"curies":[{"name":"wp","href":"https:\/\/api.w.org\/{rel}","templated":true}]}}