{"id":1309,"date":"2025-10-07T13:26:22","date_gmt":"2025-10-07T12:26:22","guid":{"rendered":"https:\/\/shop.keelerglobal.com\/product\/lente-volk-20d-v20lc\/"},"modified":"2025-10-07T13:26:22","modified_gmt":"2025-10-07T12:26:22","slug":"lente-volk-20d-v20lc","status":"publish","type":"product","link":"https:\/\/shop.keelerglobal.com\/es\/producto\/lente-volk-20d-v20lc\/","title":{"rendered":"Lente Volk 20D &#8211; V20LC"},"content":{"rendered":"","protected":false},"excerpt":{"rendered":"<p>La lente de diagn\u00f3stico l\u00e1ser 20D de Volk, que ofrece las mejores im\u00e1genes retinianas posibles desde una lente de 20 dioptr\u00edas, est\u00e1 perfectamente corregida para la curvatura de campo, las aberraciones astigm\u00e1ticas y el coma. Su avanzado dise\u00f1o asf\u00e9rico doble mantiene la ampliaci\u00f3n lineal de la imagen y una claridad de imagen perfecta en todo el campo de visi\u00f3n para ex\u00e1menes de fondo de ojo insuperables. <\/p>\n<p>Caracter\u00edsticas:<\/p>\n<ul>\n<li>Campo de visi\u00f3n de 46-60\u00b0<\/li>\n<li>Punto l\u00e1ser de 0,32x<\/li>\n<li>Ampliaci\u00f3n de imagen de 3,13x<\/li>\n<li>Distancia de trabajo de 50 mm<\/li>\n<\/ul>\n<p>El plazo de entrega est\u00e1ndar para este producto es de 2-3 d\u00edas, sujeto a disponibilidad.<\/p>\n<p>Se confirmar\u00e1n m\u00e1s detalles de la entrega una vez que se haya procesado su pedido.<\/p>\n","protected":false},"featured_media":779,"template":"","meta":{"_acf_changed":false},"product_brand":[],"product_cat":[112],"product_tag":[],"class_list":{"0":"post-1309","1":"product","2":"type-product","3":"status-publish","4":"has-post-thumbnail","6":"product_cat-lentes-binoculares-indirectas","8":"first","9":"instock","10":"taxable","11":"shipping-taxable","12":"purchasable","13":"product-type-simple"},"acf":[],"_links":{"self":[{"href":"https:\/\/shop.keelerglobal.com\/es\/wp-json\/wp\/v2\/product\/1309","targetHints":{"allow":["GET"]}}],"collection":[{"href":"https:\/\/shop.keelerglobal.com\/es\/wp-json\/wp\/v2\/product"}],"about":[{"href":"https:\/\/shop.keelerglobal.com\/es\/wp-json\/wp\/v2\/types\/product"}],"wp:featuredmedia":[{"embeddable":true,"href":"https:\/\/shop.keelerglobal.com\/es\/wp-json\/wp\/v2\/media\/779"}],"wp:attachment":[{"href":"https:\/\/shop.keelerglobal.com\/es\/wp-json\/wp\/v2\/media?parent=1309"}],"wp:term":[{"taxonomy":"product_brand","embeddable":true,"href":"https:\/\/shop.keelerglobal.com\/es\/wp-json\/wp\/v2\/product_brand?post=1309"},{"taxonomy":"product_cat","embeddable":true,"href":"https:\/\/shop.keelerglobal.com\/es\/wp-json\/wp\/v2\/product_cat?post=1309"},{"taxonomy":"product_tag","embeddable":true,"href":"https:\/\/shop.keelerglobal.com\/es\/wp-json\/wp\/v2\/product_tag?post=1309"}],"curies":[{"name":"wp","href":"https:\/\/api.w.org\/{rel}","templated":true}]}}