{"id":1302,"date":"2025-10-07T13:28:23","date_gmt":"2025-10-07T12:28:23","guid":{"rendered":"https:\/\/shop.keelerglobal.com\/product\/volk-pan-retinal-2-2-vprc\/"},"modified":"2025-10-07T13:28:23","modified_gmt":"2025-10-07T12:28:23","slug":"volk-pan-retinal-2-2-vprc","status":"publish","type":"product","link":"https:\/\/shop.keelerglobal.com\/es\/producto\/volk-pan-retinal-2-2-vprc\/","title":{"rendered":"Volk Pan Retinal 2.2 &#8211; VPRC"},"content":{"rendered":"","protected":false},"excerpt":{"rendered":"<p>Excelente para pr\u00e1cticamente cualquier procedimiento de exploraci\u00f3n, incluidas las exploraciones de pupilas peque\u00f1as. La Pan Retinal 2.2 combina de forma \u00fanica una ampliaci\u00f3n casi igual a la de la lente 20D con un campo de visi\u00f3n similar al de la lente 30D. <\/p>\n<p>Caracter\u00edsticas:<\/p>\n<ul>\n<li>Campo de visi\u00f3n de 66-73\u00b0<\/li>\n<li>Punto l\u00e1ser de 0,37x<\/li>\n<li>Ampliaci\u00f3n de imagen de 2,68x<\/li>\n<li>Distancia de trabajo de 40 mm<\/li>\n<\/ul>\n<p>El plazo de entrega est\u00e1ndar para este producto es de 2-3 d\u00edas, sujeto a disponibilidad.<\/p>\n<p>Se confirmar\u00e1n m\u00e1s detalles de la entrega una vez que se haya procesado su pedido.<\/p>\n","protected":false},"featured_media":483,"template":"","meta":{"_acf_changed":false},"product_brand":[],"product_cat":[112],"product_tag":[],"class_list":{"0":"post-1302","1":"product","2":"type-product","3":"status-publish","4":"has-post-thumbnail","6":"product_cat-lentes-binoculares-indirectas","8":"first","9":"instock","10":"taxable","11":"shipping-taxable","12":"purchasable","13":"product-type-simple"},"acf":[],"_links":{"self":[{"href":"https:\/\/shop.keelerglobal.com\/es\/wp-json\/wp\/v2\/product\/1302","targetHints":{"allow":["GET"]}}],"collection":[{"href":"https:\/\/shop.keelerglobal.com\/es\/wp-json\/wp\/v2\/product"}],"about":[{"href":"https:\/\/shop.keelerglobal.com\/es\/wp-json\/wp\/v2\/types\/product"}],"wp:featuredmedia":[{"embeddable":true,"href":"https:\/\/shop.keelerglobal.com\/es\/wp-json\/wp\/v2\/media\/483"}],"wp:attachment":[{"href":"https:\/\/shop.keelerglobal.com\/es\/wp-json\/wp\/v2\/media?parent=1302"}],"wp:term":[{"taxonomy":"product_brand","embeddable":true,"href":"https:\/\/shop.keelerglobal.com\/es\/wp-json\/wp\/v2\/product_brand?post=1302"},{"taxonomy":"product_cat","embeddable":true,"href":"https:\/\/shop.keelerglobal.com\/es\/wp-json\/wp\/v2\/product_cat?post=1302"},{"taxonomy":"product_tag","embeddable":true,"href":"https:\/\/shop.keelerglobal.com\/es\/wp-json\/wp\/v2\/product_tag?post=1302"}],"curies":[{"name":"wp","href":"https:\/\/api.w.org\/{rel}","templated":true}]}}