{"id":1298,"date":"2025-10-07T13:30:49","date_gmt":"2025-10-07T12:30:49","guid":{"rendered":"https:\/\/shop.keelerglobal.com\/product\/lente-volk-28d-v28lc\/"},"modified":"2025-10-07T13:30:49","modified_gmt":"2025-10-07T12:30:49","slug":"lente-volk-28d-v28lc","status":"publish","type":"product","link":"https:\/\/shop.keelerglobal.com\/es\/producto\/lente-volk-28d-v28lc\/","title":{"rendered":"Lente Volk 28D &#8211; V28LC"},"content":{"rendered":"","protected":false},"excerpt":{"rendered":"<p>Excelente para el diagn\u00f3stico y tratamiento de pupilas peque\u00f1as, la lente de oftalmoscopio indirecto 28D de Volk ofrece una excelente imagen de la retina y proporciona una resoluci\u00f3n excepcional y capacidades de exploraci\u00f3n del fondo de ojo.<\/p>\n<p>Caracter\u00edsticas:<\/p>\n<ul>\n<li>Campo de visi\u00f3n de 53-69\u00b0<\/li>\n<li>Punto l\u00e1ser de 0,44x<\/li>\n<li>Aumento de imagen de 2,27x<\/li>\n<li>Distancia de trabajo de 33 mm<\/li>\n<\/ul>\n<p>El plazo de entrega est\u00e1ndar para este producto es de 2-3 d\u00edas, sujeto a disponibilidad.<\/p>\n<p>Se confirmar\u00e1n m\u00e1s detalles de la entrega una vez que se haya procesado su pedido.<\/p>\n","protected":false},"featured_media":485,"template":"","meta":{"_acf_changed":false},"product_brand":[],"product_cat":[112],"product_tag":[],"class_list":{"0":"post-1298","1":"product","2":"type-product","3":"status-publish","4":"has-post-thumbnail","6":"product_cat-lentes-binoculares-indirectas","8":"first","9":"instock","10":"taxable","11":"shipping-taxable","12":"purchasable","13":"product-type-simple"},"acf":[],"_links":{"self":[{"href":"https:\/\/shop.keelerglobal.com\/es\/wp-json\/wp\/v2\/product\/1298","targetHints":{"allow":["GET"]}}],"collection":[{"href":"https:\/\/shop.keelerglobal.com\/es\/wp-json\/wp\/v2\/product"}],"about":[{"href":"https:\/\/shop.keelerglobal.com\/es\/wp-json\/wp\/v2\/types\/product"}],"wp:featuredmedia":[{"embeddable":true,"href":"https:\/\/shop.keelerglobal.com\/es\/wp-json\/wp\/v2\/media\/485"}],"wp:attachment":[{"href":"https:\/\/shop.keelerglobal.com\/es\/wp-json\/wp\/v2\/media?parent=1298"}],"wp:term":[{"taxonomy":"product_brand","embeddable":true,"href":"https:\/\/shop.keelerglobal.com\/es\/wp-json\/wp\/v2\/product_brand?post=1298"},{"taxonomy":"product_cat","embeddable":true,"href":"https:\/\/shop.keelerglobal.com\/es\/wp-json\/wp\/v2\/product_cat?post=1298"},{"taxonomy":"product_tag","embeddable":true,"href":"https:\/\/shop.keelerglobal.com\/es\/wp-json\/wp\/v2\/product_tag?post=1298"}],"curies":[{"name":"wp","href":"https:\/\/api.w.org\/{rel}","templated":true}]}}