{"id":1295,"date":"2025-10-07T13:36:33","date_gmt":"2025-10-07T12:36:33","guid":{"rendered":"https:\/\/shop.keelerglobal.com\/product\/lente-volk-superquad-160-vsquad160\/"},"modified":"2025-10-07T13:36:33","modified_gmt":"2025-10-07T12:36:33","slug":"lente-volk-superquad-160-vsquad160","status":"publish","type":"product","link":"https:\/\/shop.keelerglobal.com\/es\/producto\/lente-volk-superquad-160-vsquad160\/","title":{"rendered":"Lente Volk SuperQuad 160 &#8211; VSQUAD160"},"content":{"rendered":"","protected":false},"excerpt":{"rendered":"<p>La SuperQuad 160 de Volk sigue ofreciendo el campo de visi\u00f3n m\u00e1s amplio de todas las lentes jam\u00e1s fabricadas. Proporciona una visualizaci\u00f3n simult\u00e1nea del polo posterior a la retina perif\u00e9rica, ofreciendo un mayor margen de seguridad durante la panfotocoagulaci\u00f3n retiniana. <\/p>\n<p>La SuperQuad 160 es la lente ideal para la visualizaci\u00f3n y el tratamiento de la retinopat\u00eda diab\u00e9tica proliferativa, la oclusi\u00f3n isqu\u00e9mica de la vena retiniana y los agujeros y desgarros retinianos perif\u00e9ricos. El borde de contacto se ha dise\u00f1ado para la comodidad del paciente y la facilidad de aplicaci\u00f3n y extracci\u00f3n. <\/p>\n<p>Caracter\u00edsticas:<\/p>\n<ul>\n<li>Campo de visi\u00f3n de 160-165\u00b0<\/li>\n<li>Punto l\u00e1ser de 2,0x<\/li>\n<li>Aumento de imagen de 0,5x<\/li>\n<li>Calidad de imagen del fondo de ojo n\u00edtida y sin distorsiones<\/li>\n<li>Mayor comodidad para el paciente y facilidad de aplicaci\u00f3n<\/li>\n<\/ul>\n<p>El plazo de entrega est\u00e1ndar para este producto es de 2-3 d\u00edas, sujeto a disponibilidad.<\/p>\n<p>Se confirmar\u00e1n m\u00e1s detalles de la entrega una vez que se haya procesado su pedido.<\/p>\n","protected":false},"featured_media":489,"template":"","meta":{"_acf_changed":false},"product_brand":[],"product_cat":[114],"product_tag":[],"class_list":{"0":"post-1295","1":"product","2":"type-product","3":"status-publish","4":"has-post-thumbnail","6":"product_cat-lentes-laser","8":"first","9":"instock","10":"taxable","11":"shipping-taxable","12":"purchasable","13":"product-type-simple"},"acf":[],"_links":{"self":[{"href":"https:\/\/shop.keelerglobal.com\/es\/wp-json\/wp\/v2\/product\/1295","targetHints":{"allow":["GET"]}}],"collection":[{"href":"https:\/\/shop.keelerglobal.com\/es\/wp-json\/wp\/v2\/product"}],"about":[{"href":"https:\/\/shop.keelerglobal.com\/es\/wp-json\/wp\/v2\/types\/product"}],"wp:featuredmedia":[{"embeddable":true,"href":"https:\/\/shop.keelerglobal.com\/es\/wp-json\/wp\/v2\/media\/489"}],"wp:attachment":[{"href":"https:\/\/shop.keelerglobal.com\/es\/wp-json\/wp\/v2\/media?parent=1295"}],"wp:term":[{"taxonomy":"product_brand","embeddable":true,"href":"https:\/\/shop.keelerglobal.com\/es\/wp-json\/wp\/v2\/product_brand?post=1295"},{"taxonomy":"product_cat","embeddable":true,"href":"https:\/\/shop.keelerglobal.com\/es\/wp-json\/wp\/v2\/product_cat?post=1295"},{"taxonomy":"product_tag","embeddable":true,"href":"https:\/\/shop.keelerglobal.com\/es\/wp-json\/wp\/v2\/product_tag?post=1295"}],"curies":[{"name":"wp","href":"https:\/\/api.w.org\/{rel}","templated":true}]}}