{"id":1285,"date":"2025-10-07T12:05:10","date_gmt":"2025-10-07T11:05:10","guid":{"rendered":"https:\/\/shop.keelerglobal.com\/product\/tonometro-de-aplanacion-kat-tipo-t\/"},"modified":"2025-10-07T12:05:10","modified_gmt":"2025-10-07T11:05:10","slug":"tonometro-de-aplanacion-kat-tipo-t","status":"publish","type":"product","link":"https:\/\/shop.keelerglobal.com\/es\/producto\/tonometro-de-aplanacion-kat-tipo-t\/","title":{"rendered":"Ton\u00f3metro de aplanaci\u00f3n KAT (tipo T)"},"content":{"rendered":"","protected":false},"excerpt":{"rendered":"<p>Descubra la fiabilidad de un ton\u00f3metro de aplanaci\u00f3n Keeler (KAT), que utiliza el m\u00e9todo de Goldmann para medir la presi\u00f3n intraocular (PIO), como ayuda en el cribado y el diagn\u00f3stico del glaucoma. Como dispositivo de medici\u00f3n tipo T para l\u00e1mparas de hendidura estilo H con iluminaci\u00f3n de torre, esta unidad se puede montar con una placa gu\u00eda, lo que la hace totalmente extra\u00edble para un uso m\u00e1s amplio en una consulta con m\u00faltiples l\u00e1mparas de hendidura. <\/p>\n<p>Para uso exclusivo por profesionales sanitarios debidamente formados y autorizados.<\/p>\n<p>Caracter\u00edsticas:<\/p>\n<ul>\n<li>Mida con precisi\u00f3n la presi\u00f3n intraocular (PIO)<\/li>\n<li>F\u00e1cil de usar<\/li>\n<li>Dise\u00f1ado, fabricado y ensamblado a mano en el Reino Unido<\/li>\n<li>Componentes mecanizados de precisi\u00f3n de alta calidad | Excepcional red global de servicio y soporte t\u00e9cnico<\/li>\n<li>Unidad anal\u00f3gica sin necesidad de suministro el\u00e9ctrico<\/li>\n<\/ul>\n<p>El plazo de entrega est\u00e1ndar para este producto es de 2-3 d\u00edas, sujeto a disponibilidad.<\/p>\n<p>Se confirmar\u00e1n m\u00e1s detalles de la entrega una vez que se haya procesado su pedido.<\/p>\n","protected":false},"featured_media":410,"template":"","meta":{"_acf_changed":false},"product_brand":[],"product_cat":[101],"product_tag":[],"class_list":{"0":"post-1285","1":"product","2":"type-product","3":"status-publish","4":"has-post-thumbnail","6":"product_cat-contacto-tonometros-y-accesorios","8":"first","9":"instock","10":"taxable","11":"shipping-taxable","12":"purchasable","13":"product-type-simple"},"acf":[],"_links":{"self":[{"href":"https:\/\/shop.keelerglobal.com\/es\/wp-json\/wp\/v2\/product\/1285","targetHints":{"allow":["GET"]}}],"collection":[{"href":"https:\/\/shop.keelerglobal.com\/es\/wp-json\/wp\/v2\/product"}],"about":[{"href":"https:\/\/shop.keelerglobal.com\/es\/wp-json\/wp\/v2\/types\/product"}],"wp:featuredmedia":[{"embeddable":true,"href":"https:\/\/shop.keelerglobal.com\/es\/wp-json\/wp\/v2\/media\/410"}],"wp:attachment":[{"href":"https:\/\/shop.keelerglobal.com\/es\/wp-json\/wp\/v2\/media?parent=1285"}],"wp:term":[{"taxonomy":"product_brand","embeddable":true,"href":"https:\/\/shop.keelerglobal.com\/es\/wp-json\/wp\/v2\/product_brand?post=1285"},{"taxonomy":"product_cat","embeddable":true,"href":"https:\/\/shop.keelerglobal.com\/es\/wp-json\/wp\/v2\/product_cat?post=1285"},{"taxonomy":"product_tag","embeddable":true,"href":"https:\/\/shop.keelerglobal.com\/es\/wp-json\/wp\/v2\/product_tag?post=1285"}],"curies":[{"name":"wp","href":"https:\/\/api.w.org\/{rel}","templated":true}]}}