{"id":1280,"date":"2025-10-07T12:46:34","date_gmt":"2025-10-07T11:46:34","guid":{"rendered":"https:\/\/shop.keelerglobal.com\/product\/sistema-de-iluminacion-k-led-ii\/"},"modified":"2025-10-07T12:46:34","modified_gmt":"2025-10-07T11:46:34","slug":"sistema-de-iluminacion-k-led-ii","status":"publish","type":"product","link":"https:\/\/shop.keelerglobal.com\/es\/producto\/sistema-de-iluminacion-k-led-ii\/","title":{"rendered":"Sistema de iluminaci\u00f3n K-LED II"},"content":{"rendered":"","protected":false},"excerpt":{"rendered":"<p>Un potente sistema de iluminaci\u00f3n para lupas que se engancha r\u00e1pida y f\u00e1cilmente a la barra de las lupas. Con 34 000 lux de luz blanca o amarilla homog\u00e9nea, es ideal tanto para uso quir\u00fargico como dental, ya que la iluminaci\u00f3n coaxial garantiza una visi\u00f3n sin sombras. El LED ligero ofrece 50 000 horas de funcionamiento y la bater\u00eda de litio completamente cargada durar\u00e1 cuatro horas entre cargas.  <\/p>\n<p>Caracter\u00edsticas:<\/p>\n<ul>\n<li>Tecnolog\u00eda LED 34 000 lux de luz blanca o amarilla<\/li>\n<li>Se adapta a todas las lupas Keeler<\/li>\n<li>Ligero y ultraport\u00e1til<\/li>\n<\/ul>\n<p>El plazo de entrega est\u00e1ndar para estos productos es de 2 a 3 d\u00edas, sujeto a disponibilidad. Se confirmar\u00e1n m\u00e1s detalles de la entrega una vez que se haya procesado su pedido.<\/p>\n","protected":false},"featured_media":458,"template":"","meta":{"_acf_changed":false},"product_brand":[],"product_cat":[109],"product_tag":[],"class_list":{"0":"post-1280","1":"product","2":"type-product","3":"status-publish","4":"has-post-thumbnail","6":"product_cat-accesorios-para-lupas","8":"first","9":"instock","10":"taxable","11":"shipping-taxable","12":"purchasable","13":"product-type-simple"},"acf":[],"_links":{"self":[{"href":"https:\/\/shop.keelerglobal.com\/es\/wp-json\/wp\/v2\/product\/1280","targetHints":{"allow":["GET"]}}],"collection":[{"href":"https:\/\/shop.keelerglobal.com\/es\/wp-json\/wp\/v2\/product"}],"about":[{"href":"https:\/\/shop.keelerglobal.com\/es\/wp-json\/wp\/v2\/types\/product"}],"wp:featuredmedia":[{"embeddable":true,"href":"https:\/\/shop.keelerglobal.com\/es\/wp-json\/wp\/v2\/media\/458"}],"wp:attachment":[{"href":"https:\/\/shop.keelerglobal.com\/es\/wp-json\/wp\/v2\/media?parent=1280"}],"wp:term":[{"taxonomy":"product_brand","embeddable":true,"href":"https:\/\/shop.keelerglobal.com\/es\/wp-json\/wp\/v2\/product_brand?post=1280"},{"taxonomy":"product_cat","embeddable":true,"href":"https:\/\/shop.keelerglobal.com\/es\/wp-json\/wp\/v2\/product_cat?post=1280"},{"taxonomy":"product_tag","embeddable":true,"href":"https:\/\/shop.keelerglobal.com\/es\/wp-json\/wp\/v2\/product_tag?post=1280"}],"curies":[{"name":"wp","href":"https:\/\/api.w.org\/{rel}","templated":true}]}}