{"id":1277,"date":"2025-10-07T12:57:35","date_gmt":"2025-10-07T11:57:35","guid":{"rendered":"https:\/\/shop.keelerglobal.com\/product\/lente-volk-90d-v90c\/"},"modified":"2025-10-07T12:57:35","modified_gmt":"2025-10-07T11:57:35","slug":"lente-volk-90d-v90c","status":"publish","type":"product","link":"https:\/\/shop.keelerglobal.com\/es\/producto\/lente-volk-90d-v90c\/","title":{"rendered":"Lente Volk 90D &#8211; V90C"},"content":{"rendered":"","protected":false},"excerpt":{"rendered":"<p>La lente Volk 90D original presenta un dise\u00f1o de anillo peque\u00f1o de 26 mm de di\u00e1metro que es excepcional para la fundoscopia din\u00e1mica. Su dise\u00f1o \u00f3ptico asf\u00e9rico doble ampl\u00eda considerablemente el campo de visi\u00f3n utilizable, ofreciendo excelentes vistas incluso cuando las pupilas son peque\u00f1as. <\/p>\n<p>Caracter\u00edsticas:<\/p>\n<ul>\n<li>Di\u00e1metro de 26 mm<\/li>\n<li>Campo de visi\u00f3n de 74-89\u00b0<\/li>\n<li>Punto l\u00e1ser de 1,32x<\/li>\n<li>Aumento de imagen de 76x<\/li>\n<li>Distancia de trabajo de 7 mm<\/li>\n<\/ul>\n<p>El plazo de entrega est\u00e1ndar para este producto es de 2-3 d\u00edas, sujeto a disponibilidad. Se confirmar\u00e1n m\u00e1s detalles de la entrega una vez que se haya procesado su pedido.<\/p>\n","protected":false},"featured_media":463,"template":"","meta":{"_acf_changed":false},"product_brand":[],"product_cat":[115],"product_tag":[],"class_list":{"0":"post-1277","1":"product","2":"type-product","3":"status-publish","4":"has-post-thumbnail","6":"product_cat-lentes-de-lampara-de-hendidura","8":"first","9":"instock","10":"taxable","11":"shipping-taxable","12":"purchasable","13":"product-type-simple"},"acf":[],"_links":{"self":[{"href":"https:\/\/shop.keelerglobal.com\/es\/wp-json\/wp\/v2\/product\/1277","targetHints":{"allow":["GET"]}}],"collection":[{"href":"https:\/\/shop.keelerglobal.com\/es\/wp-json\/wp\/v2\/product"}],"about":[{"href":"https:\/\/shop.keelerglobal.com\/es\/wp-json\/wp\/v2\/types\/product"}],"wp:featuredmedia":[{"embeddable":true,"href":"https:\/\/shop.keelerglobal.com\/es\/wp-json\/wp\/v2\/media\/463"}],"wp:attachment":[{"href":"https:\/\/shop.keelerglobal.com\/es\/wp-json\/wp\/v2\/media?parent=1277"}],"wp:term":[{"taxonomy":"product_brand","embeddable":true,"href":"https:\/\/shop.keelerglobal.com\/es\/wp-json\/wp\/v2\/product_brand?post=1277"},{"taxonomy":"product_cat","embeddable":true,"href":"https:\/\/shop.keelerglobal.com\/es\/wp-json\/wp\/v2\/product_cat?post=1277"},{"taxonomy":"product_tag","embeddable":true,"href":"https:\/\/shop.keelerglobal.com\/es\/wp-json\/wp\/v2\/product_tag?post=1277"}],"curies":[{"name":"wp","href":"https:\/\/api.w.org\/{rel}","templated":true}]}}