{"id":1274,"date":"2025-10-07T13:02:07","date_gmt":"2025-10-07T12:02:07","guid":{"rendered":"https:\/\/shop.keelerglobal.com\/product\/lente-volk-superfield-vsfnc\/"},"modified":"2025-10-07T13:02:07","modified_gmt":"2025-10-07T12:02:07","slug":"lente-volk-superfield-vsfnc","status":"publish","type":"product","link":"https:\/\/shop.keelerglobal.com\/es\/producto\/lente-volk-superfield-vsfnc\/","title":{"rendered":"Lente Volk SuperField &#8211; VSFNC"},"content":{"rendered":"","protected":false},"excerpt":{"rendered":"<p>La SuperField de Volk se ha convertido en la lente de fondo de ojo favorita del sector, debido a su practicidad y alta resoluci\u00f3n. Su aumento de 0,76x y su amplio campo de visi\u00f3n la convierten en la lente de diagn\u00f3stico perfecta para los ex\u00e1menes de fondo de ojo con l\u00e1mpara de hendidura.<\/p>\n<p>Caracter\u00edsticas:<\/p>\n<ul>\n<li>Di\u00e1metro de 30,2 mm<\/li>\n<li>Campo de visi\u00f3n de 95-116\u00b0<\/li>\n<li>Punto l\u00e1ser de 1,3x<\/li>\n<li>Aumento de imagen de 0,76x<\/li>\n<li>Distancia de trabajo de 7 mm<\/li>\n<\/ul>\n<p>El plazo de entrega est\u00e1ndar para este producto es de 2-3 d\u00edas, sujeto a disponibilidad. Se confirmar\u00e1n m\u00e1s detalles de la entrega una vez que se haya procesado su pedido.<\/p>\n","protected":false},"featured_media":465,"template":"","meta":{"_acf_changed":false},"product_brand":[],"product_cat":[115],"product_tag":[],"class_list":{"0":"post-1274","1":"product","2":"type-product","3":"status-publish","4":"has-post-thumbnail","6":"product_cat-lentes-de-lampara-de-hendidura","8":"first","9":"instock","10":"taxable","11":"shipping-taxable","12":"purchasable","13":"product-type-simple"},"acf":[],"_links":{"self":[{"href":"https:\/\/shop.keelerglobal.com\/es\/wp-json\/wp\/v2\/product\/1274","targetHints":{"allow":["GET"]}}],"collection":[{"href":"https:\/\/shop.keelerglobal.com\/es\/wp-json\/wp\/v2\/product"}],"about":[{"href":"https:\/\/shop.keelerglobal.com\/es\/wp-json\/wp\/v2\/types\/product"}],"wp:featuredmedia":[{"embeddable":true,"href":"https:\/\/shop.keelerglobal.com\/es\/wp-json\/wp\/v2\/media\/465"}],"wp:attachment":[{"href":"https:\/\/shop.keelerglobal.com\/es\/wp-json\/wp\/v2\/media?parent=1274"}],"wp:term":[{"taxonomy":"product_brand","embeddable":true,"href":"https:\/\/shop.keelerglobal.com\/es\/wp-json\/wp\/v2\/product_brand?post=1274"},{"taxonomy":"product_cat","embeddable":true,"href":"https:\/\/shop.keelerglobal.com\/es\/wp-json\/wp\/v2\/product_cat?post=1274"},{"taxonomy":"product_tag","embeddable":true,"href":"https:\/\/shop.keelerglobal.com\/es\/wp-json\/wp\/v2\/product_tag?post=1274"}],"curies":[{"name":"wp","href":"https:\/\/api.w.org\/{rel}","templated":true}]}}