{"id":1271,"date":"2025-10-07T13:38:37","date_gmt":"2025-10-07T12:38:37","guid":{"rendered":"https:\/\/shop.keelerglobal.com\/product\/lente-de-iridectomia-volk-virid\/"},"modified":"2025-10-07T13:38:37","modified_gmt":"2025-10-07T12:38:37","slug":"lente-de-iridectomia-volk-virid","status":"publish","type":"product","link":"https:\/\/shop.keelerglobal.com\/es\/producto\/lente-de-iridectomia-volk-virid\/","title":{"rendered":"Lente de iridectom\u00eda Volk &#8211; VIRID"},"content":{"rendered":"","protected":false},"excerpt":{"rendered":"<p>La lente de iridectom\u00eda Volk, ideal para procedimientos de iridectom\u00eda est\u00e1ndar, cuenta con una bombilla de imagen de 8 mm que ofrece la vista a la que est\u00e1 acostumbrado, pero con el beneficio adicional del dise\u00f1o asf\u00e9rico doble exclusivo de Volk y LaserWindow para una transmisi\u00f3n \u00f3ptima del haz l\u00e1ser y protecci\u00f3n del elemento de imagen.<\/p>\n<p>Caracter\u00edsticas:<\/p>\n<ul>\n<li>Punto l\u00e1ser de 0,58x<\/li>\n<li>Aumento de imagen de 1,7x<\/li>\n<li>Lente de contacto<\/li>\n<li>\u00d3ptica asf\u00e9rica doble<\/li>\n<li>Protecci\u00f3n LaserWindow<\/li>\n<\/ul>\n<p>El plazo de entrega est\u00e1ndar para este producto es de 2-3 d\u00edas, sujeto a disponibilidad.<\/p>\n<p>Se confirmar\u00e1n m\u00e1s detalles de la entrega una vez que se haya procesado su pedido.<\/p>\n","protected":false},"featured_media":511,"template":"","meta":{"_acf_changed":false},"product_brand":[],"product_cat":[114],"product_tag":[],"class_list":{"0":"post-1271","1":"product","2":"type-product","3":"status-publish","4":"has-post-thumbnail","6":"product_cat-lentes-laser","8":"first","9":"instock","10":"taxable","11":"shipping-taxable","12":"purchasable","13":"product-type-simple"},"acf":[],"_links":{"self":[{"href":"https:\/\/shop.keelerglobal.com\/es\/wp-json\/wp\/v2\/product\/1271","targetHints":{"allow":["GET"]}}],"collection":[{"href":"https:\/\/shop.keelerglobal.com\/es\/wp-json\/wp\/v2\/product"}],"about":[{"href":"https:\/\/shop.keelerglobal.com\/es\/wp-json\/wp\/v2\/types\/product"}],"wp:featuredmedia":[{"embeddable":true,"href":"https:\/\/shop.keelerglobal.com\/es\/wp-json\/wp\/v2\/media\/511"}],"wp:attachment":[{"href":"https:\/\/shop.keelerglobal.com\/es\/wp-json\/wp\/v2\/media?parent=1271"}],"wp:term":[{"taxonomy":"product_brand","embeddable":true,"href":"https:\/\/shop.keelerglobal.com\/es\/wp-json\/wp\/v2\/product_brand?post=1271"},{"taxonomy":"product_cat","embeddable":true,"href":"https:\/\/shop.keelerglobal.com\/es\/wp-json\/wp\/v2\/product_cat?post=1271"},{"taxonomy":"product_tag","embeddable":true,"href":"https:\/\/shop.keelerglobal.com\/es\/wp-json\/wp\/v2\/product_tag?post=1271"}],"curies":[{"name":"wp","href":"https:\/\/api.w.org\/{rel}","templated":true}]}}