{"id":1264,"date":"2025-10-07T09:17:15","date_gmt":"2025-10-07T08:17:15","guid":{"rendered":"https:\/\/shop.keelerglobal.com\/product\/oftalmoscopio-led-specialist\/"},"modified":"2025-10-07T09:17:15","modified_gmt":"2025-10-07T08:17:15","slug":"oftalmoscopio-led-specialist","status":"publish","type":"product","link":"https:\/\/shop.keelerglobal.com\/es\/producto\/oftalmoscopio-led-specialist\/","title":{"rendered":"Oftalmoscopio LED Specialist"},"content":{"rendered":"<p>El oftalmoscopio Specialist de Keeler ofrece una claridad excepcional y una excelencia \u00f3ptica, incluyendo un pupil\u00f3metro preciso incorporado, iluminaci\u00f3n LED y la mejor \u00f3ptica de Keeler de su clase. <\/p>\n<p>Se suministra con una bater\u00eda de 3,6 V de serie. <strong>Requiere un cargador para su uso: Elija entre una unidad de carga simple o doble<\/strong> (se vende por separado).<\/p>\n<p>Caracter\u00edsticas:<\/p>\n<ul>\n<li>Dise\u00f1o de cabezal \u00fanico<\/li>\n<li>Pupil\u00f3metro preciso<\/li>\n<li>Haces de diagn\u00f3stico completos<\/li>\n<li>Ligero y equilibrado<\/li>\n<li>Amplio rango de dioptr\u00edas<\/li>\n<li>Iluminaci\u00f3n LED<\/li>\n<li>Filtro azul cobalto<\/li>\n<li>Apto para uso veterinario<\/li>\n<\/ul>\n<p>El plazo de entrega est\u00e1ndar para este producto es de 2-3 d\u00edas, sujeto a disponibilidad. Se confirmar\u00e1n m\u00e1s detalles de la entrega una vez que se haya procesado su pedido.<\/p>\n","protected":false},"excerpt":{"rendered":"<p>El oftalmoscopio Specialist de Keeler ofrece una claridad excepcional y una excelencia \u00f3ptica, incluyendo un pupil\u00f3metro preciso incorporado, iluminaci\u00f3n LED y la mejor \u00f3ptica de Keeler de su clase. Se suministra con una bater\u00eda recargable de 3,6 V de serie. <\/p>\n<p>Elija entre una unidad de carga simple o doble (se venden por separado).<\/p>\n<p>Caracter\u00edsticas:<\/p>\n<ul>\n<li>Dise\u00f1o de cabezal \u00fanico<\/li>\n<li>Pupil\u00f3metro preciso<\/li>\n<li>Haces de diagn\u00f3stico completos<\/li>\n<li>Ligero y equilibrado<\/li>\n<li>Amplio rango de dioptr\u00edas<\/li>\n<li>Iluminaci\u00f3n LED<\/li>\n<li>Filtro azul cobalto<\/li>\n<li>Apto para uso veterinario<\/li>\n<\/ul>\n<p>El plazo de entrega est\u00e1ndar para este producto es de 2-3 d\u00edas, sujeto a disponibilidad. Se confirmar\u00e1n m\u00e1s detalles de la entrega una vez que se haya procesado su pedido.<\/p>\n","protected":false},"featured_media":333,"template":"","meta":{"_acf_changed":false},"product_brand":[],"product_cat":[104],"product_tag":[],"class_list":{"0":"post-1264","1":"product","2":"type-product","3":"status-publish","4":"has-post-thumbnail","6":"product_cat-oftalmoscopios-directos","8":"first","9":"instock","10":"taxable","11":"shipping-taxable","12":"purchasable","13":"product-type-simple"},"acf":[],"_links":{"self":[{"href":"https:\/\/shop.keelerglobal.com\/es\/wp-json\/wp\/v2\/product\/1264","targetHints":{"allow":["GET"]}}],"collection":[{"href":"https:\/\/shop.keelerglobal.com\/es\/wp-json\/wp\/v2\/product"}],"about":[{"href":"https:\/\/shop.keelerglobal.com\/es\/wp-json\/wp\/v2\/types\/product"}],"wp:featuredmedia":[{"embeddable":true,"href":"https:\/\/shop.keelerglobal.com\/es\/wp-json\/wp\/v2\/media\/333"}],"wp:attachment":[{"href":"https:\/\/shop.keelerglobal.com\/es\/wp-json\/wp\/v2\/media?parent=1264"}],"wp:term":[{"taxonomy":"product_brand","embeddable":true,"href":"https:\/\/shop.keelerglobal.com\/es\/wp-json\/wp\/v2\/product_brand?post=1264"},{"taxonomy":"product_cat","embeddable":true,"href":"https:\/\/shop.keelerglobal.com\/es\/wp-json\/wp\/v2\/product_cat?post=1264"},{"taxonomy":"product_tag","embeddable":true,"href":"https:\/\/shop.keelerglobal.com\/es\/wp-json\/wp\/v2\/product_tag?post=1264"}],"curies":[{"name":"wp","href":"https:\/\/api.w.org\/{rel}","templated":true}]}}