{"id":1260,"date":"2025-10-07T11:09:59","date_gmt":"2025-10-07T10:09:59","guid":{"rendered":"https:\/\/shop.keelerglobal.com\/product\/mini-cargador-de-litio\/"},"modified":"2025-10-07T11:09:59","modified_gmt":"2025-10-07T10:09:59","slug":"mini-cargador-de-litio","status":"publish","type":"product","link":"https:\/\/shop.keelerglobal.com\/es\/producto\/mini-cargador-de-litio\/","title":{"rendered":"Mini cargador de litio"},"content":{"rendered":"","protected":false},"excerpt":{"rendered":"<p>Este mini cargador peque\u00f1o y compacto se puede conectar r\u00e1pida y f\u00e1cilmente a la base del mango Keeler, lo que lo convierte en la elecci\u00f3n perfecta para visitas domiciliarias, veterinarios o profesionales en movimiento.<\/p>\n<p>Caracter\u00edsticas:<\/p>\n<ul>\n<li>Carga r\u00e1pida en solo 2 horas<\/li>\n<li>Se puede utilizar mientras se carga la bater\u00eda<\/li>\n<li>Proporciona m\u00e1s de 2 horas de uso continuo<\/li>\n<\/ul>\n<p>El plazo de entrega est\u00e1ndar para este producto es de 2-3 d\u00edas, sujeto a disponibilidad. Se confirmar\u00e1n m\u00e1s detalles de la entrega una vez que se haya procesado su pedido.<\/p>\n","protected":false},"featured_media":375,"template":"","meta":{"_acf_changed":false},"product_brand":[],"product_cat":[105,100],"product_tag":[],"class_list":{"0":"post-1260","1":"product","2":"type-product","3":"status-publish","4":"has-post-thumbnail","6":"product_cat-accesorios-de-mano","7":"product_cat-repuestos-y-accesorios","9":"first","10":"instock","11":"taxable","12":"shipping-taxable","13":"purchasable","14":"product-type-simple"},"acf":[],"_links":{"self":[{"href":"https:\/\/shop.keelerglobal.com\/es\/wp-json\/wp\/v2\/product\/1260","targetHints":{"allow":["GET"]}}],"collection":[{"href":"https:\/\/shop.keelerglobal.com\/es\/wp-json\/wp\/v2\/product"}],"about":[{"href":"https:\/\/shop.keelerglobal.com\/es\/wp-json\/wp\/v2\/types\/product"}],"wp:featuredmedia":[{"embeddable":true,"href":"https:\/\/shop.keelerglobal.com\/es\/wp-json\/wp\/v2\/media\/375"}],"wp:attachment":[{"href":"https:\/\/shop.keelerglobal.com\/es\/wp-json\/wp\/v2\/media?parent=1260"}],"wp:term":[{"taxonomy":"product_brand","embeddable":true,"href":"https:\/\/shop.keelerglobal.com\/es\/wp-json\/wp\/v2\/product_brand?post=1260"},{"taxonomy":"product_cat","embeddable":true,"href":"https:\/\/shop.keelerglobal.com\/es\/wp-json\/wp\/v2\/product_cat?post=1260"},{"taxonomy":"product_tag","embeddable":true,"href":"https:\/\/shop.keelerglobal.com\/es\/wp-json\/wp\/v2\/product_tag?post=1260"}],"curies":[{"name":"wp","href":"https:\/\/api.w.org\/{rel}","templated":true}]}}