{"id":1254,"date":"2025-10-07T11:19:38","date_gmt":"2025-10-07T10:19:38","guid":{"rendered":"https:\/\/shop.keelerglobal.com\/product\/otoscopio-led-practitioner\/"},"modified":"2025-10-07T11:19:38","modified_gmt":"2025-10-07T10:19:38","slug":"otoscopio-led-practitioner","status":"publish","type":"product","link":"https:\/\/shop.keelerglobal.com\/es\/producto\/otoscopio-led-practitioner\/","title":{"rendered":"Otoscopio LED Practitioner"},"content":{"rendered":"","protected":false},"excerpt":{"rendered":"<p>El l\u00edder del sector para uso hospitalario y de medicina general, que ofrece una iluminaci\u00f3n LED intensa para exploraciones de o\u00eddo diagn\u00f3sticas detalladas y mejoradas. <\/p>\n<p>Se suministra con una bater\u00eda de 3,6 V de serie. <strong>Requiere un cargador para su uso: Elija entre una unidad de carga simple o doble<\/strong> (se vende por separado). <\/p>\n<p>Todos los instrumentos port\u00e1tiles de Keeler se benefician de m\u00e1s de un siglo de experiencia en diagn\u00f3stico y se ensamblan a mano en Windsor, Reino Unido, para ofrecerle una precisi\u00f3n en la que puede confiar.<\/p>\n<p>Caracter\u00edsticas:<\/p>\n<ul>\n<li>Aumento de 2,5x<\/li>\n<li>Estilo de cabezal abierto para facilitar la extracci\u00f3n de cerumen y cuerpos extra\u00f1os<\/li>\n<li>Lente deslizante para una visi\u00f3n clara de las estructuras auditivas<\/li>\n<li>Uso con esp\u00e9culos permanentes o desechables<\/li>\n<li>Disponible solo con iluminaci\u00f3n LED<\/li>\n<li>Apto para uso veterinario. El plazo de entrega est\u00e1ndar de este producto es de 2 a 3 d\u00edas, sujeto a disponibilidad.<\/li>\n<\/ul>\n<p>Se confirmar\u00e1n m\u00e1s detalles de la entrega una vez que se haya procesado su pedido.<\/p>\n","protected":false},"featured_media":382,"template":"","meta":{"_acf_changed":false},"product_brand":[],"product_cat":[106],"product_tag":[],"class_list":{"0":"post-1254","1":"product","2":"type-product","3":"status-publish","4":"has-post-thumbnail","6":"product_cat-otoscopios","8":"first","9":"instock","10":"taxable","11":"shipping-taxable","12":"purchasable","13":"product-type-simple"},"acf":[],"_links":{"self":[{"href":"https:\/\/shop.keelerglobal.com\/es\/wp-json\/wp\/v2\/product\/1254","targetHints":{"allow":["GET"]}}],"collection":[{"href":"https:\/\/shop.keelerglobal.com\/es\/wp-json\/wp\/v2\/product"}],"about":[{"href":"https:\/\/shop.keelerglobal.com\/es\/wp-json\/wp\/v2\/types\/product"}],"wp:featuredmedia":[{"embeddable":true,"href":"https:\/\/shop.keelerglobal.com\/es\/wp-json\/wp\/v2\/media\/382"}],"wp:attachment":[{"href":"https:\/\/shop.keelerglobal.com\/es\/wp-json\/wp\/v2\/media?parent=1254"}],"wp:term":[{"taxonomy":"product_brand","embeddable":true,"href":"https:\/\/shop.keelerglobal.com\/es\/wp-json\/wp\/v2\/product_brand?post=1254"},{"taxonomy":"product_cat","embeddable":true,"href":"https:\/\/shop.keelerglobal.com\/es\/wp-json\/wp\/v2\/product_cat?post=1254"},{"taxonomy":"product_tag","embeddable":true,"href":"https:\/\/shop.keelerglobal.com\/es\/wp-json\/wp\/v2\/product_tag?post=1254"}],"curies":[{"name":"wp","href":"https:\/\/api.w.org\/{rel}","templated":true}]}}