{"id":1234,"date":"2025-10-07T11:58:26","date_gmt":"2025-10-07T10:58:26","guid":{"rendered":"https:\/\/shop.keelerglobal.com\/product\/conjunto-de-oftalmoscopio-led-para-profesionales-y-otoscopio-led-de-fibra-optica-36-v\/"},"modified":"2025-10-07T11:58:26","modified_gmt":"2025-10-07T10:58:26","slug":"conjunto-de-oftalmoscopio-led-para-profesionales-y-otoscopio-led-de-fibra-optica-36-v","status":"publish","type":"product","link":"https:\/\/shop.keelerglobal.com\/es\/producto\/conjunto-de-oftalmoscopio-led-para-profesionales-y-otoscopio-led-de-fibra-optica-36-v\/","title":{"rendered":"Conjunto de oftalmoscopio LED para profesionales y otoscopio LED de fibra \u00f3ptica (3,6 V)"},"content":{"rendered":"","protected":false},"excerpt":{"rendered":"<p>Conjunto de diagn\u00f3stico con cargador doble de litio (3,6 V)<br \/>\nLa unidad de carga doble de Keeler se puede montar en escritorio o pared para adaptarse a sus necesidades. La bater\u00eda de iones de litio proporciona m\u00e1s de 2 horas de uso continuo con una carga r\u00e1pida de 2 horas, mientras que los LED de la unidad de carga indican cu\u00e1ndo la duraci\u00f3n de la bater\u00eda es baja, se est\u00e1 cargando o est\u00e1 completamente cargada. Todos los instrumentos port\u00e1tiles Keeler se benefician de m\u00e1s de un siglo de experiencia en diagn\u00f3stico y se ensamblan a mano en Windsor, Reino Unido, para ofrecerle una precisi\u00f3n en la que puede confiar.  <\/p>\n<p>Caracter\u00edsticas del oftalmoscopio LED Practitioner:<\/p>\n<ul>\n<li>Iluminaci\u00f3n LED intensa<\/li>\n<li>Control de lentes maywheel positivo de -25D a +40D para un examen detallado de las estructuras oculares<\/li>\n<li>Cuatro haces de apertura (gran angular, intermedio, macular y hendidura) y una ret\u00edcula de cruz de fijaci\u00f3n<\/li>\n<li>Dos filtros (azul para evaluar ara\u00f1azos corneales y un filtro rojo libre para el examen de vasos)<\/li>\n<li>Apoyo frontal integral suave para usuarios de gafas<\/li>\n<\/ul>\n<p>Caracter\u00edsticas del otoscopio LED de fibra \u00f3ptica:<\/p>\n<ul>\n<li>Cabezal de otoscopio de fibra \u00f3ptica con m\u00f3dulo de iluminaci\u00f3n LED (nuestra luz m\u00e1s brillante con una bater\u00eda de mayor duraci\u00f3n)<\/li>\n<li>Aumento de 2,5x | Dise\u00f1o de cabezal cerrado ideal para pruebas neum\u00e1ticas de movilidad timp\u00e1nica<\/li>\n<li>Lente deslizante para una visi\u00f3n clara de las estructuras auditivas y una f\u00e1cil extracci\u00f3n de cerumen y cuerpos extra\u00f1os<\/li>\n<li>Uso con esp\u00e9culos permanentes o desechables<\/li>\n<li>Disponible solo con iluminaci\u00f3n LED<\/li>\n<\/ul>\n<p>El plazo de entrega est\u00e1ndar para este producto es de 2-3 d\u00edas, sujeto a disponibilidad. Se confirmar\u00e1n m\u00e1s detalles de la entrega una vez que se haya procesado su pedido.<\/p>\n","protected":false},"featured_media":956,"template":"","meta":{"_acf_changed":false},"product_brand":[],"product_cat":[103],"product_tag":[],"class_list":{"0":"post-1234","1":"product","2":"type-product","3":"status-publish","4":"has-post-thumbnail","6":"product_cat-equipos-de-diagnostico-atencion-primaria","8":"first","9":"instock","10":"taxable","11":"shipping-taxable","12":"purchasable","13":"product-type-simple"},"acf":[],"_links":{"self":[{"href":"https:\/\/shop.keelerglobal.com\/es\/wp-json\/wp\/v2\/product\/1234","targetHints":{"allow":["GET"]}}],"collection":[{"href":"https:\/\/shop.keelerglobal.com\/es\/wp-json\/wp\/v2\/product"}],"about":[{"href":"https:\/\/shop.keelerglobal.com\/es\/wp-json\/wp\/v2\/types\/product"}],"wp:featuredmedia":[{"embeddable":true,"href":"https:\/\/shop.keelerglobal.com\/es\/wp-json\/wp\/v2\/media\/956"}],"wp:attachment":[{"href":"https:\/\/shop.keelerglobal.com\/es\/wp-json\/wp\/v2\/media?parent=1234"}],"wp:term":[{"taxonomy":"product_brand","embeddable":true,"href":"https:\/\/shop.keelerglobal.com\/es\/wp-json\/wp\/v2\/product_brand?post=1234"},{"taxonomy":"product_cat","embeddable":true,"href":"https:\/\/shop.keelerglobal.com\/es\/wp-json\/wp\/v2\/product_cat?post=1234"},{"taxonomy":"product_tag","embeddable":true,"href":"https:\/\/shop.keelerglobal.com\/es\/wp-json\/wp\/v2\/product_tag?post=1234"}],"curies":[{"name":"wp","href":"https:\/\/api.w.org\/{rel}","templated":true}]}}