{"id":1228,"date":"2025-10-07T09:52:30","date_gmt":"2025-10-07T08:52:30","guid":{"rendered":"https:\/\/shop.keelerglobal.com\/product\/oftalmoscopio-led-profesional\/"},"modified":"2025-10-07T09:52:30","modified_gmt":"2025-10-07T08:52:30","slug":"oftalmoscopio-led-profesional","status":"publish","type":"product","link":"https:\/\/shop.keelerglobal.com\/es\/producto\/oftalmoscopio-led-profesional\/","title":{"rendered":"Oftalmoscopio LED profesional"},"content":{"rendered":"","protected":false},"excerpt":{"rendered":"<p>El oftalmoscopio Keeler Professional est\u00e1 dise\u00f1ado ergon\u00f3micamente para facilitar su uso con una sola mano. Su perfil delgado y su cabezal compacto le permiten acercarse c\u00f3modamente a su paciente, mientras que las ruedas de dioptr\u00edas y apertura y el eficiente haz de luz LED se ajustan f\u00e1cilmente durante el uso.  <\/p>\n<p>Se suministra con una bater\u00eda de 3,6 V de serie. <strong>Requiere un cargador para su uso: Elija entre una unidad de carga simple o doble<\/strong> (se vende por separado)<\/p>\n<p>Caracter\u00edsticas:<\/p>\n<ul>\n<li>Dise\u00f1o ergon\u00f3mico y cabezal compacto<\/li>\n<li>Amplio rango de lentes controlado por rueda<\/li>\n<li>Haces de diagn\u00f3stico completos, incluido el objetivo para glaucoma<\/li>\n<li>Iluminaci\u00f3n LED intensa<\/li>\n<li>Filtro rojo-libre<\/li>\n<li>Apto para uso veterinario<\/li>\n<\/ul>\n<p>El plazo de entrega est\u00e1ndar para este producto es de 2 a 3 d\u00edas, sujeto a disponibilidad. Se confirmar\u00e1n m\u00e1s detalles de la entrega una vez que se haya procesado su pedido.\u00bb Cabezal LED profesional | Mango Slimline | Bombilla de 3,6 V Nuestro per\u00edodo de garant\u00eda est\u00e1ndar para este producto es de 3 a\u00f1os. Por favor, conserve su comprobante de compra. Puede encontrar m\u00e1s informaci\u00f3n sobre todas las garant\u00edas de Keeler e instrucciones sobre c\u00f3mo reclamar, aqu\u00ed.<\/p>\n","protected":false},"featured_media":341,"template":"","meta":{"_acf_changed":false},"product_brand":[],"product_cat":[104],"product_tag":[],"class_list":{"0":"post-1228","1":"product","2":"type-product","3":"status-publish","4":"has-post-thumbnail","6":"product_cat-oftalmoscopios-directos","8":"first","9":"instock","10":"taxable","11":"shipping-taxable","12":"purchasable","13":"product-type-simple"},"acf":[],"_links":{"self":[{"href":"https:\/\/shop.keelerglobal.com\/es\/wp-json\/wp\/v2\/product\/1228","targetHints":{"allow":["GET"]}}],"collection":[{"href":"https:\/\/shop.keelerglobal.com\/es\/wp-json\/wp\/v2\/product"}],"about":[{"href":"https:\/\/shop.keelerglobal.com\/es\/wp-json\/wp\/v2\/types\/product"}],"wp:featuredmedia":[{"embeddable":true,"href":"https:\/\/shop.keelerglobal.com\/es\/wp-json\/wp\/v2\/media\/341"}],"wp:attachment":[{"href":"https:\/\/shop.keelerglobal.com\/es\/wp-json\/wp\/v2\/media?parent=1228"}],"wp:term":[{"taxonomy":"product_brand","embeddable":true,"href":"https:\/\/shop.keelerglobal.com\/es\/wp-json\/wp\/v2\/product_brand?post=1228"},{"taxonomy":"product_cat","embeddable":true,"href":"https:\/\/shop.keelerglobal.com\/es\/wp-json\/wp\/v2\/product_cat?post=1228"},{"taxonomy":"product_tag","embeddable":true,"href":"https:\/\/shop.keelerglobal.com\/es\/wp-json\/wp\/v2\/product_tag?post=1228"}],"curies":[{"name":"wp","href":"https:\/\/api.w.org\/{rel}","templated":true}]}}