{"id":1224,"date":"2025-10-07T11:15:55","date_gmt":"2025-10-07T10:15:55","guid":{"rendered":"https:\/\/shop.keelerglobal.com\/product\/bateria-de-litio-de-36-v\/"},"modified":"2025-10-07T11:15:55","modified_gmt":"2025-10-07T10:15:55","slug":"bateria-de-litio-de-36-v","status":"publish","type":"product","link":"https:\/\/shop.keelerglobal.com\/es\/producto\/bateria-de-litio-de-36-v\/","title":{"rendered":"Bater\u00eda de litio de 3,6 V"},"content":{"rendered":"","protected":false},"excerpt":{"rendered":"<p>Kit de sustituci\u00f3n de bater\u00eda para mangos de litio Keeler.<\/p>\n<p>El plazo de entrega est\u00e1ndar para este producto es de 2 a 3 d\u00edas, sujeto a disponibilidad.<\/p>\n<p>Se confirmar\u00e1n m\u00e1s detalles de la entrega una vez que se haya procesado su pedido.<\/p>\n","protected":false},"featured_media":380,"template":"","meta":{"_acf_changed":false},"product_brand":[],"product_cat":[105,100],"product_tag":[],"class_list":{"0":"post-1224","1":"product","2":"type-product","3":"status-publish","4":"has-post-thumbnail","6":"product_cat-accesorios-de-mano","7":"product_cat-repuestos-y-accesorios","9":"first","10":"instock","11":"taxable","12":"shipping-taxable","13":"purchasable","14":"product-type-simple"},"acf":[],"_links":{"self":[{"href":"https:\/\/shop.keelerglobal.com\/es\/wp-json\/wp\/v2\/product\/1224","targetHints":{"allow":["GET"]}}],"collection":[{"href":"https:\/\/shop.keelerglobal.com\/es\/wp-json\/wp\/v2\/product"}],"about":[{"href":"https:\/\/shop.keelerglobal.com\/es\/wp-json\/wp\/v2\/types\/product"}],"wp:featuredmedia":[{"embeddable":true,"href":"https:\/\/shop.keelerglobal.com\/es\/wp-json\/wp\/v2\/media\/380"}],"wp:attachment":[{"href":"https:\/\/shop.keelerglobal.com\/es\/wp-json\/wp\/v2\/media?parent=1224"}],"wp:term":[{"taxonomy":"product_brand","embeddable":true,"href":"https:\/\/shop.keelerglobal.com\/es\/wp-json\/wp\/v2\/product_brand?post=1224"},{"taxonomy":"product_cat","embeddable":true,"href":"https:\/\/shop.keelerglobal.com\/es\/wp-json\/wp\/v2\/product_cat?post=1224"},{"taxonomy":"product_tag","embeddable":true,"href":"https:\/\/shop.keelerglobal.com\/es\/wp-json\/wp\/v2\/product_tag?post=1224"}],"curies":[{"name":"wp","href":"https:\/\/api.w.org\/{rel}","templated":true}]}}