{"id":1219,"date":"2025-10-07T11:23:05","date_gmt":"2025-10-07T10:23:05","guid":{"rendered":"https:\/\/shop.keelerglobal.com\/product\/otoscopio-led-de-fibra-optica\/"},"modified":"2025-10-07T11:23:05","modified_gmt":"2025-10-07T10:23:05","slug":"otoscopio-led-de-fibra-optica","status":"publish","type":"product","link":"https:\/\/shop.keelerglobal.com\/es\/producto\/otoscopio-led-de-fibra-optica\/","title":{"rendered":"Otoscopio LED de fibra \u00f3ptica"},"content":{"rendered":"","protected":false},"excerpt":{"rendered":"<p>Un producto de primera calidad utilizado por especialistas en otorrinolaringolog\u00eda de todo el mundo, que ofrece iluminaci\u00f3n homog\u00e9nea de fibra \u00f3ptica LED para un diagn\u00f3stico auditivo claro y preciso. <\/p>\n<p>Se suministra con una bater\u00eda de 3,6 V de serie. <strong>Requiere un cargador para su uso: Elija entre una unidad de carga simple o doble<\/strong> (se vende por separado). <\/p>\n<p>Todos los instrumentos port\u00e1tiles de Keeler se benefician de m\u00e1s de un siglo de experiencia en diagn\u00f3stico y se ensamblan a mano en Windsor, Reino Unido, para ofrecerle una precisi\u00f3n en la que puede confiar.<\/p>\n<p>Caracter\u00edsticas:<\/p>\n<ul>\n<li>Cabezal de otoscopio de fibra \u00f3ptica con m\u00f3dulo de iluminaci\u00f3n LED (nuestra luz m\u00e1s brillante con una bater\u00eda de mayor duraci\u00f3n)<\/li>\n<li>Aumento de 2,5x<\/li>\n<li>Dise\u00f1o de cabezal cerrado ideal para pruebas neum\u00e1ticas de movilidad timp\u00e1nica<\/li>\n<li>Lente deslizante para una visi\u00f3n clara de las estructuras auditivas y una f\u00e1cil extracci\u00f3n de cerumen y cuerpos extra\u00f1os<\/li>\n<li>Uso con esp\u00e9culos permanentes o desechables<\/li>\n<li>Disponible solo con iluminaci\u00f3n LED<\/li>\n<li>Apto para uso veterinario<\/li>\n<\/ul>\n<p>El plazo de entrega est\u00e1ndar para este producto es de 2-3 d\u00edas, sujeto a disponibilidad.<\/p>\n<p>Se confirmar\u00e1n m\u00e1s detalles de la entrega una vez que se haya procesado su pedido.<\/p>\n","protected":false},"featured_media":389,"template":"","meta":{"_acf_changed":false},"product_brand":[],"product_cat":[106],"product_tag":[],"class_list":{"0":"post-1219","1":"product","2":"type-product","3":"status-publish","4":"has-post-thumbnail","6":"product_cat-otoscopios","8":"first","9":"instock","10":"taxable","11":"shipping-taxable","12":"purchasable","13":"product-type-simple"},"acf":[],"_links":{"self":[{"href":"https:\/\/shop.keelerglobal.com\/es\/wp-json\/wp\/v2\/product\/1219","targetHints":{"allow":["GET"]}}],"collection":[{"href":"https:\/\/shop.keelerglobal.com\/es\/wp-json\/wp\/v2\/product"}],"about":[{"href":"https:\/\/shop.keelerglobal.com\/es\/wp-json\/wp\/v2\/types\/product"}],"wp:featuredmedia":[{"embeddable":true,"href":"https:\/\/shop.keelerglobal.com\/es\/wp-json\/wp\/v2\/media\/389"}],"wp:attachment":[{"href":"https:\/\/shop.keelerglobal.com\/es\/wp-json\/wp\/v2\/media?parent=1219"}],"wp:term":[{"taxonomy":"product_brand","embeddable":true,"href":"https:\/\/shop.keelerglobal.com\/es\/wp-json\/wp\/v2\/product_brand?post=1219"},{"taxonomy":"product_cat","embeddable":true,"href":"https:\/\/shop.keelerglobal.com\/es\/wp-json\/wp\/v2\/product_cat?post=1219"},{"taxonomy":"product_tag","embeddable":true,"href":"https:\/\/shop.keelerglobal.com\/es\/wp-json\/wp\/v2\/product_tag?post=1219"}],"curies":[{"name":"wp","href":"https:\/\/api.w.org\/{rel}","templated":true}]}}