{"id":1217,"date":"2025-10-07T11:28:37","date_gmt":"2025-10-07T10:28:37","guid":{"rendered":"https:\/\/shop.keelerglobal.com\/product\/set-de-oftalmoscopio-y-otoscopio-led-practitioner-con-cable-240-v\/"},"modified":"2025-10-07T11:28:37","modified_gmt":"2025-10-07T10:28:37","slug":"set-de-oftalmoscopio-y-otoscopio-led-practitioner-con-cable-240-v","status":"publish","type":"product","link":"https:\/\/shop.keelerglobal.com\/es\/producto\/set-de-oftalmoscopio-y-otoscopio-led-practitioner-con-cable-240-v\/","title":{"rendered":"Set de oftalmoscopio y otoscopio LED Practitioner con cable (240 V)"},"content":{"rendered":"","protected":false},"excerpt":{"rendered":"<p>Set de diagn\u00f3stico con unidad de pared con cable (240 V)<br \/>\nEl dise\u00f1o compacto de Keeler para montaje en pared es ideal para salas, quir\u00f3fanos, consultorios y urgencias. Los instrumentos se iluminan autom\u00e1ticamente al retirarlos de la base, el resistente cable en espiral que no se enreda permite utilizar los instrumentos hasta a 3 metros del transformador, y su robusta construcci\u00f3n es ideal para las condiciones de trabajo m\u00e1s exigentes. Todos los instrumentos port\u00e1tiles Keeler se benefician de m\u00e1s de un siglo de experiencia en diagn\u00f3stico y se ensamblan a mano en Windsor, Reino Unido, para ofrecerle una precisi\u00f3n en la que puede confiar  <\/p>\n<p>Caracter\u00edsticas del oftalmoscopio LED Practitioner:<\/p>\n<ul>\n<li>Iluminaci\u00f3n LED intensa<\/li>\n<li>Control de lentes maywheel positivo de -25D a +40D para un examen detallado de las estructuras oculares<\/li>\n<li>Cuatro haces de apertura (gran angular, intermedio, macular y hendidura) y una ret\u00edcula de cruz de fijaci\u00f3n<\/li>\n<li>Dos filtros (azul para evaluar ara\u00f1azos corneales y un filtro rojo libre para el examen de vasos)<\/li>\n<li>Apoyo frontal integral suave para usuarios de gafas<\/li>\n<\/ul>\n<p>Caracter\u00edsticas del otoscopio LED Practitioner:<\/p>\n<ul>\n<li>Aumento de 2,5x<\/li>\n<li>Estilo de cabezal abierto para facilitar la extracci\u00f3n de cerumen y cuerpos extra\u00f1os<\/li>\n<li>Lente deslizante para una visi\u00f3n clara de las estructuras auditivas<\/li>\n<li>Uso con esp\u00e9culos permanentes o desechables<\/li>\n<li>Disponible solo con iluminaci\u00f3n LED.<\/li>\n<li>NB: Soporte para esp\u00e9culos no incluido<\/li>\n<\/ul>\n<p>El plazo de entrega est\u00e1ndar para este producto es de 2-3 d\u00edas, sujeto a disponibilidad.<\/p>\n<p>Se confirmar\u00e1n m\u00e1s detalles de la entrega una vez que se haya procesado su pedido.<\/p>\n","protected":false},"featured_media":394,"template":"","meta":{"_acf_changed":false},"product_brand":[],"product_cat":[103],"product_tag":[],"class_list":{"0":"post-1217","1":"product","2":"type-product","3":"status-publish","4":"has-post-thumbnail","6":"product_cat-equipos-de-diagnostico-atencion-primaria","8":"first","9":"instock","10":"taxable","11":"shipping-taxable","12":"purchasable","13":"product-type-simple"},"acf":[],"_links":{"self":[{"href":"https:\/\/shop.keelerglobal.com\/es\/wp-json\/wp\/v2\/product\/1217","targetHints":{"allow":["GET"]}}],"collection":[{"href":"https:\/\/shop.keelerglobal.com\/es\/wp-json\/wp\/v2\/product"}],"about":[{"href":"https:\/\/shop.keelerglobal.com\/es\/wp-json\/wp\/v2\/types\/product"}],"wp:featuredmedia":[{"embeddable":true,"href":"https:\/\/shop.keelerglobal.com\/es\/wp-json\/wp\/v2\/media\/394"}],"wp:attachment":[{"href":"https:\/\/shop.keelerglobal.com\/es\/wp-json\/wp\/v2\/media?parent=1217"}],"wp:term":[{"taxonomy":"product_brand","embeddable":true,"href":"https:\/\/shop.keelerglobal.com\/es\/wp-json\/wp\/v2\/product_brand?post=1217"},{"taxonomy":"product_cat","embeddable":true,"href":"https:\/\/shop.keelerglobal.com\/es\/wp-json\/wp\/v2\/product_cat?post=1217"},{"taxonomy":"product_tag","embeddable":true,"href":"https:\/\/shop.keelerglobal.com\/es\/wp-json\/wp\/v2\/product_tag?post=1217"}],"curies":[{"name":"wp","href":"https:\/\/api.w.org\/{rel}","templated":true}]}}