{"id":1209,"date":"2025-10-07T10:36:09","date_gmt":"2025-10-07T09:36:09","guid":{"rendered":"https:\/\/shop.keelerglobal.com\/product\/conjunto-de-oftalmoscopio-led-profesional-y-retinoscopio-de-franja\/"},"modified":"2025-10-07T10:36:09","modified_gmt":"2025-10-07T09:36:09","slug":"conjunto-de-oftalmoscopio-led-profesional-y-retinoscopio-de-franja","status":"publish","type":"product","link":"https:\/\/shop.keelerglobal.com\/es\/producto\/conjunto-de-oftalmoscopio-led-profesional-y-retinoscopio-de-franja\/","title":{"rendered":"Conjunto de oftalmoscopio LED profesional y retinoscopio de franja"},"content":{"rendered":"","protected":false},"excerpt":{"rendered":"<p>Con m\u00e1s de 100 a\u00f1os de experiencia en la fabricaci\u00f3n de productos oft\u00e1lmicos, nuestros conjuntos de diagn\u00f3stico han sido dise\u00f1ados para satisfacer sus diversas necesidades y durar toda su trayectoria profesional.<\/p>\n<p>El oftalmoscopio profesional de Keeler combina un dise\u00f1o ergon\u00f3mico y una f\u00e1cil maniobrabilidad con una \u00f3ptica excepcional, mientras que nuestro retinoscopio de franja profesional es duradero, fiable y c\u00f3modo para el uso diario. Se suministra de serie con una bater\u00eda recargable de 3,6 V. Ambos vienen con una garant\u00eda competitiva y una excepcional atenci\u00f3n al cliente, y son aptos para su uso por veterinarios.  <\/p>\n<p><strong>Requiere un cargador para su uso: Elija entre una unidad de carga simple o doble<\/strong> (se vende por separado).<\/p>\n<p>Caracter\u00edsticas del oftalmoscopio profesional:<\/p>\n<ul>\n<li>Dise\u00f1o ergon\u00f3mico y cabezal compacto<\/li>\n<li>Amplio rango de lentes controlado por rueda<\/li>\n<li>Haces de diagn\u00f3stico completos, incluido el objetivo para glaucoma<\/li>\n<li>Iluminaci\u00f3n LED intensa<\/li>\n<li>Filtro rojo-libre<\/li>\n<\/ul>\n<p>Caracter\u00edsticas del retinoscopio de franja Professional:<\/p>\n<ul>\n<li>\u00d3ptica l\u00edder en la industria<\/li>\n<li>Control ergon\u00f3mico del haz<\/li>\n<li>El dise\u00f1o \u00f3ptico \u00fanico proporciona el primer retinoscopio verdaderamente bimodal, con solo un cambio r\u00e1pido de bombilla.<\/li>\n<li>Comprobaci\u00f3n de neutralizaci\u00f3n patentada<\/li>\n<\/ul>\n<p>El plazo de entrega est\u00e1ndar para este producto es de 2-3 d\u00edas, sujeto a disponibilidad. Se confirmar\u00e1n m\u00e1s detalles de la entrega una vez que se haya procesado su pedido.\u00bb<\/p>\n","protected":false},"featured_media":347,"template":"","meta":{"_acf_changed":false},"product_brand":[],"product_cat":[102],"product_tag":[],"class_list":{"0":"post-1209","1":"product","2":"type-product","3":"status-publish","4":"has-post-thumbnail","6":"product_cat-equipos-de-diagnostico-oftalmologia","8":"first","9":"instock","10":"taxable","11":"shipping-taxable","12":"purchasable","13":"product-type-simple"},"acf":[],"_links":{"self":[{"href":"https:\/\/shop.keelerglobal.com\/es\/wp-json\/wp\/v2\/product\/1209","targetHints":{"allow":["GET"]}}],"collection":[{"href":"https:\/\/shop.keelerglobal.com\/es\/wp-json\/wp\/v2\/product"}],"about":[{"href":"https:\/\/shop.keelerglobal.com\/es\/wp-json\/wp\/v2\/types\/product"}],"wp:featuredmedia":[{"embeddable":true,"href":"https:\/\/shop.keelerglobal.com\/es\/wp-json\/wp\/v2\/media\/347"}],"wp:attachment":[{"href":"https:\/\/shop.keelerglobal.com\/es\/wp-json\/wp\/v2\/media?parent=1209"}],"wp:term":[{"taxonomy":"product_brand","embeddable":true,"href":"https:\/\/shop.keelerglobal.com\/es\/wp-json\/wp\/v2\/product_brand?post=1209"},{"taxonomy":"product_cat","embeddable":true,"href":"https:\/\/shop.keelerglobal.com\/es\/wp-json\/wp\/v2\/product_cat?post=1209"},{"taxonomy":"product_tag","embeddable":true,"href":"https:\/\/shop.keelerglobal.com\/es\/wp-json\/wp\/v2\/product_tag?post=1209"}],"curies":[{"name":"wp","href":"https:\/\/api.w.org\/{rel}","templated":true}]}}