{"id":1205,"date":"2025-10-07T11:44:03","date_gmt":"2025-10-07T10:44:03","guid":{"rendered":"https:\/\/shop.keelerglobal.com\/product\/oftalmoscopio-led-practitioner-y-set-de-otoscopio-led-de-fibra-optica-con-cable-240-v\/"},"modified":"2025-10-07T11:44:03","modified_gmt":"2025-10-07T10:44:03","slug":"oftalmoscopio-led-practitioner-y-set-de-otoscopio-led-de-fibra-optica-con-cable-240-v","status":"publish","type":"product","link":"https:\/\/shop.keelerglobal.com\/es\/producto\/oftalmoscopio-led-practitioner-y-set-de-otoscopio-led-de-fibra-optica-con-cable-240-v\/","title":{"rendered":"Oftalmoscopio LED Practitioner y set de otoscopio LED de fibra \u00f3ptica con cable (240 V)"},"content":{"rendered":"","protected":false},"excerpt":{"rendered":"<p>Set de diagn\u00f3stico con unidad de pared con cable (240 V)<br \/>\nEl dise\u00f1o compacto de Keeler para montaje en pared es ideal para salas, quir\u00f3fanos, consultorios y urgencias. Los instrumentos se iluminan autom\u00e1ticamente al retirarlos de la base, el resistente cable en espiral que no se enreda permite utilizar el instrumento hasta a 3 metros del transformador, y su robusta construcci\u00f3n es ideal para las condiciones de trabajo m\u00e1s exigentes. Todos los instrumentos port\u00e1tiles Keeler se benefician de m\u00e1s de un siglo de experiencia en diagn\u00f3stico y se ensamblan a mano en Windsor, Reino Unido, para ofrecerle una precisi\u00f3n en la que puede confiar.  <\/p>\n<p>Caracter\u00edsticas del oftalmoscopio LED Practitioner:<\/p>\n<ul>\n<li>Iluminaci\u00f3n LED intensa<\/li>\n<li>Control de lentes con rueda de mayas positiva de -25D a +40D para un examen detallado de las estructuras oculares<\/li>\n<li>Cuatro haces de apertura (gran angular, intermedio, macular y hendidura) y una ret\u00edcula de cruz de fijaci\u00f3n<\/li>\n<li>Dos filtros (azul para evaluar ara\u00f1azos corneales y un filtro rojo libre para el examen de vasos)<\/li>\n<li>Apoyo frontal integral suave para usuarios de gafas<\/li>\n<\/ul>\n<p>Caracter\u00edsticas del otoscopio LED de fibra \u00f3ptica:<\/p>\n<ul>\n<li>Cabezal de otoscopio de fibra \u00f3ptica con m\u00f3dulo de iluminaci\u00f3n LED (nuestra luz m\u00e1s brillante con una bater\u00eda de mayor duraci\u00f3n)<\/li>\n<li>Aumento de 2,5x<\/li>\n<li>Dise\u00f1o de cabezal cerrado ideal para pruebas neum\u00e1ticas de movilidad timp\u00e1nica<\/li>\n<li>Lente deslizante para una visi\u00f3n clara de las estructuras auditivas y una f\u00e1cil extracci\u00f3n de cerumen y cuerpos extra\u00f1os<\/li>\n<li>Uso con esp\u00e9culos permanentes o desechables<\/li>\n<li>Disponible solo con iluminaci\u00f3n LED<\/li>\n<li>NB: El soporte para esp\u00e9culos no est\u00e1 incluido<\/li>\n<\/ul>\n<p>El plazo de entrega est\u00e1ndar para este producto es de 2-3 d\u00edas, sujeto a disponibilidad.<\/p>\n<p>Se confirmar\u00e1n m\u00e1s detalles de la entrega una vez que se haya procesado su pedido.<\/p>\n","protected":false},"featured_media":395,"template":"","meta":{"_acf_changed":false},"product_brand":[],"product_cat":[103],"product_tag":[],"class_list":{"0":"post-1205","1":"product","2":"type-product","3":"status-publish","4":"has-post-thumbnail","6":"product_cat-equipos-de-diagnostico-atencion-primaria","8":"first","9":"instock","10":"taxable","11":"shipping-taxable","12":"purchasable","13":"product-type-simple"},"acf":[],"_links":{"self":[{"href":"https:\/\/shop.keelerglobal.com\/es\/wp-json\/wp\/v2\/product\/1205","targetHints":{"allow":["GET"]}}],"collection":[{"href":"https:\/\/shop.keelerglobal.com\/es\/wp-json\/wp\/v2\/product"}],"about":[{"href":"https:\/\/shop.keelerglobal.com\/es\/wp-json\/wp\/v2\/types\/product"}],"wp:featuredmedia":[{"embeddable":true,"href":"https:\/\/shop.keelerglobal.com\/es\/wp-json\/wp\/v2\/media\/395"}],"wp:attachment":[{"href":"https:\/\/shop.keelerglobal.com\/es\/wp-json\/wp\/v2\/media?parent=1205"}],"wp:term":[{"taxonomy":"product_brand","embeddable":true,"href":"https:\/\/shop.keelerglobal.com\/es\/wp-json\/wp\/v2\/product_brand?post=1205"},{"taxonomy":"product_cat","embeddable":true,"href":"https:\/\/shop.keelerglobal.com\/es\/wp-json\/wp\/v2\/product_cat?post=1205"},{"taxonomy":"product_tag","embeddable":true,"href":"https:\/\/shop.keelerglobal.com\/es\/wp-json\/wp\/v2\/product_tag?post=1205"}],"curies":[{"name":"wp","href":"https:\/\/api.w.org\/{rel}","templated":true}]}}