{"id":1198,"date":"2025-10-07T10:39:27","date_gmt":"2025-10-07T09:39:27","guid":{"rendered":"https:\/\/shop.keelerglobal.com\/product\/conjunto-de-oftalmoscopio-led-specialist-y-retinoscopio-de-franja-professional\/"},"modified":"2025-10-07T10:39:27","modified_gmt":"2025-10-07T09:39:27","slug":"conjunto-de-oftalmoscopio-led-specialist-y-retinoscopio-de-franja-professional","status":"publish","type":"product","link":"https:\/\/shop.keelerglobal.com\/es\/producto\/conjunto-de-oftalmoscopio-led-specialist-y-retinoscopio-de-franja-professional\/","title":{"rendered":"Conjunto de oftalmoscopio LED Specialist y retinoscopio de franja Professional"},"content":{"rendered":"","protected":false},"excerpt":{"rendered":"<p>Con m\u00e1s de 100 a\u00f1os de experiencia en la fabricaci\u00f3n de productos oft\u00e1lmicos, nuestros conjuntos de diagn\u00f3stico han sido dise\u00f1ados para satisfacer sus diversas necesidades y durar toda su trayectoria profesional.<\/p>\n<p>El oftalmoscopio Specialist de Keeler ofrece una claridad excepcional y excelencia \u00f3ptica, mientras que nuestro retinoscopio de franja Professional es duradero, fiable y c\u00f3modo para el uso diario. Ambos vienen con una garant\u00eda competitiva y una atenci\u00f3n al cliente excepcional, y son aptos para su uso por veterinarios. <\/p>\n<p><strong>Requiere un cargador para su uso: Elija entre una unidad de carga simple o doble<\/strong> (se vende por separado).<\/p>\n<p>Caracter\u00edsticas del oftalmoscopio Specialist:<\/p>\n<ul>\n<li>Dise\u00f1o de cabezal \u00fanico<\/li>\n<li>Pupil\u00f3metro preciso<\/li>\n<li>Haces de diagn\u00f3stico completos<\/li>\n<li>Ligero y equilibrado<\/li>\n<li>Amplio rango de dioptr\u00edas<\/li>\n<li>Iluminaci\u00f3n LED<\/li>\n<li>Filtro azul cobalto<\/li>\n<\/ul>\n<p>Caracter\u00edsticas del retinoscopio de franja Professional:<\/p>\n<ul>\n<li>\u00d3ptica l\u00edder en la industria<\/li>\n<li>Control ergon\u00f3mico del haz<\/li>\n<li>El dise\u00f1o \u00f3ptico \u00fanico proporciona el primer retinoscopio verdaderamente bimodal, con solo un cambio r\u00e1pido de bombilla.<\/li>\n<li>Comprobaci\u00f3n de neutralizaci\u00f3n patentada<\/li>\n<\/ul>\n<p>El plazo de entrega est\u00e1ndar para este producto es de 2-3 d\u00edas, sujeto a disponibilidad. Se confirmar\u00e1n m\u00e1s detalles de la entrega una vez que se haya procesado su pedido.<\/p>\n","protected":false},"featured_media":361,"template":"","meta":{"_acf_changed":false},"product_brand":[],"product_cat":[102],"product_tag":[],"class_list":{"0":"post-1198","1":"product","2":"type-product","3":"status-publish","4":"has-post-thumbnail","6":"product_cat-equipos-de-diagnostico-oftalmologia","8":"first","9":"instock","10":"taxable","11":"shipping-taxable","12":"purchasable","13":"product-type-simple"},"acf":[],"_links":{"self":[{"href":"https:\/\/shop.keelerglobal.com\/es\/wp-json\/wp\/v2\/product\/1198","targetHints":{"allow":["GET"]}}],"collection":[{"href":"https:\/\/shop.keelerglobal.com\/es\/wp-json\/wp\/v2\/product"}],"about":[{"href":"https:\/\/shop.keelerglobal.com\/es\/wp-json\/wp\/v2\/types\/product"}],"wp:featuredmedia":[{"embeddable":true,"href":"https:\/\/shop.keelerglobal.com\/es\/wp-json\/wp\/v2\/media\/361"}],"wp:attachment":[{"href":"https:\/\/shop.keelerglobal.com\/es\/wp-json\/wp\/v2\/media?parent=1198"}],"wp:term":[{"taxonomy":"product_brand","embeddable":true,"href":"https:\/\/shop.keelerglobal.com\/es\/wp-json\/wp\/v2\/product_brand?post=1198"},{"taxonomy":"product_cat","embeddable":true,"href":"https:\/\/shop.keelerglobal.com\/es\/wp-json\/wp\/v2\/product_cat?post=1198"},{"taxonomy":"product_tag","embeddable":true,"href":"https:\/\/shop.keelerglobal.com\/es\/wp-json\/wp\/v2\/product_tag?post=1198"}],"curies":[{"name":"wp","href":"https:\/\/api.w.org\/{rel}","templated":true}]}}