{"id":1153,"date":"2025-10-07T09:06:03","date_gmt":"2025-10-07T08:06:03","guid":{"rendered":"https:\/\/shop.keelerglobal.com\/product\/oftalmoscopio-binocular-indirecto-spectra-iris\/"},"modified":"2025-10-07T09:06:03","modified_gmt":"2025-10-07T08:06:03","slug":"oftalmoscopio-binocular-indirecto-spectra-iris","status":"publish","type":"product","link":"https:\/\/shop.keelerglobal.com\/es\/producto\/oftalmoscopio-binocular-indirecto-spectra-iris\/","title":{"rendered":"Oftalmoscopio binocular indirecto Spectra Iris"},"content":{"rendered":"<p>Ultraport\u00e1til con una \u00f3ptica excepcional. Dise\u00f1ado para acompa\u00f1arle all\u00e1 donde le lleve su trabajo, Spectra Iris cuenta con la mejor \u00f3ptica de su clase y est\u00e1 inteligentemente dise\u00f1ado con una montura envolvente para que su uso sea m\u00e1s c\u00f3modo y equilibrado. <\/p>\n<p>Caracter\u00edsticas:<\/p>\n<ul>\n<li>Ligero y port\u00e1til<\/li>\n<li>\u00d3ptica de alta calidad, con lentes y espejos de precisi\u00f3n<\/li>\n<li>Control deslizante de apertura ajustable con un rango de DP variable: 48 \u2013 76 mm<\/li>\n<li>Iluminaci\u00f3n LED de larga duraci\u00f3n<\/li>\n<li>Apto para uso veterinario<\/li>\n<li>Montura deportiva envolvente Keeler para m\u00e1xima comodidad y equilibrio<\/li>\n<li>\u00d3ptica abatible que permite el contacto visual directo con los pacientes o para escribir notas.<\/li>\n<\/ul>\n<p>El plazo de entrega est\u00e1ndar para este producto es de 2-3 d\u00edas, sujeto a disponibilidad. Se confirmar\u00e1n m\u00e1s detalles de la entrega una vez que se haya procesado su pedido.<\/p>\n","protected":false},"excerpt":{"rendered":"<p>Ultraport\u00e1til con una \u00f3ptica excepcional. Dise\u00f1ado para acompa\u00f1arle all\u00e1 donde le lleve su trabajo, Spectra Iris cuenta con la mejor \u00f3ptica de su clase y est\u00e1 inteligentemente dise\u00f1ado con una montura envolvente para que su uso sea m\u00e1s c\u00f3modo y equilibrado. <\/p>\n<p>Caracter\u00edsticas: Ligero y port\u00e1til | \u00d3ptica de alta calidad, con lentes y espejos de precisi\u00f3n | Control deslizante de apertura ajustable con un rango de DP variable: 48 \u2013 76 mm | Iluminaci\u00f3n LED de larga duraci\u00f3n | Apto para uso veterinario | Montura deportiva envolvente Keeler para m\u00e1xima comodidad y equilibrio | \u00d3ptica abatible que permite el contacto visual directo con los pacientes o para escribir notas.<\/p>\n<p>El plazo de entrega est\u00e1ndar para este producto es de 2-3 d\u00edas, sujeto a disponibilidad. Se confirmar\u00e1n m\u00e1s detalles de la entrega una vez que se haya procesado su pedido.<\/p>\n","protected":false},"featured_media":316,"template":"","meta":{"_acf_changed":false},"product_brand":[],"product_cat":[99],"product_tag":[],"class_list":{"0":"post-1153","1":"product","2":"type-product","3":"status-publish","4":"has-post-thumbnail","6":"product_cat-oftalmoscopios-binoculares-indirectos","8":"first","9":"instock","10":"taxable","11":"shipping-taxable","12":"purchasable","13":"product-type-simple"},"acf":[],"_links":{"self":[{"href":"https:\/\/shop.keelerglobal.com\/es\/wp-json\/wp\/v2\/product\/1153","targetHints":{"allow":["GET"]}}],"collection":[{"href":"https:\/\/shop.keelerglobal.com\/es\/wp-json\/wp\/v2\/product"}],"about":[{"href":"https:\/\/shop.keelerglobal.com\/es\/wp-json\/wp\/v2\/types\/product"}],"wp:featuredmedia":[{"embeddable":true,"href":"https:\/\/shop.keelerglobal.com\/es\/wp-json\/wp\/v2\/media\/316"}],"wp:attachment":[{"href":"https:\/\/shop.keelerglobal.com\/es\/wp-json\/wp\/v2\/media?parent=1153"}],"wp:term":[{"taxonomy":"product_brand","embeddable":true,"href":"https:\/\/shop.keelerglobal.com\/es\/wp-json\/wp\/v2\/product_brand?post=1153"},{"taxonomy":"product_cat","embeddable":true,"href":"https:\/\/shop.keelerglobal.com\/es\/wp-json\/wp\/v2\/product_cat?post=1153"},{"taxonomy":"product_tag","embeddable":true,"href":"https:\/\/shop.keelerglobal.com\/es\/wp-json\/wp\/v2\/product_tag?post=1153"}],"curies":[{"name":"wp","href":"https:\/\/api.w.org\/{rel}","templated":true}]}}