{"id":1137,"date":"2025-10-07T09:02:59","date_gmt":"2025-10-07T08:02:59","guid":{"rendered":"https:\/\/shop.keelerglobal.com\/product\/oftalmoscopio-binocular-indirecto-all-pupil-ii\/"},"modified":"2026-01-16T17:10:56","modified_gmt":"2026-01-16T17:10:56","slug":"oftalmoscopio-binocular-indirecto-all-pupil-ii","status":"publish","type":"product","link":"https:\/\/shop.keelerglobal.com\/es\/producto\/oftalmoscopio-binocular-indirecto-all-pupil-ii\/","title":{"rendered":"Oftalmoscopio binocular indirecto All Pupil II"},"content":{"rendered":"<p>Ligero, brillante y f\u00e1cil de usar, All Pupil II ofrece un dise\u00f1o inal\u00e1mbrico, un arn\u00e9s equilibrado y una \u00f3ptica excepcional. Lo \u00faltimo en control de iluminaci\u00f3n en una unidad simple, pero duradera y fiable. <\/p>\n<p>Caracter\u00edsticas: Dise\u00f1o inal\u00e1mbrico | Ergon\u00f3micamente equilibrado | Iluminaci\u00f3n LED | Difusor de \u00e1ngulo amplio | Abertura ajustable | Dise\u00f1o y calidad de fabricaci\u00f3n superiores | Apto para uso veterinario | Garant\u00eda competitiva y atenci\u00f3n al cliente<\/p>\n<p>El plazo de entrega est\u00e1ndar para este producto es de 2-3 d\u00edas, sujeto a disponibilidad. Se confirmar\u00e1n m\u00e1s detalles de la entrega una vez que se haya procesado su pedido.<\/p>\n","protected":false},"excerpt":{"rendered":"<p>Ligero, brillante y f\u00e1cil de usar, All Pupil II ofrece un dise\u00f1o inal\u00e1mbrico, un arn\u00e9s equilibrado y una \u00f3ptica excepcional. Lo \u00faltimo en control de iluminaci\u00f3n en una unidad simple, pero duradera y fiable. <\/p>\n<p>Caracter\u00edsticas:<\/p>\n<ul>\n<li>Dise\u00f1o inal\u00e1mbrico<\/li>\n<li>Ergon\u00f3micamente equilibrado<\/li>\n<li>Iluminaci\u00f3n LED<\/li>\n<li>Difusor de \u00e1ngulo amplio<\/li>\n<li>Abertura ajustable<\/li>\n<li>Dise\u00f1o y calidad de fabricaci\u00f3n superiores<\/li>\n<li>Apto para uso veterinario<\/li>\n<li>Garant\u00eda competitiva y atenci\u00f3n al cliente<\/li>\n<\/ul>\n<p>El plazo de entrega est\u00e1ndar para este producto es de 2-3 d\u00edas, sujeto a disponibilidad. Se confirmar\u00e1n m\u00e1s detalles de la entrega una vez que se haya procesado su pedido.<\/p>\n","protected":false},"featured_media":693,"template":"","meta":{"_acf_changed":false},"product_brand":[],"product_cat":[99],"product_tag":[],"class_list":{"0":"post-1137","1":"product","2":"type-product","3":"status-publish","4":"has-post-thumbnail","6":"product_cat-oftalmoscopios-binoculares-indirectos","8":"first","9":"instock","10":"taxable","11":"shipping-taxable","12":"purchasable","13":"product-type-simple"},"acf":[],"_links":{"self":[{"href":"https:\/\/shop.keelerglobal.com\/es\/wp-json\/wp\/v2\/product\/1137","targetHints":{"allow":["GET"]}}],"collection":[{"href":"https:\/\/shop.keelerglobal.com\/es\/wp-json\/wp\/v2\/product"}],"about":[{"href":"https:\/\/shop.keelerglobal.com\/es\/wp-json\/wp\/v2\/types\/product"}],"wp:featuredmedia":[{"embeddable":true,"href":"https:\/\/shop.keelerglobal.com\/es\/wp-json\/wp\/v2\/media\/693"}],"wp:attachment":[{"href":"https:\/\/shop.keelerglobal.com\/es\/wp-json\/wp\/v2\/media?parent=1137"}],"wp:term":[{"taxonomy":"product_brand","embeddable":true,"href":"https:\/\/shop.keelerglobal.com\/es\/wp-json\/wp\/v2\/product_brand?post=1137"},{"taxonomy":"product_cat","embeddable":true,"href":"https:\/\/shop.keelerglobal.com\/es\/wp-json\/wp\/v2\/product_cat?post=1137"},{"taxonomy":"product_tag","embeddable":true,"href":"https:\/\/shop.keelerglobal.com\/es\/wp-json\/wp\/v2\/product_tag?post=1137"}],"curies":[{"name":"wp","href":"https:\/\/api.w.org\/{rel}","templated":true}]}}