{"id":1186,"date":"2025-10-09T13:10:48","date_gmt":"2025-10-09T12:10:48","guid":{"rendered":"https:\/\/shop.keelerglobal.com\/crear-una-cuenta\/"},"modified":"2025-10-09T13:10:48","modified_gmt":"2025-10-09T12:10:48","slug":"crear-una-cuenta","status":"publish","type":"page","link":"https:\/\/shop.keelerglobal.com\/es\/crear-una-cuenta\/","title":{"rendered":"Crear <span>una cuenta<\/span>"},"content":{"rendered":"<p>Gracias por su inter\u00e9s en Keeler.<\/p>\n<p>Nuestros productos est\u00e1n destinados \u00fanicamente a profesionales sanitarios que trabajen en el sector del cuidado ocular. Para consultar los precios y realizar una compra, cree una cuenta rellenando el siguiente formulario. <\/p>\n<p>Tenga en cuenta que actualmente solo aceptamos compras para su entrega en la Espa\u00f1a peninsular.<\/p>\n    <div class=\"custom-registration-form\">\n        <form method=\"post\" action=\"https:\/\/shop.keelerglobal.com\/wp-admin\/admin-post.php\" class=\"woocommerce-form woocommerce-form-register register\">\n\n            <!-- Hidden field for WordPress to know which action to process -->\n            <input type=\"hidden\" name=\"action\" value=\"custom_user_registration\">\n\n            <!-- Security nonce -->\n            <input type=\"hidden\" id=\"custom_registration_nonce\" name=\"custom_registration_nonce\" value=\"80faa1e88c\" \/><input type=\"hidden\" name=\"_wp_http_referer\" value=\"\/es\/wp-json\/wp\/v2\/pages\/1186\" \/>\n            <!-- Return URL for redirect after processing -->\n            <input type=\"hidden\" name=\"redirect_to\" value=\"https:\/\/shop.keelerglobal.com\/es\/crear-una-cuenta\/\">\n\n            <!-- Contact Details Section -->\n            <h3>Contact <span class=\"highlight\">details<\/span><\/h3>\n            <div class=\"form-section contact-details\">\n                <div class=\"form-row-group row\">\n                    <div class=\"form-row form-row-half col-md-6\">\n                        <label for=\"reg_billing_first_name\">Nombre&nbsp;<span class=\"required\">*<\/span><\/label>\n                        <input type=\"text\" class=\"woocommerce-Input\" name=\"billing_first_name\" id=\"reg_billing_first_name\" value=\"\" required \/>\n                    <\/div>\n\n                    <div class=\"form-row form-row-half col-md-6\">\n                        <label for=\"reg_billing_last_name\">Apellidos&nbsp;<span class=\"required\">*<\/span><\/label>\n                        <input type=\"text\" class=\"woocommerce-Input\" name=\"billing_last_name\" id=\"reg_billing_last_name\" value=\"\" required \/>\n                    <\/div>\n                <\/div>\n\n                <div class=\"form-row form-row-wide row\">\n                    <div class=\"col-12\">\n                        <label for=\"reg_email\">Direcci\u00f3n de correo electr\u00f3nico&nbsp;<span class=\"required\">*<\/span><\/label>\n                        <input type=\"email\" class=\"woocommerce-Input\" name=\"email\" id=\"reg_email\" autocomplete=\"email\" value=\"\" required \/>\n                    <\/div>\n                <\/div>\n            <\/div>\n\n            <!-- Delivery Address Section -->\n            <h3>Delivery <span class=\"highlight\">address<\/span><\/h3>\n            <div class=\"form-section delivery-address\">\n                <div class=\"form-row-group row\">\n                    <div class=\"form-row form-row-half col-md-6\">\n                        <label for=\"reg_building_name\">Nombre\/n\u00famero del edificio<\/label>\n                        <input type=\"text\" class=\"woocommerce-Input\" name=\"building_name\" id=\"reg_building_name\" value=\"\" \/>\n                    <\/div>\n\n                    <div class=\"form-row form-row-half col-md-6\">\n                        <label for=\"reg_billing_state\">Regi\u00f3n\/Estado<\/label>\n                        <input type=\"text\" class=\"woocommerce-Input\" name=\"billing_state\" id=\"reg_billing_state\" value=\"\" \/>\n                    <\/div>\n                <\/div>\n\n                <div class=\"form-row-group row\">\n                    <div class=\"form-row form-row-half col-md-6\">\n                        <label for=\"reg_billing_address_1\">Direcci\u00f3n de la calle&nbsp;<span class=\"required\">*<\/span><\/label>\n                        <input type=\"text\" class=\"woocommerce-Input\" name=\"billing_address_1\" id=\"reg_billing_address_1\" value=\"\" required \/>\n                    <\/div>\n\n                    <div class=\"form-row form-row-half col-md-6\">\n                        <label for=\"reg_billing_postcode\">Zip code&nbsp;<span class=\"required\">*<\/span><\/label>\n                        <input type=\"text\" class=\"woocommerce-Input\" name=\"billing_postcode\" id=\"reg_billing_postcode\" value=\"\" required \/>\n                    <\/div>\n                <\/div>\n\n                <div class=\"form-row-group row\">\n                    <div class=\"form-row form-row-half col-md-6\">\n                        <label for=\"reg_billing_city\">Ciudad&nbsp;<span class=\"required\">*<\/span><\/label>\n                        <input type=\"text\" class=\"woocommerce-Input\" name=\"billing_city\" id=\"reg_billing_city\" value=\"\" required \/>\n                    <\/div>\n\n                    <div class=\"form-row form-row-half col-md-6\">\n                        <label for=\"reg_billing_country\">Country&nbsp;<span class=\"required\">*<\/span><\/label>\n                        <select name=\"billing_country\" id=\"reg_billing_country\" class=\"woocommerce-Input\" required>\n                            <option value=\"\">Seleccione un pa\u00eds\u2026<\/option>\n                            <option value=\"AF\" >Afganist\u00e1n<\/option><option value=\"AL\" >Albania<\/option><option value=\"DE\" >Alemania<\/option><option value=\"AD\" >Andorra<\/option><option value=\"AO\" >Angola<\/option><option value=\"AI\" >Anguila<\/option><option value=\"AQ\" >Ant\u00e1rtida<\/option><option value=\"AG\" >Antigua y Barbuda<\/option><option value=\"SA\" >Arabia Saudita<\/option><option value=\"DZ\" >Argelia<\/option><option value=\"AR\" >Argentina<\/option><option value=\"AM\" >Armenia<\/option><option value=\"AW\" >Aruba<\/option><option value=\"AU\" >Australia<\/option><option value=\"AT\" >Austria<\/option><option value=\"AZ\" >Azerbaiy\u00e1n<\/option><option value=\"BS\" >Bahamas<\/option><option value=\"BD\" >Banglad\u00e9s<\/option><option value=\"BB\" >Barbados<\/option><option value=\"BH\" >Bar\u00e9in<\/option><option value=\"PW\" >Belau<\/option><option value=\"BE\" >B\u00e9lgica<\/option><option value=\"BZ\" >Belice<\/option><option value=\"BJ\" >Ben\u00edn<\/option><option value=\"BM\" >Bermudas<\/option><option value=\"BY\" >Bielorrusia<\/option><option value=\"MM\" >Birmania<\/option><option value=\"BO\" >Bolivia<\/option><option value=\"BQ\" >Bonaire, San Eustaquio y Saba<\/option><option value=\"BA\" >Bosnia y Herzegovina<\/option><option value=\"BW\" >Botsuana<\/option><option value=\"BR\" >Brasil<\/option><option value=\"BN\" >Brun\u00e9i<\/option><option value=\"BG\" >Bulgaria<\/option><option value=\"BF\" >Burkina Faso<\/option><option value=\"BI\" >Burundi<\/option><option value=\"BT\" >But\u00e1n<\/option><option value=\"CV\" >Cabo Verde<\/option><option value=\"KH\" >Camboya<\/option><option value=\"CM\" >Camer\u00fan<\/option><option value=\"CA\" >Canad\u00e1<\/option><option value=\"QA\" >Catar<\/option><option value=\"TD\" >Chad<\/option><option value=\"CL\" >Chile<\/option><option value=\"CN\" >China<\/option><option value=\"CY\" >Chipre<\/option><option value=\"VA\" >Ciudad del Vaticano<\/option><option value=\"CO\" >Colombia<\/option><option value=\"KM\" >Comoras<\/option><option value=\"CG\" >Congo (Brazzaville)<\/option><option value=\"CD\" >Congo (Kinshasa)<\/option><option value=\"KP\" >Corea del Norte<\/option><option value=\"KR\" >Corea del Sur<\/option><option value=\"CI\" >Costa de Marfil<\/option><option value=\"CR\" >Costa Rica<\/option><option value=\"HR\" >Croacia<\/option><option value=\"CU\" >Cuba<\/option><option value=\"CW\" >Curazao<\/option><option value=\"DK\" >Dinamarca<\/option><option value=\"DM\" >Dominica<\/option><option value=\"EC\" >Ecuador<\/option><option value=\"EG\" >Egipto<\/option><option value=\"SV\" >El Salvador<\/option><option value=\"AE\" >Emiratos \u00c1rabes Unidos<\/option><option value=\"ER\" >Eritrea<\/option><option value=\"SK\" >Eslovaquia<\/option><option value=\"SI\" >Eslovenia<\/option><option value=\"ES\" selected>Espa\u00f1a<\/option><option value=\"US\" >Estados Unidos (EEUU)<\/option><option value=\"EE\" >Estonia<\/option><option value=\"SZ\" >Esuatini<\/option><option value=\"ET\" >Etiop\u00eda<\/option><option value=\"PH\" >Filipinas<\/option><option value=\"FI\" >Finlandia<\/option><option value=\"FJ\" >Fiyi<\/option><option value=\"FR\" >Francia<\/option><option value=\"GA\" >Gab\u00f3n<\/option><option value=\"GM\" >Gambia<\/option><option value=\"GE\" >Georgia<\/option><option value=\"GH\" >Ghana<\/option><option value=\"GI\" >Gibraltar<\/option><option value=\"GD\" >Granada<\/option><option value=\"GR\" >Grecia<\/option><option value=\"GL\" >Groenlandia<\/option><option value=\"GP\" >Guadalupe<\/option><option value=\"GU\" >Guam<\/option><option value=\"GT\" >Guatemala<\/option><option value=\"GF\" >Guayana Francesa<\/option><option value=\"GG\" >Guernsey<\/option><option value=\"GN\" >Guinea<\/option><option value=\"GQ\" >Guinea Ecuatorial<\/option><option value=\"GW\" >Guinea-Bis\u00e1u<\/option><option value=\"GY\" >Guyana<\/option><option value=\"HT\" >Hait\u00ed<\/option><option value=\"HN\" >Honduras<\/option><option value=\"HK\" >Hong Kong<\/option><option value=\"HU\" >Hungr\u00eda<\/option><option value=\"IN\" >India<\/option><option value=\"ID\" >Indonesia<\/option><option value=\"IQ\" >Irak<\/option><option value=\"IR\" >Ir\u00e1n<\/option><option value=\"IE\" >Irlanda<\/option><option value=\"BV\" >Isla Bouvet<\/option><option value=\"IM\" >Isla de Man<\/option><option value=\"CX\" >Isla de Navidad<\/option><option value=\"NF\" >Isla Norfolk<\/option><option value=\"SH\" >Isla Santa Elena<\/option><option value=\"IS\" >Islandia<\/option><option value=\"AX\" >Islas \u00c5land<\/option><option value=\"KY\" >Islas Caim\u00e1n<\/option><option value=\"CC\" >Islas Cocos<\/option><option value=\"CK\" >Islas Cook<\/option><option value=\"UM\" >Islas de ultramar menores de Estados Unidos (EEUU)<\/option><option value=\"FO\" >Islas Feroe<\/option><option value=\"GS\" >Islas Georgias y Sandwich del Sur<\/option><option value=\"HM\" >Islas Heard y McDonald<\/option><option value=\"FK\" >Islas Malvinas<\/option><option value=\"MP\" >Islas Marianas del Norte<\/option><option value=\"MH\" >Islas Marshall<\/option><option value=\"SB\" >Islas Salom\u00f3n<\/option><option value=\"TC\" >Islas Turcas y Caicos<\/option><option value=\"VG\" >Islas V\u00edrgenes (Brit\u00e1nicas)<\/option><option value=\"VI\" >Islas V\u00edrgenes (EEUU)<\/option><option value=\"IL\" >Israel<\/option><option value=\"IT\" >Italia<\/option><option value=\"JM\" >Jamaica<\/option><option value=\"JP\" >Jap\u00f3n<\/option><option value=\"JE\" >Jersey<\/option><option value=\"JO\" >Jordania<\/option><option value=\"KZ\" >Kazajist\u00e1n<\/option><option value=\"KE\" >Kenia<\/option><option value=\"KG\" >Kirguist\u00e1n<\/option><option value=\"KI\" >Kiribati<\/option><option value=\"XK\" >Kosovo<\/option><option value=\"KW\" >Kuwait<\/option><option value=\"LA\" >Laos<\/option><option value=\"LS\" >Lesoto<\/option><option value=\"LV\" >Letonia<\/option><option value=\"LB\" >L\u00edbano<\/option><option value=\"LR\" >Liberia<\/option><option value=\"LY\" >Libia<\/option><option value=\"LI\" >Liechtenstein<\/option><option value=\"LT\" >Lituania<\/option><option value=\"LU\" >Luxemburgo<\/option><option value=\"MO\" >Macao<\/option><option value=\"MK\" >Macedonia del Norte<\/option><option value=\"MG\" >Madagascar<\/option><option value=\"MY\" >Malasia<\/option><option value=\"MW\" >Malaui<\/option><option value=\"MV\" >Maldivas<\/option><option value=\"ML\" >Mal\u00ed<\/option><option value=\"MT\" >Malta<\/option><option value=\"MA\" >Marruecos<\/option><option value=\"MQ\" >Martinica<\/option><option value=\"MU\" >Mauricio<\/option><option value=\"MR\" >Mauritania<\/option><option value=\"YT\" >Mayotte<\/option><option value=\"MX\" >M\u00e9xico<\/option><option value=\"FM\" >Micronesia<\/option><option value=\"MD\" >Moldavia<\/option><option value=\"MC\" >M\u00f3naco<\/option><option value=\"MN\" >Mongolia<\/option><option value=\"ME\" >Montenegro<\/option><option value=\"MS\" >Montserrat<\/option><option value=\"MZ\" >Mozambique<\/option><option value=\"NA\" >Namibia<\/option><option value=\"NR\" >Nauru<\/option><option value=\"NP\" >Nepal<\/option><option value=\"NI\" >Nicaragua<\/option><option value=\"NE\" >N\u00edger<\/option><option value=\"NG\" >Nigeria<\/option><option value=\"NU\" >Niue<\/option><option value=\"NO\" >Noruega<\/option><option value=\"NC\" >Nueva Caledonia<\/option><option value=\"NZ\" >Nueva Zelanda<\/option><option value=\"OM\" >Om\u00e1n<\/option><option value=\"NL\" >Pa\u00edses Bajos<\/option><option value=\"PK\" >Pakist\u00e1n<\/option><option value=\"PA\" >Panam\u00e1<\/option><option value=\"PG\" >Pap\u00faa Nueva Guinea<\/option><option value=\"PY\" >Paraguay<\/option><option value=\"PE\" >Per\u00fa<\/option><option value=\"PN\" >Pitcairn<\/option><option value=\"PF\" >Polinesia Francesa<\/option><option value=\"PL\" >Polonia<\/option><option value=\"PT\" >Portugal<\/option><option value=\"PR\" >Puerto Rico<\/option><option value=\"GB\" >Reino Unido (UK)<\/option><option value=\"CF\" >Rep\u00fablica Centroafricana<\/option><option value=\"CZ\" >Rep\u00fablica Checa<\/option><option value=\"DO\" >Rep\u00fablica Dominicana<\/option><option value=\"RE\" >Reuni\u00f3n<\/option><option value=\"RW\" >Ruanda<\/option><option value=\"RO\" >Rumania<\/option><option value=\"RU\" >Rusia<\/option><option value=\"EH\" >Sahara Occidental<\/option><option value=\"WS\" >Samoa<\/option><option value=\"AS\" >Samoa Americana<\/option><option value=\"BL\" >San Bartolom\u00e9<\/option><option value=\"KN\" >San Crist\u00f3bal y Nieves<\/option><option value=\"SM\" >San Marino<\/option><option value=\"SX\" >San Mart\u00edn (Pa\u00edses Bajos)<\/option><option value=\"MF\" >San Mart\u00edn (parte de Francia)<\/option><option value=\"PM\" >San Pedro y Miquel\u00f3n<\/option><option value=\"VC\" >San Vicente y las Granadinas<\/option><option value=\"LC\" >Santa Luc\u00eda<\/option><option value=\"ST\" >Santo Tom\u00e9 y Pr\u00edncipe<\/option><option value=\"SN\" >Senegal<\/option><option value=\"RS\" >Serbia<\/option><option value=\"SC\" >Seychelles<\/option><option value=\"SL\" >Sierra Leona<\/option><option value=\"SG\" >Singapur<\/option><option value=\"SY\" >Siria<\/option><option value=\"SO\" >Somalia<\/option><option value=\"LK\" >Sri Lanka<\/option><option value=\"ZA\" >Sud\u00e1frica<\/option><option value=\"SD\" >Sud\u00e1n<\/option><option value=\"SS\" >Sud\u00e1n del Sur<\/option><option value=\"SE\" >Suecia<\/option><option value=\"CH\" >Suiza<\/option><option value=\"SR\" >Surinam<\/option><option value=\"SJ\" >Svalbard y Jan Mayen<\/option><option value=\"TH\" >Tailandia<\/option><option value=\"TW\" >Taiw\u00e1n<\/option><option value=\"TZ\" >Tanzania<\/option><option value=\"TJ\" >Tayikist\u00e1n<\/option><option value=\"IO\" >Territorio Brit\u00e1nico del Oc\u00e9ano \u00cdndico<\/option><option value=\"TF\" >Territorios australes franceses<\/option><option value=\"PS\" >Territorios Palestinos<\/option><option value=\"TL\" >Timor Oriental<\/option><option value=\"TG\" >Togo<\/option><option value=\"TK\" >Tokelau<\/option><option value=\"TO\" >Tonga<\/option><option value=\"TT\" >Trinidad y Tobago<\/option><option value=\"TN\" >T\u00fanez<\/option><option value=\"TM\" >Turkmenist\u00e1n<\/option><option value=\"TR\" >Turqu\u00eda<\/option><option value=\"TV\" >Tuvalu<\/option><option value=\"UA\" >Ucrania<\/option><option value=\"UG\" >Uganda<\/option><option value=\"UY\" >Uruguay<\/option><option value=\"UZ\" >Uzbekist\u00e1n<\/option><option value=\"VU\" >Vanuatu<\/option><option value=\"VE\" >Venezuela<\/option><option value=\"VN\" >Vietnam<\/option><option value=\"WF\" >Wallis y Futuna<\/option><option value=\"YE\" >Yemen<\/option><option value=\"DJ\" >Yibuti<\/option><option value=\"ZM\" >Zambia<\/option><option value=\"ZW\" >Zimbabue<\/option>                        <\/select>\n                    <\/div>\n                <\/div>\n            <\/div>\n\n            \n            <!-- Account Type Section -->\n            <h3>Please <span class=\"highlight\">select one<\/span><\/h3>\n            <div class=\"form-section account-type\">\n\n                <div class=\"account-type-options row\">\n                    <div class=\"account-type-option col-md-6\">\n                        <label class=\"account-type-label\">\n                            <input type=\"radio\" name=\"account_type\" value=\"professional\" id=\"account_type_professional\"  required \/>\n                            <span>Soy un profesional del cuidado de la vista, o un estudiante, y realizo un pedido para m\u00ed mismo.&nbsp;<span class=\"required\">*<\/span><\/span>\n                        <\/label>\n                        <div class=\"professional-fields\" >\n                            <div class=\"form-row row\">\n                                <div class=\"col-md-12\">\n                                    <label for=\"reg_professional_id\">ID profesional <span class=\"required\">*<\/span><\/label>\n                                    <input type=\"text\" class=\"woocommerce-Input\" name=\"professional_id\" id=\"reg_professional_id\" value=\"\" pattern=\"(\\d{8}[A-Za-z]|[A-Za-z]\\d{7}[A-Za-z])\" title=\"Please provide a valid Professional ID\" \/>\n                                <\/div>\n                            <\/div>\n                        <\/div>\n                    <\/div>\n\n                    <div class=\"account-type-option col-md-6\">\n                        <label class=\"account-type-label\">\n                            <input type=\"radio\" name=\"account_type\" value=\"business\" id=\"account_type_business\"  required \/>\n                            <span>Estoy realizando un pedido para un negocio de cuidado de la vista.&nbsp;<span class=\"required\">*<\/span><\/span>\n                        <\/label>\n                        <div class=\"business-fields\">\n                            <div class=\"form-row row\">\n                                <div class=\"col-md-12\">\n                                    <label for=\"reg_billing_company\">Business name&nbsp;<span class=\"required\">*<\/span><\/label>\n                                    <input type=\"text\" class=\"woocommerce-Input\" name=\"billing_company\" id=\"reg_billing_company\" value=\"\" \/>\n                                <\/div>\n                            <\/div>\n                            <div class=\"form-row row\">\n                                <div class=\"col-md-12\">\n                                    <label for=\"reg_vat_number\">N\u00famero de identificaci\u00f3n fiscal (IVA)&nbsp;<span class=\"required\">*<\/span><\/label>\n                                    <input type=\"text\" class=\"woocommerce-Input\" name=\"vat_number\" id=\"reg_vat_number\" value=\"\" pattern=\"[A-Za-z]\\d{8}\" title=\"Please enter a valid tax number\" \/>\n                                <\/div>\n                            <\/div>\n                        <\/div>\n                    <\/div>\n                <\/div>\n            <\/div>\n\n            <!-- Password Section -->\n            <h3>Create <span class=\"highlight\">password<\/span><\/h3>\n            <div class=\"form-section create-password\">\n                <div class=\"form-row-group row\">\n                    <div class=\"form-row form-row-half col-md-6\">\n                        <label for=\"reg_password\">Contrase\u00f1a&nbsp;<span class=\"required\">*<\/span><\/label>\n                        <input type=\"password\" class=\"woocommerce-Input\" name=\"password\" id=\"reg_password\" autocomplete=\"new-password\" required \/>\n                    <\/div>\n\n                    <div class=\"form-row form-row-half col-md-6\">\n                        <label for=\"reg_password_confirm\">Confirmar contrase\u00f1a&nbsp;<span class=\"required\">*<\/span><\/label>\n                        <input type=\"password\" class=\"woocommerce-Input\" name=\"password_confirm\" id=\"reg_password_confirm\" autocomplete=\"new-password\" required \/>\n                    <\/div>\n                <\/div>\n            <\/div>\n\n<!--            <div class=\"form-check\">-->\n<!--                <input class=\"form-check-input\" type=\"checkbox\" value=\"\" id=\"flexCheckDefault1\">-->\n<!--                <label class=\"form-check-label\" for=\"flexCheckDefault1\">-->\n<!--                    I would like to opt in to receive FREE educational resource emails from Keeler, including videos, expert blogs and training materials, to support my continued education.-->\n<!--                <\/label>-->\n<!--            <\/div>-->\n\n            <div class=\"form-check\">\n                <input class=\"form-check-input\" name=\"marketing\" type=\"checkbox\" value=\"opt-in\" id=\"flexCheckDefault2\">\n                <label class=\"form-check-label\" for=\"flexCheckDefault2\">\n                    I would like to opt in to receive occasional marketing from Keeler with promotions, news and new product availability.                <\/label>\n            <\/div>\n\n            <div class=\"tick-box-area\">\n                <div class=\"promise-statement\">We promise to never pass your details on to a third party, and you can unsubscribe at any time.<\/div>\n            <\/div>\n\n            <div class=\"form-row\">\n                <button type=\"submit\" class=\"woocommerce-Button button\" name=\"register\" value=\"Register\">Crear una cuenta<\/button>\n            <\/div>\n\n        <\/form>\n    <\/div>\n    \n","protected":false},"excerpt":{"rendered":"<p>Gracias por su inter\u00e9s en Keeler. Nuestros productos est\u00e1n destinados \u00fanicamente a profesionales sanitarios que trabajen en el sector del cuidado ocular. Para consultar los precios y realizar una compra, cree una cuenta rellenando el siguiente formulario. Tenga en cuenta que actualmente solo aceptamos compras para su entrega en la Espa\u00f1a peninsular.<\/p>\n","protected":false},"author":1,"featured_media":0,"parent":0,"menu_order":0,"comment_status":"closed","ping_status":"closed","template":"","meta":{"_acf_changed":false,"footnotes":""},"class_list":["post-1186","page","type-page","status-publish","hentry"],"acf":[],"_links":{"self":[{"href":"https:\/\/shop.keelerglobal.com\/es\/wp-json\/wp\/v2\/pages\/1186","targetHints":{"allow":["GET"]}}],"collection":[{"href":"https:\/\/shop.keelerglobal.com\/es\/wp-json\/wp\/v2\/pages"}],"about":[{"href":"https:\/\/shop.keelerglobal.com\/es\/wp-json\/wp\/v2\/types\/page"}],"author":[{"embeddable":true,"href":"https:\/\/shop.keelerglobal.com\/es\/wp-json\/wp\/v2\/users\/1"}],"replies":[{"embeddable":true,"href":"https:\/\/shop.keelerglobal.com\/es\/wp-json\/wp\/v2\/comments?post=1186"}],"version-history":[{"count":0,"href":"https:\/\/shop.keelerglobal.com\/es\/wp-json\/wp\/v2\/pages\/1186\/revisions"}],"wp:attachment":[{"href":"https:\/\/shop.keelerglobal.com\/es\/wp-json\/wp\/v2\/media?parent=1186"}],"curies":[{"name":"wp","href":"https:\/\/api.w.org\/{rel}","templated":true}]}}