{"id":1175,"date":"2025-10-12T18:44:16","date_gmt":"2025-10-12T17:44:16","guid":{"rendered":"https:\/\/shop.keelerglobal.com\/promocion-de-regalo-gratuito-terminos-y-condiciones\/"},"modified":"2025-10-12T18:44:16","modified_gmt":"2025-10-12T17:44:16","slug":"promocion-de-regalo-gratuito-terminos-y-condiciones","status":"publish","type":"page","link":"https:\/\/shop.keelerglobal.com\/es\/promocion-de-regalo-gratuito-terminos-y-condiciones\/","title":{"rendered":"Promoci\u00f3n de regalo gratuito: t\u00e9rminos y condiciones"},"content":{"rendered":"<h4>Promoci\u00f3n de Keeler de regalo gratuito con la compra: t\u00e9rminos y condiciones<\/h1>\n<p><strong>Fecha de entrada en vigor:<\/strong> 01\/10\/2025<\/p>\n<h2>1.0 Resumen:<\/h2>\n<p>Reciba un oftalmoscopio u otoscopio Jazz de Keeler gratuito (por valor de hasta 200 \u20ac) al gastar 500 \u20ac o m\u00e1s en productos Keeler en una sola transacci\u00f3n en l\u00ednea.<\/p>\n<h2>2.0 Requisitos:<\/h2>\n<ul>\n<li>Oferta v\u00e1lida solo en su primera compra en l\u00ednea.<\/li>\n<li>Gasto m\u00ednimo de 500 \u20ac (sin IVA ni env\u00edo) en productos Keeler en un solo pedido.<\/li>\n<li>Introduzca el c\u00f3digo promocional &#8216;WELCOME1&#8217; o &#8216;WELCOME2&#8217; al finalizar la compra para poder optar a la promoci\u00f3n.<\/li>\n<li>V\u00e1lido para un regalo gratuito por pedido que cumpla los requisitos, hasta agotar existencias.<\/li>\n<\/ul>\n<h2>3.0 Regalo con la compra<\/h2>\n<ul>\n<li>Se a\u00f1adir\u00e1 un oftalmoscopio u otoscopio Jazz de cortes\u00eda a su pedido sin coste adicional si se cumplen todas las condiciones de elegibilidad.<\/li>\n<li>Los modelos ofrecidos (oft\u00e1lmico u otoscopio) est\u00e1n sujetos a disponibilidad.<\/li>\n<\/ul>\n<h2>4.0 Disponibilidad<\/h2>\n<ul>\n<li>La oferta es v\u00e1lida solo por tiempo limitado, hasta agotar las existencias promocionales. <\/li>\n<li>La oferta de regalo gratuito est\u00e1 disponible por orden de llegada.<\/li>\n<li>Si la disponibilidad del modelo seleccionado cambia durante el proceso de compra (es decir, se solicitan m\u00e1s regalos gratuitos de los que se pueden satisfacer antes de que se actualicen los datos del sitio web), los regalos se asignar\u00e1n por orden de llegada, ofreci\u00e9ndose el regalo alternativo en su lugar. Confirmaremos si este es el caso al confirmar que su pedido ha sido procesado.<\/li>\n<li>La oferta est\u00e1 sujeta a la disponibilidad de existencias y puede ser retirada, modificada o ampliada a la entera discreci\u00f3n de Keeler, sin previo aviso.<\/li>\n<\/ul>\n<h2>5.0 Restricciones<\/h2>\n<ul>\n<li>Esta promoci\u00f3n es v\u00e1lida para pedidos en l\u00ednea enviados a Espa\u00f1a peninsular y las Islas Baleares \u00fanicamente, seg\u00fan nuestros t\u00e9rminos de env\u00edo.<\/li>\n<\/ul>\n<h2>6.0 T\u00e9rminos generales<\/h3>\n<ul>\n<li>Esta oferta no se puede utilizar junto con otras ofertas, descuentos o promociones.<\/li>\n<li>No se ofrecer\u00e1 ninguna alternativa en efectivo ni sustituciones.<\/li>\n<li>En caso de devoluci\u00f3n o reembolso que reduzca el valor del pedido por debajo del umbral de calificaci\u00f3n, el regalo gratuito debe devolverse sin usar y en su embalaje original. Keeler se reserva el derecho de deducir el valor del regalo de cualquier reembolso si el art\u00edculo no se devuelve.<\/li>\n<\/ul>\n","protected":false},"excerpt":{"rendered":"<p>Promoci\u00f3n de Keeler de regalo gratuito con la compra: t\u00e9rminos y condiciones Fecha de entrada en vigor: 01\/10\/2025 1.0 Resumen: Reciba un oftalmoscopio u otoscopio Jazz de Keeler gratuito (por valor de hasta 200 \u20ac) al gastar 500 \u20ac o m\u00e1s en productos Keeler en una sola transacci\u00f3n en l\u00ednea. 2.0 Requisitos: Oferta v\u00e1lida solo [&hellip;]<\/p>\n","protected":false},"author":4,"featured_media":0,"parent":0,"menu_order":0,"comment_status":"closed","ping_status":"closed","template":"","meta":{"_acf_changed":false,"footnotes":""},"class_list":["post-1175","page","type-page","status-publish","hentry"],"acf":[],"_links":{"self":[{"href":"https:\/\/shop.keelerglobal.com\/es\/wp-json\/wp\/v2\/pages\/1175","targetHints":{"allow":["GET"]}}],"collection":[{"href":"https:\/\/shop.keelerglobal.com\/es\/wp-json\/wp\/v2\/pages"}],"about":[{"href":"https:\/\/shop.keelerglobal.com\/es\/wp-json\/wp\/v2\/types\/page"}],"author":[{"embeddable":true,"href":"https:\/\/shop.keelerglobal.com\/es\/wp-json\/wp\/v2\/users\/4"}],"replies":[{"embeddable":true,"href":"https:\/\/shop.keelerglobal.com\/es\/wp-json\/wp\/v2\/comments?post=1175"}],"version-history":[{"count":0,"href":"https:\/\/shop.keelerglobal.com\/es\/wp-json\/wp\/v2\/pages\/1175\/revisions"}],"wp:attachment":[{"href":"https:\/\/shop.keelerglobal.com\/es\/wp-json\/wp\/v2\/media?parent=1175"}],"curies":[{"name":"wp","href":"https:\/\/api.w.org\/{rel}","templated":true}]}}