{"id":1125,"date":"2025-10-02T13:59:29","date_gmt":"2025-10-02T12:59:29","guid":{"rendered":"https:\/\/shop.keelerglobal.com\/busca-algo-mas\/"},"modified":"2025-10-02T13:59:29","modified_gmt":"2025-10-02T12:59:29","slug":"busca-algo-mas","status":"publish","type":"page","link":"https:\/\/shop.keelerglobal.com\/es\/busca-algo-mas\/","title":{"rendered":"\u00bfBusca algo m\u00e1s?"},"content":{"rendered":"<p>Gracias por su inter\u00e9s en los productos Keeler.<\/p>\n<p>Tenga en cuenta que solo una gama limitada de productos est\u00e1 disponible para su compra en l\u00ednea en Europa, y actualmente solo aceptamos pedidos para entrega dentro de la Espa\u00f1a peninsular.<\/p>\n<p>Si desea que nos pongamos en contacto con usted en relaci\u00f3n con un producto no disponible en este sitio, o para la entrega en otra ubicaci\u00f3n europea, complete el siguiente formulario:<\/p>\n\n<div class=\"wpcf7 no-js\" id=\"wpcf7-f1081-o1\" lang=\"es-ES\" dir=\"ltr\" data-wpcf7-id=\"1081\">\n<div class=\"screen-reader-response\"><p role=\"status\" aria-live=\"polite\" aria-atomic=\"true\"><\/p> <ul><\/ul><\/div>\n<form action=\"\/es\/wp-json\/wp\/v2\/pages\/1125#wpcf7-f1081-o1\" method=\"post\" class=\"wpcf7-form init\" aria-label=\"Formulario de contacto\" novalidate=\"novalidate\" data-status=\"init\">\n<fieldset class=\"hidden-fields-container\"><input type=\"hidden\" name=\"_wpcf7\" value=\"1081\" \/><input type=\"hidden\" name=\"_wpcf7_version\" value=\"6.1.5\" \/><input type=\"hidden\" name=\"_wpcf7_locale\" value=\"es_ES\" \/><input type=\"hidden\" name=\"_wpcf7_unit_tag\" value=\"wpcf7-f1081-o1\" \/><input type=\"hidden\" name=\"_wpcf7_container_post\" value=\"0\" \/><input type=\"hidden\" name=\"_wpcf7_posted_data_hash\" value=\"\" \/>\n<\/fieldset>\n<div class=\"wpcf7-turnstile cf-turnstile\" data-sitekey=\"0x4AAAAAAB6uGg6bSttecqFk\" data-response-field-name=\"_wpcf7_turnstile_response\"><\/div>\n\n<h3>Datos de <span class=\"highlight\">contacto<\/span>\n<\/h3>\n<div class=\"form-section\">\n\t<div class=\"row\">\n\t\t<div class=\"col-6\">\n\t\t\t<p><label> Nombre*<br \/>\n<span class=\"wpcf7-form-control-wrap\" data-name=\"first-name\"><input size=\"40\" maxlength=\"400\" class=\"wpcf7-form-control wpcf7-text wpcf7-validates-as-required form-control\" aria-required=\"true\" aria-invalid=\"false\" value=\"\" type=\"text\" name=\"first-name\" \/><\/span> <\/label>\n\t\t\t<\/p>\n\t\t<\/div>\n\t\t<div class=\"col-6\">\n\t\t\t<p><label> Apellido*<br \/>\n<span class=\"wpcf7-form-control-wrap\" data-name=\"last-name\"><input size=\"40\" maxlength=\"400\" class=\"wpcf7-form-control wpcf7-text wpcf7-validates-as-required form-control\" aria-required=\"true\" aria-invalid=\"false\" value=\"\" type=\"text\" name=\"last-name\" \/><\/span> <\/label>\n\t\t\t<\/p>\n\t\t<\/div>\n\t<\/div>\n\t<div class=\"row mt-3\">\n\t\t<div class=\"col-12\">\n\t\t\t<p><label> Direcci\u00f3n de correo electr\u00f3nico*<br \/>\n<span class=\"wpcf7-form-control-wrap\" data-name=\"your-email\"><input size=\"40\" maxlength=\"400\" class=\"wpcf7-form-control wpcf7-email wpcf7-validates-as-required wpcf7-text wpcf7-validates-as-email form-control\" aria-required=\"true\" aria-invalid=\"false\" value=\"\" type=\"email\" name=\"your-email\" \/><\/span> <\/label>\n\t\t\t<\/p>\n\t\t<\/div>\n\t<\/div>\n<\/div>\n<h3><span class=\"highlight\">Inter\u00e9s<\/span> en el producto\n<\/h3>\n<div class=\"form-section\">\n\t<div class=\"row\">\n\t\t<div class=\"col-12\">\n\t\t\t<p><label> Especifique qu\u00e9 productos le interesan:<br \/>\n<span class=\"wpcf7-form-control-wrap\" data-name=\"product-interest\"><textarea cols=\"40\" rows=\"10\" maxlength=\"2000\" class=\"wpcf7-form-control wpcf7-textarea form-control\" aria-invalid=\"false\" name=\"product-interest\"><\/textarea><\/span> <\/label>\n\t\t\t<\/p>\n\t\t<\/div>\n\t<\/div>\n<\/div>\n<h3><span class=\"highlight\">Pa\u00eds<\/span> de entrega deseado\n<\/h3>\n<div class=\"form-section\">\n\t<div class=\"row\">\n\t\t<div class=\"col-12\">\n\t\t\t<p><label> Especifique a qu\u00e9 pa\u00eds le interesa que se realice la entrega:<br \/>\n<span class=\"wpcf7-form-control-wrap\" data-name=\"delivery-country\"><input size=\"40\" maxlength=\"400\" class=\"wpcf7-form-control wpcf7-text form-control\" aria-invalid=\"false\" value=\"\" type=\"text\" name=\"delivery-country\" \/><\/span> <\/label>\n\t\t\t<\/p>\n\t\t<\/div>\n\t<\/div>\n<\/div>\n<div class=\"form-checkboxes\">\n\t<div class=\"form-checkbox\">\n\t\t<p><span class=\"wpcf7-form-control-wrap\" data-name=\"optin-marketing\"><span class=\"wpcf7-form-control wpcf7-checkbox form-check-input\"><span class=\"wpcf7-list-item first last\"><label><input type=\"checkbox\" name=\"optin-marketing[]\" value=\"Me gustar\u00eda suscribirme para recibir correos electr\u00f3nicos de marketing ocasionales de Keeler con promociones, noticias empresariales y disponibilidad de nuevos productos.\" \/><span class=\"wpcf7-list-item-label\">Me gustar\u00eda suscribirme para recibir correos electr\u00f3nicos de marketing ocasionales de Keeler con promociones, noticias empresariales y disponibilidad de nuevos productos.<\/span><\/label><\/span><\/span><\/span>\n\t\t<\/p>\n\t<\/div>\n<\/div>\n<div class=\"row\">\n\t<div class=\"col-12\">\n\t\t<p class=\"form-note\"><br \/>\nPrometemos no ceder nunca sus datos a terceros, y puede darse de baja en cualquier momento.\n\t\t<\/p>\n\t<\/div>\n<\/div>\n<div class=\"row\">\n\t<div class=\"col-12\">\n\t\t<p><input class=\"wpcf7-form-control wpcf7-submit has-spinner\" type=\"submit\" value=\"Enviar formulario\" \/>\n\t\t<\/p>\n\t<\/div>\n<\/div><div class=\"wpcf7-response-output\" aria-hidden=\"true\"><\/div>\n<\/form>\n<\/div>\n\n<p>Durante m\u00e1s de 100 a\u00f1os, hemos fabricado productos quir\u00fargicos y de diagn\u00f3stico de alta calidad para su uso por profesionales del cuidado ocular en todo el mundo. Para ver nuestra gama completa de productos, visite <a href=\"http:\/\/www.keelerglobal.com\" target=\"_blank\" rel=\"noopener\" data-fpl-component=\"primitive\">www.keelerglobal.com<\/a>. <\/p>\n<p>Estamos orgullosos de trabajar con una incre\u00edble red de socios de distribuci\u00f3n en todo el mundo. Para encontrar su distribuidor local de Keeler, visite <a href=\"http:\/\/www.keelerglobal.com\/distributors\" target=\"_blank\" rel=\"noopener\" data-fpl-component=\"primitive\">www.keelerglobal.com\/distributors<\/a>. <\/p>\n<p>Adem\u00e1s de equipos quir\u00fargicos y de diagn\u00f3stico l\u00edderes en la industria, tambi\u00e9n ofrecemos una gran cantidad de recursos educativos GRATUITOS, incluidos v\u00eddeos, blogs de expertos y materiales de formaci\u00f3n, para apoyar su formaci\u00f3n continua. Visite <a href=\"http:\/\/resourcehub.keelerglobal.com\/\" target=\"_blank\" rel=\"noopener\" data-fpl-component=\"primitive\">resourcehub.keelerglobal.com<\/a> para obtener m\u00e1s informaci\u00f3n. <\/p>\n","protected":false},"excerpt":{"rendered":"<p>Gracias por su inter\u00e9s en los productos Keeler. Tenga en cuenta que solo una gama limitada de productos est\u00e1 disponible para su compra en l\u00ednea en Europa, y actualmente solo aceptamos pedidos para entrega dentro de la Espa\u00f1a peninsular. Si desea que nos pongamos en contacto con usted en relaci\u00f3n con un producto no disponible [&hellip;]<\/p>\n","protected":false},"author":1,"featured_media":0,"parent":0,"menu_order":0,"comment_status":"closed","ping_status":"closed","template":"","meta":{"_acf_changed":false,"footnotes":""},"class_list":["post-1125","page","type-page","status-publish","hentry"],"acf":[],"_links":{"self":[{"href":"https:\/\/shop.keelerglobal.com\/es\/wp-json\/wp\/v2\/pages\/1125","targetHints":{"allow":["GET"]}}],"collection":[{"href":"https:\/\/shop.keelerglobal.com\/es\/wp-json\/wp\/v2\/pages"}],"about":[{"href":"https:\/\/shop.keelerglobal.com\/es\/wp-json\/wp\/v2\/types\/page"}],"author":[{"embeddable":true,"href":"https:\/\/shop.keelerglobal.com\/es\/wp-json\/wp\/v2\/users\/1"}],"replies":[{"embeddable":true,"href":"https:\/\/shop.keelerglobal.com\/es\/wp-json\/wp\/v2\/comments?post=1125"}],"version-history":[{"count":0,"href":"https:\/\/shop.keelerglobal.com\/es\/wp-json\/wp\/v2\/pages\/1125\/revisions"}],"wp:attachment":[{"href":"https:\/\/shop.keelerglobal.com\/es\/wp-json\/wp\/v2\/media?parent=1125"}],"curies":[{"name":"wp","href":"https:\/\/api.w.org\/{rel}","templated":true}]}}