{"id":1116,"date":"2025-10-07T18:09:21","date_gmt":"2025-10-07T17:09:21","guid":{"rendered":"https:\/\/shop.keelerglobal.com\/politica-de-cookies\/"},"modified":"2025-10-07T18:09:21","modified_gmt":"2025-10-07T17:09:21","slug":"politica-de-cookies","status":"publish","type":"page","link":"https:\/\/shop.keelerglobal.com\/es\/politica-de-cookies\/","title":{"rendered":"Pol\u00edtica de cookies"},"content":{"rendered":"<h2>1.0 Prop\u00f3sito<\/h2>\n<p>El prop\u00f3sito de esta pol\u00edtica es explicar a los usuarios de este sitio web shop.keelerglobal.com c\u00f3mo se utilizan las cookies en el sitio, las opciones para controlar el uso de cookies y qu\u00e9 cookies se utilizan.<\/p>\n<h2>2.0 Alcance<\/h2>\n<p>Esta pol\u00edtica se aplica a las cookies utilizadas en este sitio web shop.keelerglobal.com y en los correos electr\u00f3nicos de ventas y marketing.<\/p>\n<h2>3.0 Definiciones<\/h2>\n<p>Los siguientes t\u00e9rminos se utilizan a lo largo de esta pol\u00edtica y se definen de la siguiente manera:<\/p>\n<p><strong>\u00abCookie\u00bb<\/strong>: las cookies son peque\u00f1os archivos que los sitios web que visita colocan en su ordenador. Se utilizan para que los sitios web funcionen, para proporcionar funciones o para que funcionen de forma m\u00e1s eficiente, as\u00ed como para proporcionar informaci\u00f3n al propietario del sitio, como las p\u00e1ginas visitadas, el n\u00famero de visitantes, etc. Algunas cookies tambi\u00e9n permiten mostrar publicidad relevante cuando se desplaza de un sitio a otro.  <\/p>\n<p><strong>\u00abNosotros\/nuestro\/a\u00bb<\/strong>: se refiere a Keeler UK Ltd, el propietario de este sitio web registrado en Clewer Hill Road, Windsor, Berkshire, SL4 4A con el n\u00famero de registro de la empresa 00408759.<\/p>\n<p><strong>\u00abDatos personales\u00bb<\/strong>: es cualquier informaci\u00f3n que pueda identificar directa o indirectamente a una persona viva.<\/p>\n<p><strong>\u00abCookie de origen\u00bb<\/strong>: es una cookie que controlamos nosotros<\/p>\n<p><strong>\u00abCookie de terceros\u00bb<\/strong>: es una cookie proporcionada por un tercero, por ejemplo, Google Analytics, sobre la que no tenemos control<\/p>\n<p><strong>\u00abSesi\u00f3n\u00bb<\/strong>: si una cookie no contiene una fecha de caducidad, se considera una cookie de sesi\u00f3n. Las cookies de sesi\u00f3n se almacenan en la memoria y nunca se escriben en el disco. Cuando se cierra el navegador, la cookie se pierde permanentemente a partir de este momento.  <\/p>\n<p><strong>\u00abPersistente\u00bb<\/strong>: estas cookies permanecen en una de las subcarpetas de su navegador hasta que las elimina manualmente o su navegador las elimina en funci\u00f3n del per\u00edodo de duraci\u00f3n contenido en el archivo de la cookie persistente<\/p>\n<h2>4.0 Tipos de cookies<\/h2>\n<p>Utilizamos los siguientes tipos de cookies en nuestro sitio web:<\/p>\n<h3>Cookies necesarias<\/h3>\n<p>Estas cookies son necesarias para el funcionamiento de nuestro sitio. No acceden ni almacenan ning\u00fan dato personal. Nuestro sitio web no puede funcionar sin estas cookies, por lo que est\u00e1n activadas de forma predeterminada.  <\/p>\n<p>Puede gestionar las cookies en su navegador (consulte la configuraci\u00f3n del navegador en la secci\u00f3n 6). Sus opciones incluir\u00e1n la posibilidad de desactivar las cookies por completo y eliminar las cookies borr\u00e1ndolas cuando abandone nuestro sitio. Si desactiva las cookies, puede encontrar problemas con el funcionamiento de nuestro sitio web.  <\/p>\n<h3>Cookies de an\u00e1lisis<\/h3>\n<p>Estas cookies nos permiten analizar el uso del sitio web, como qu\u00e9 p\u00e1ginas son m\u00e1s populares y c\u00f3mo se mueven los visitantes por el sitio. La informaci\u00f3n recopilada no identifica directamente a ninguna persona.<br \/>\nPuede controlar si desea aceptar el uso de estas cookies a trav\u00e9s de las opciones de consentimiento de cookies en el sitio web. <\/p>\n<h3>Cookies de funcionalidad<\/h3>\n<p>Estas cookies nos permiten reconocerle cuando vuelve a nuestro sitio web. Nos permiten personalizar el contenido para usted y recordar las preferencias que haya establecido en su \u00faltima visita. Puede controlar si desea aceptar el uso de estas cookies a trav\u00e9s de las opciones de consentimiento de cookies en el sitio web.  <\/p>\n<h3>Cookies de rendimiento\/estad\u00edsticas<\/h3>\n<p>Estas cookies recopilan informaci\u00f3n sobre c\u00f3mo utiliza nuestro sitio web (por ejemplo, qu\u00e9 navegador de Internet utiliza, con qu\u00e9 frecuencia visita nuestro sitio web, qu\u00e9 p\u00e1ginas abre o cu\u00e1nto tiempo permanece en nuestro sitio web). Estas cookies no almacenan ninguna informaci\u00f3n que permita identificar personalmente a los visitantes. La informaci\u00f3n recopilada con la ayuda de estas cookies se agrega y, por lo tanto, es an\u00f3nima. Las cookies estad\u00edsticas se pueden implementar sin el consentimiento de los usuarios.   <\/p>\n<h3>Cookies de marketing<\/h3>\n<p>Estas cookies nos permiten proporcionar servicios o publicidad personalizados y relevantes a nuestros visitantes, y evaluar la eficacia de nuestras actividades de marketing digital. Tambi\u00e9n utilizamos estas cookies para habilitar &#8216;plug-ins&#8217; de terceros, como los botones para compartir y dar &#8216;me gusta&#8217; en las redes sociales. Tambi\u00e9n nos permiten reproducir contenido de v\u00eddeo.  <\/p>\n<p>Puede controlar si desea aceptar el uso de estas cookies a trav\u00e9s de las opciones de consentimiento de cookies en el sitio web.<\/p>\n<h2>5.0 Detalles de las cookies<\/h2>\n<h4>5.1 Cookies necesarias<\/h3>\n<table>\n<thead>\n<tr>\n<th>Nombre de la cookie<\/th>\n<th>1.\u00aa o 3.\u00aa parte<\/th>\n<th>Duraci\u00f3n<\/th>\n<th>Prop\u00f3sito<\/th>\n<\/tr>\n<\/thead>\n<tbody>\n<tr>\n<td>__sharethis_cookie_test__<\/td>\n<td>1.\u00aa<\/td>\n<td>Sesi\u00f3n<\/td>\n<td>Esta cookie determina si el navegador acepta cookies.<\/td>\n<\/tr>\n<tr>\n<td>local_storage_support_test<\/td>\n<td>1.\u00aa<\/td>\n<td>Persistente<\/td>\n<td>La cookie se utiliza en el contexto de la funci\u00f3n de almacenamiento local en el navegador. Esta funci\u00f3n permite que el sitio web se cargue m\u00e1s r\u00e1pido precargando ciertos procedimientos.<\/td>\n<\/tr>\n<\/tbody>\n<\/table>\n<h4>5.2 Cookies anal\u00edticas<\/h3>\n<table>\n<thead>\n<tr>\n<th>Nombre de la cookie<\/th>\n<th>1.\u00aa o 3.\u00aa parte<\/th>\n<th>Duraci\u00f3n<\/th>\n<th>Prop\u00f3sito<\/th>\n<\/tr>\n<\/thead>\n<tbody>\n<tr>\n<td>_ga<\/td>\n<td>1.\u00aa<\/td>\n<td>2 a\u00f1os<\/td>\n<td>Registra un ID \u00fanico que se utiliza para generar datos estad\u00edsticos sobre c\u00f3mo el visitante utiliza el sitio web.<\/td>\n<\/tr>\n<tr>\n<td>_gat<\/td>\n<td>1.\u00aa<\/td>\n<td>1 d\u00eda<\/td>\n<td>Utilizado por Google Analytics para limitar la tasa de solicitud<\/td>\n<\/tr>\n<tr>\n<td>_gid<\/td>\n<td>1.\u00aa<\/td>\n<td>1 d\u00eda<\/td>\n<td>Registra un ID \u00fanico que se utiliza para generar datos estad\u00edsticos sobre c\u00f3mo el visitante utiliza el sitio web.<\/td>\n<\/tr>\n<\/tbody>\n<\/table>\n<h4>5.3 Cookies de marketing<\/h3>\n<p><em>(Nota: Esto incluye los correos electr\u00f3nicos de ventas y marketing)<\/em><\/p>\n<table>\n<thead>\n<tr>\n<th>Nombre de la cookie<\/th>\n<th>1.\u00aa o 3.\u00aa parte<\/th>\n<th>Duraci\u00f3n<\/th>\n<th>Prop\u00f3sito<\/th>\n<\/tr>\n<\/thead>\n<tbody>\n<tr>\n<td>__widgetsettings<\/td>\n<td>3.\u00aa<\/td>\n<td>Persistente<\/td>\n<td>Esta cookie la establece Twitter: la cookie permite al visitante compartir contenido del sitio web en su perfil de Twitter.<\/td>\n<\/tr>\n<tr>\n<td>st_samesite<\/td>\n<td>3.\u00aa<\/td>\n<td>Persistente<\/td>\n<td>Utilizado por ShareThis para rastrear la navegaci\u00f3n y las preferencias del sitio web del visitante. Se utiliza para estad\u00edsticas internas y marketing.<\/td>\n<\/tr>\n<\/tbody>\n<\/table>\n<h2>6.0 Uso de su navegador para controlar las cookies<\/h2>\n<p>Adem\u00e1s de establecer las preferencias de cookies utilizando las opciones de configuraci\u00f3n de cookies cuando visita el sitio web, tambi\u00e9n puede controlar la configuraci\u00f3n de cookies en su navegador. A continuaci\u00f3n, se detalla c\u00f3mo controlar las cookies para algunos de los navegadores m\u00e1s comunes: <\/p>\n<ul>\n<li><a href=\"https:\/\/support.google.com\/chrome\/answer\/95647\" target=\"_blank\" rel=\"noopener\">Google Chrome<\/a><\/li>\n<li><a href=\"https:\/\/support.mozilla.org\/en-US\/kb\/enhanced-tracking-protection-firefox-desktop\" target=\"_blank\" rel=\"noopener\">Firefox<\/a><\/li>\n<li><a href=\"https:\/\/support.apple.com\/en-gb\/guide\/safari\/sfri11471\/mac\" target=\"_blank\" rel=\"noopener\">Safari (Mac)<\/a><\/li>\n<li><a href=\"https:\/\/support.apple.com\/en-gb\/HT201265\" target=\"_blank\" rel=\"noopener\">Safari (iPhone\/iPad)<\/a><\/li>\n<li><a href=\"https:\/\/support.microsoft.com\/en-us\/windows\/delete-and-manage-cookies-168dab11-0753-043d-7c16-ede5947fc64d\" target=\"_blank\" rel=\"noopener\">Internet Explorer<\/a><\/li>\n<li><a href=\"https:\/\/support.microsoft.com\/en-us\/microsoft-edge\/delete-cookies-in-microsoft-edge-63947406-40ac-c3b8-57b9-2a946a29ae09\" target=\"_blank\" rel=\"noopener\">Microsoft Edge<\/a><\/li>\n<\/ul>\n<h2>7.0 Gesti\u00f3n de cookies anal\u00edticas<\/h2>\n<p>Puede optar por no participar en el seguimiento an\u00f3nimo de las cookies anal\u00edticas de terceros haciendo clic en los enlaces de nuestros proveedores de servicios aqu\u00ed:<\/p>\n<p><strong>Google Analytics:<\/strong> <a href=\"https:\/\/tools.google.com\/dlpage\/gaoptout\" target=\"_blank\" rel=\"noopener\">https:\/\/tools.google.com\/dlpage\/gaoptout<\/a><\/p>\n<h2>8.0 Informaci\u00f3n adicional<\/h2>\n<p>Si desea obtener m\u00e1s informaci\u00f3n sobre el uso de cookies en este sitio web, p\u00f3ngase en contacto con nosotros en dpo@keeler.co.uk.<\/p>\n<p>Consulte tambi\u00e9n nuestra <a href=\"https:\/\/shop.keelerglobal.com\/es\/politica-de-privacidad\/\">pol\u00edtica de privacidad aqu\u00ed<\/a><\/p>\n<h2>9.0 Cambios en esta pol\u00edtica<\/h2>\n<p>Es posible que realicemos cambios en esta pol\u00edtica de vez en cuando y la \u00faltima versi\u00f3n de la pol\u00edtica siempre se mostrar\u00e1 en nuestro sitio web. Debe consultar esta pol\u00edtica de vez en cuando para ver si hay actualizaciones. Esta pol\u00edtica se actualiz\u00f3 por \u00faltima vez el 08\/10\/2025.  <\/p>\n","protected":false},"excerpt":{"rendered":"<p>1.0 Prop\u00f3sito El prop\u00f3sito de esta pol\u00edtica es explicar a los usuarios de este sitio web shop.keelerglobal.com c\u00f3mo se utilizan las cookies en el sitio, las opciones para controlar el uso de cookies y qu\u00e9 cookies se utilizan. 2.0 Alcance Esta pol\u00edtica se aplica a las cookies utilizadas en este sitio web shop.keelerglobal.com y en [&hellip;]<\/p>\n","protected":false},"author":1,"featured_media":0,"parent":0,"menu_order":0,"comment_status":"closed","ping_status":"closed","template":"","meta":{"_acf_changed":false,"footnotes":""},"class_list":["post-1116","page","type-page","status-publish","hentry"],"acf":[],"_links":{"self":[{"href":"https:\/\/shop.keelerglobal.com\/es\/wp-json\/wp\/v2\/pages\/1116","targetHints":{"allow":["GET"]}}],"collection":[{"href":"https:\/\/shop.keelerglobal.com\/es\/wp-json\/wp\/v2\/pages"}],"about":[{"href":"https:\/\/shop.keelerglobal.com\/es\/wp-json\/wp\/v2\/types\/page"}],"author":[{"embeddable":true,"href":"https:\/\/shop.keelerglobal.com\/es\/wp-json\/wp\/v2\/users\/1"}],"replies":[{"embeddable":true,"href":"https:\/\/shop.keelerglobal.com\/es\/wp-json\/wp\/v2\/comments?post=1116"}],"version-history":[{"count":0,"href":"https:\/\/shop.keelerglobal.com\/es\/wp-json\/wp\/v2\/pages\/1116\/revisions"}],"wp:attachment":[{"href":"https:\/\/shop.keelerglobal.com\/es\/wp-json\/wp\/v2\/media?parent=1116"}],"curies":[{"name":"wp","href":"https:\/\/api.w.org\/{rel}","templated":true}]}}