{"id":1079,"date":"2025-08-06T09:16:13","date_gmt":"2025-08-06T08:16:13","guid":{"rendered":"https:\/\/shop.keelerglobal.com\/explorar-categorias\/"},"modified":"2026-01-16T16:13:17","modified_gmt":"2026-01-16T16:13:17","slug":"explorar-categorias","status":"publish","type":"page","link":"https:\/\/shop.keelerglobal.com\/es\/explorar-categorias\/","title":{"rendered":"Explorar categor\u00edas"},"content":{"rendered":"<div class=\"woocommerce columns-4\"><ul class=\"products columns-4\">\n<li class=\"product-category product first\">\n\t<a aria-label=\"Visitar la categor\u00eda de producto Contacto ton\u00f3metros y accesorios\" href=\"https:\/\/shop.keelerglobal.com\/es\/product-category\/contacto-tonometros-y-accesorios\/\"><div class=\"wrapper-img-category\"><img decoding=\"async\" src=\"https:\/\/shop.keelerglobal.com\/wp-content\/uploads\/2025\/10\/contact-tonometers.jpg\" alt=\"Contacto ton\u00f3metros y accesorios\" width=\"800\" height=\"\" srcset=\"https:\/\/shop.keelerglobal.com\/wp-content\/uploads\/2025\/10\/contact-tonometers.jpg 800w, https:\/\/shop.keelerglobal.com\/wp-content\/uploads\/2025\/10\/contact-tonometers-300x300.jpg 300w, https:\/\/shop.keelerglobal.com\/wp-content\/uploads\/2025\/10\/contact-tonometers-150x150.jpg 150w, https:\/\/shop.keelerglobal.com\/wp-content\/uploads\/2025\/10\/contact-tonometers-768x768.jpg 768w, https:\/\/shop.keelerglobal.com\/wp-content\/uploads\/2025\/10\/contact-tonometers-100x100.jpg 100w\" sizes=\"(max-width: 800px) 100vw, 800px\" \/><\/div>\t\t<h2 class=\"woocommerce-loop-category__title\">\n\t\t\tContacto ton\u00f3metros y accesorios <mark class=\"count\">(8)<\/mark>\t\t<\/h2>\n\t\t<\/a><\/li>\n<li class=\"product-category product\">\n\t<a aria-label=\"Visitar la categor\u00eda de producto Instrumentos de diagn\u00f3stico port\u00e1tiles\" href=\"https:\/\/shop.keelerglobal.com\/es\/product-category\/instrumentos-de-diagnostico-portatiles\/\"><div class=\"wrapper-img-category\"><img decoding=\"async\" src=\"https:\/\/shop.keelerglobal.com\/wp-content\/uploads\/2025\/10\/handheld-diagnostic-instruments.jpg\" alt=\"Instrumentos de diagn\u00f3stico port\u00e1tiles\" width=\"800\" height=\"\" srcset=\"https:\/\/shop.keelerglobal.com\/wp-content\/uploads\/2025\/10\/handheld-diagnostic-instruments.jpg 800w, https:\/\/shop.keelerglobal.com\/wp-content\/uploads\/2025\/10\/handheld-diagnostic-instruments-300x300.jpg 300w, https:\/\/shop.keelerglobal.com\/wp-content\/uploads\/2025\/10\/handheld-diagnostic-instruments-150x150.jpg 150w, https:\/\/shop.keelerglobal.com\/wp-content\/uploads\/2025\/10\/handheld-diagnostic-instruments-768x768.jpg 768w, https:\/\/shop.keelerglobal.com\/wp-content\/uploads\/2025\/10\/handheld-diagnostic-instruments-100x100.jpg 100w\" sizes=\"(max-width: 800px) 100vw, 800px\" \/><\/div>\t\t<h2 class=\"woocommerce-loop-category__title\">\n\t\t\tInstrumentos de diagn\u00f3stico port\u00e1tiles <mark class=\"count\">(15)<\/mark>\t\t<\/h2>\n\t\t<\/a><\/li>\n<li class=\"product-category product\">\n\t<a aria-label=\"Visitar la categor\u00eda de producto Lentes volk\" href=\"https:\/\/shop.keelerglobal.com\/es\/product-category\/lentes-volk\/\"><div class=\"wrapper-img-category\"><img decoding=\"async\" src=\"https:\/\/shop.keelerglobal.com\/wp-content\/uploads\/2025\/10\/volk-lenses.jpg\" alt=\"Lentes volk\" width=\"800\" height=\"\" srcset=\"https:\/\/shop.keelerglobal.com\/wp-content\/uploads\/2025\/10\/volk-lenses.jpg 800w, https:\/\/shop.keelerglobal.com\/wp-content\/uploads\/2025\/10\/volk-lenses-300x300.jpg 300w, https:\/\/shop.keelerglobal.com\/wp-content\/uploads\/2025\/10\/volk-lenses-150x150.jpg 150w, https:\/\/shop.keelerglobal.com\/wp-content\/uploads\/2025\/10\/volk-lenses-768x768.jpg 768w, https:\/\/shop.keelerglobal.com\/wp-content\/uploads\/2025\/10\/volk-lenses-100x100.jpg 100w\" sizes=\"(max-width: 800px) 100vw, 800px\" \/><\/div>\t\t<h2 class=\"woocommerce-loop-category__title\">\n\t\t\tLentes volk <mark class=\"count\">(13)<\/mark>\t\t<\/h2>\n\t\t<\/a><\/li>\n<li class=\"product-category product last\">\n\t<a aria-label=\"Visitar la categor\u00eda de producto Lupas quirurgicas\" href=\"https:\/\/shop.keelerglobal.com\/es\/product-category\/lupas-quirurgicas\/\"><div class=\"wrapper-img-category\"><img decoding=\"async\" src=\"https:\/\/shop.keelerglobal.com\/wp-content\/uploads\/2025\/10\/surgical-loupes.jpg\" alt=\"Lupas quirurgicas\" width=\"800\" height=\"\" srcset=\"https:\/\/shop.keelerglobal.com\/wp-content\/uploads\/2025\/10\/surgical-loupes.jpg 800w, https:\/\/shop.keelerglobal.com\/wp-content\/uploads\/2025\/10\/surgical-loupes-300x300.jpg 300w, https:\/\/shop.keelerglobal.com\/wp-content\/uploads\/2025\/10\/surgical-loupes-150x150.jpg 150w, https:\/\/shop.keelerglobal.com\/wp-content\/uploads\/2025\/10\/surgical-loupes-768x768.jpg 768w, https:\/\/shop.keelerglobal.com\/wp-content\/uploads\/2025\/10\/surgical-loupes-100x100.jpg 100w\" sizes=\"(max-width: 800px) 100vw, 800px\" \/><\/div>\t\t<h2 class=\"woocommerce-loop-category__title\">\n\t\t\tLupas quirurgicas <mark class=\"count\">(10)<\/mark>\t\t<\/h2>\n\t\t<\/a><\/li>\n<li class=\"product-category product first\">\n\t<a aria-label=\"Visitar la categor\u00eda de producto Oftalmoscopios binoculares indirectos\" href=\"https:\/\/shop.keelerglobal.com\/es\/product-category\/oftalmoscopios-binoculares-indirectos\/\"><div class=\"wrapper-img-category\"><img decoding=\"async\" src=\"https:\/\/shop.keelerglobal.com\/wp-content\/uploads\/2025\/10\/binocular-indirect-ophthalmoscopes.jpg\" alt=\"Oftalmoscopios binoculares indirectos\" width=\"800\" height=\"\" srcset=\"https:\/\/shop.keelerglobal.com\/wp-content\/uploads\/2025\/10\/binocular-indirect-ophthalmoscopes.jpg 800w, https:\/\/shop.keelerglobal.com\/wp-content\/uploads\/2025\/10\/binocular-indirect-ophthalmoscopes-300x300.jpg 300w, https:\/\/shop.keelerglobal.com\/wp-content\/uploads\/2025\/10\/binocular-indirect-ophthalmoscopes-150x150.jpg 150w, https:\/\/shop.keelerglobal.com\/wp-content\/uploads\/2025\/10\/binocular-indirect-ophthalmoscopes-768x768.jpg 768w, https:\/\/shop.keelerglobal.com\/wp-content\/uploads\/2025\/10\/binocular-indirect-ophthalmoscopes-100x100.jpg 100w\" sizes=\"(max-width: 800px) 100vw, 800px\" \/><\/div>\t\t<h2 class=\"woocommerce-loop-category__title\">\n\t\t\tOftalmoscopios binoculares indirectos <mark class=\"count\">(2)<\/mark>\t\t<\/h2>\n\t\t<\/a><\/li>\n<li class=\"product-category product\">\n\t<a aria-label=\"Visitar la categor\u00eda de producto Repuestos y accesorios\" href=\"https:\/\/shop.keelerglobal.com\/es\/product-category\/repuestos-y-accesorios\/\"><div class=\"wrapper-img-category\"><img decoding=\"async\" src=\"https:\/\/shop.keelerglobal.com\/wp-content\/uploads\/2025\/10\/accessories-1.jpg\" alt=\"Repuestos y accesorios\" width=\"800\" height=\"\" srcset=\"https:\/\/shop.keelerglobal.com\/wp-content\/uploads\/2025\/10\/accessories-1.jpg 800w, https:\/\/shop.keelerglobal.com\/wp-content\/uploads\/2025\/10\/accessories-1-300x300.jpg 300w, https:\/\/shop.keelerglobal.com\/wp-content\/uploads\/2025\/10\/accessories-1-150x150.jpg 150w, https:\/\/shop.keelerglobal.com\/wp-content\/uploads\/2025\/10\/accessories-1-768x768.jpg 768w, https:\/\/shop.keelerglobal.com\/wp-content\/uploads\/2025\/10\/accessories-1-100x100.jpg 100w\" sizes=\"(max-width: 800px) 100vw, 800px\" \/><\/div>\t\t<h2 class=\"woocommerce-loop-category__title\">\n\t\t\tRepuestos y accesorios <mark class=\"count\">(5)<\/mark>\t\t<\/h2>\n\t\t<\/a><\/li>\n<\/ul>\n<\/div>\n","protected":false},"excerpt":{"rendered":"","protected":false},"author":1,"featured_media":0,"parent":0,"menu_order":0,"comment_status":"closed","ping_status":"closed","template":"","meta":{"_acf_changed":false,"footnotes":""},"class_list":["post-1079","page","type-page","status-publish","hentry"],"acf":[],"_links":{"self":[{"href":"https:\/\/shop.keelerglobal.com\/es\/wp-json\/wp\/v2\/pages\/1079","targetHints":{"allow":["GET"]}}],"collection":[{"href":"https:\/\/shop.keelerglobal.com\/es\/wp-json\/wp\/v2\/pages"}],"about":[{"href":"https:\/\/shop.keelerglobal.com\/es\/wp-json\/wp\/v2\/types\/page"}],"author":[{"embeddable":true,"href":"https:\/\/shop.keelerglobal.com\/es\/wp-json\/wp\/v2\/users\/1"}],"replies":[{"embeddable":true,"href":"https:\/\/shop.keelerglobal.com\/es\/wp-json\/wp\/v2\/comments?post=1079"}],"version-history":[{"count":6,"href":"https:\/\/shop.keelerglobal.com\/es\/wp-json\/wp\/v2\/pages\/1079\/revisions"}],"predecessor-version":[{"id":1147,"href":"https:\/\/shop.keelerglobal.com\/es\/wp-json\/wp\/v2\/pages\/1079\/revisions\/1147"}],"wp:attachment":[{"href":"https:\/\/shop.keelerglobal.com\/es\/wp-json\/wp\/v2\/media?parent=1079"}],"curies":[{"name":"wp","href":"https:\/\/api.w.org\/{rel}","templated":true}]}}