{"id":1061,"date":"2025-10-13T17:39:25","date_gmt":"2025-10-13T16:39:25","guid":{"rendered":"https:\/\/shop.keelerglobal.com\/terminos-y-condiciones\/"},"modified":"2025-10-13T17:39:25","modified_gmt":"2025-10-13T16:39:25","slug":"terminos-y-condiciones","status":"publish","type":"page","link":"https:\/\/shop.keelerglobal.com\/es\/terminos-y-condiciones\/","title":{"rendered":"T\u00e9rminos y condiciones"},"content":{"rendered":"<h4>Keeler Ltd \u2013 T\u00e9rminos y condiciones de venta<\/h1>\n<p><strong>Fecha de entrada en vigor:<\/strong> 14\/10\/2025<\/p>\n<h2>1.0 Precios, impuestos y permisos<\/h2>\n<p>Todos los precios est\u00e1n sujetos a cambios sin previo aviso. El precio del vendedor ser\u00e1 el precio vigente en el momento del env\u00edo. Todos los precios no incluyen los impuestos sobre las ventas, el uso, la franquicia, la licencia, los impuestos especiales y otros impuestos con respecto a la fabricaci\u00f3n, la venta o la entrega de los bienes suministrados en virtud del presente documento, los derechos de exportaci\u00f3n o importaci\u00f3n y las tasas de inspecci\u00f3n, todos los cuales ser\u00e1n pagados por el comprador, a menos que se proporcione un certificado de exenci\u00f3n adecuado.<\/p>\n<h2>2.0 Pol\u00edtica de devoluci\u00f3n de mercanc\u00edas:<\/h2>\n<p>Por favor, lea nuestra pol\u00edtica aparte para obtener m\u00e1s informaci\u00f3n sobre nuestro <a href=\"https:\/\/shop.keelerglobal.com\/es\/politica-de-devoluciones-y-reembolsos\/\">Proceso de reembolso y devoluci\u00f3n.<\/a><\/p>\n<h2>3.0 Riesgo de p\u00e9rdida<\/h2>\n<p>El comprador asume toda la responsabilidad por el riesgo de p\u00e9rdida o da\u00f1o de los bienes suministrados en virtud del presente documento, tras la entrega por parte del vendedor. Si el comprador retrasa el env\u00edo, los bienes suministrados en virtud del presente documento se mantendr\u00e1n a riesgo del comprador y estar\u00e1n sujetos a cargos de almacenamiento razonables.<\/p>\n<h2>4.0 Retrasos<\/h2>\n<p>El vendedor no ser\u00e1 responsable de los retrasos razonables o excusables en el cumplimiento de cualquier pedido cuando sea debido. Los \u201cretrasos excusables\u201d incluyen, entre otros, los retrasos resultantes de accidentes; casos fortuitos; huelgas; disturbios; conmoci\u00f3n civil; incendios; inundaciones; embargos de flete o retrasos en el transporte; escasez de mano de obra; incapacidad para asegurar combustible; materiales; suministros o energ\u00eda; todos a los precios actuales o debido a la escasez de los mismos; cualquier ley, acto, reglamento, orden, solicitud o decreto existente o futuro del Gobierno Federal o de cualquier Gobierno Estatal que afecte la conducta de los negocios del vendedor que el vendedor, a su juicio y discreci\u00f3n, considere aconsejable cumplir como un deber legal o patri\u00f3tico; u otras causas fuera del control del vendedor. Los \u201cretrasos razonables\u201d incluyen, entre otros, los retrasos a los que el comprador, cuando se le notifica, no presenta ninguna objeci\u00f3n. En caso de tal retraso, la fecha de entrega se extender\u00e1 por un per\u00edodo igual al tiempo perdido por raz\u00f3n del retraso. En caso de imposibilidad, por cualquier raz\u00f3n, de suministrar los bienes que se suministrar\u00e1n en virtud del presente documento, el vendedor podr\u00e1 asignar su suministro disponible de tales bienes o materias primas entre cualquiera o todos los compradores, as\u00ed como los departamentos, divisiones, subsidiarias o filiales del vendedor o entre las l\u00edneas de productos del vendedor sobre la base que el vendedor considere pr\u00e1ctica sin responsabilidad por cualquier fallo de rendimiento que pueda resultar de ello.<\/p>\n<h2>5.0 Garant\u00edas<\/h2>\n<p>Por favor, lea nuestra pol\u00edtica aparte para obtener m\u00e1s informaci\u00f3n sobre el per\u00edodo de garant\u00eda, lo que est\u00e1 cubierto y c\u00f3mo presentar una reclamaci\u00f3n. Visite nuestra <a href=\"https:\/\/shop.keelerglobal.com\/warranty\/\">pol\u00edtica de garant\u00eda aqu\u00ed<\/a><\/p>\n<h2>6.0 Indemnizaci\u00f3n de patentes<\/h2>\n<p>En caso de que un tribunal europeo dicte una sentencia por da\u00f1os y perjuicios, contra la que no se pueda recurrir contra el comprador, que surja de una reclamaci\u00f3n de infracci\u00f3n por parte de los bienes suministrados en virtud del presente documento, de cualquier patente v\u00e1lida existente propiedad de un tercero, el comprador y el vendedor acuerdan que el vendedor indemnizar\u00e1 al comprador por tales da\u00f1os y perjuicios en la medida especificada en la Secci\u00f3n 7 del presente documento, siempre que el comprador notifique al vendedor por escrito dentro de los diez (10) d\u00edas siguientes a la recepci\u00f3n por parte del comprador del primer aviso de dicha reclamaci\u00f3n de infracci\u00f3n. El vendedor, a su elecci\u00f3n, tendr\u00e1 derecho a participar en la defensa de cualquier acci\u00f3n de infracci\u00f3n. Dicha participaci\u00f3n, sin embargo, no constituir\u00e1 ninguna admisi\u00f3n de responsabilidad por parte del vendedor. Cualquier indemnizaci\u00f3n por parte del vendedor estar\u00e1 condicionada a la plena asistencia y cooperaci\u00f3n del comprador en la defensa de cualquier acci\u00f3n de este tipo. El vendedor no tendr\u00e1 ninguna obligaci\u00f3n u otra responsabilidad hacia el comprador por la infracci\u00f3n que surja del uso de los bienes suministrados en virtud del presente documento en el funcionamiento de cualquier proceso o en combinaci\u00f3n con otros materiales o que surja de cualquier alteraci\u00f3n en los bienes realizada por el comprador.<\/p>\n<h2>7.0 Pol\u00edtica de tolerancia cero<\/h2>\n<p>El vendedor tiene una pol\u00edtica de tolerancia cero hacia cualquier soborno o pr\u00e1ctica corrupta en sus relaciones comerciales. El comprador declara y garantiza al vendedor que no ha participado en pr\u00e1cticas comerciales que violen cualquier ley, orden, norma y reglamento local, estatal, federal y extranjero aplicable con respecto al soborno y la corrupci\u00f3n, incluyendo:<\/p>\n<p>(i) la Ley de Pr\u00e1cticas Corruptas en el Extranjero de los Estados Unidos (15 U.S.C. \u00a7\u00a7 78dd-1, et seq.) (la \u201cFCPA\u201d) y<br \/>\n(ii) la Ley de Soborno del Reino Unido de 2010. Excepto en cumplimiento de la FCPA, ni el comprador ni ninguna persona que act\u00fae en su nombre ha: (a) dado u ofrecido o prometido dar, por o en nombre del comprador, ya sea directamente o a trav\u00e9s de un consultor u otro tercero, cualquier cosa de valor, ya sea monetaria o no monetaria (ya sea un regalo, viaje, alojamiento, comida, pago o de otro tipo), a o para el beneficio de cualquiera de las personas o entidades que se enumeran a continuaci\u00f3n; o (b) autorizado o aprobado cualquiera de los anteriores:<\/p>\n<ul>\n<li>  cualquier partido pol\u00edtico, empleado de un partido pol\u00edtico o candidato a un cargo pol\u00edtico;<\/li>\n<li>  cualquier funcionario gubernamental, empleado gubernamental, empleado de una entidad de propiedad o control gubernamental, o persona que act\u00fae a t\u00edtulo oficial para o en nombre del gobierno; o<\/li>\n<li>  cualquier funcionario o empleado de una organizaci\u00f3n internacional (por ejemplo, la Cruz Roja o las Naciones Unidas), o persona que act\u00fae a t\u00edtulo oficial para o en nombre de dicha organizaci\u00f3n.<\/li>\n<\/ul>\n<p>El comprador deber\u00e1 seguir cumpliendo con esta cl\u00e1usula durante la vigencia de cualquier acuerdo con el vendedor y mientras realice cualquier trato comercial con o en nombre del vendedor. En caso de que el comprador incumpla esta cl\u00e1usula, el vendedor podr\u00e1, a su entera discreci\u00f3n, rescindir cualquier acuerdo con el comprador sin penalizaci\u00f3n y sin ninguna compensaci\u00f3n para el comprador. El comprador deber\u00e1 indemnizar y mantener indemne al vendedor por todas las reclamaciones, demandas, da\u00f1os, costos, multas, sanciones, honorarios de abogados y todos los dem\u00e1s gastos que surjan del incumplimiento por parte del comprador de esta cl\u00e1usula.<\/p>\n","protected":false},"excerpt":{"rendered":"<p>Keeler Ltd \u2013 T\u00e9rminos y condiciones de venta Fecha de entrada en vigor: 14\/10\/2025 1.0 Precios, impuestos y permisos Todos los precios est\u00e1n sujetos a cambios sin previo aviso. El precio del vendedor ser\u00e1 el precio vigente en el momento del env\u00edo. Todos los precios no incluyen los impuestos sobre las ventas, el uso, la [&hellip;]<\/p>\n","protected":false},"author":1,"featured_media":0,"parent":0,"menu_order":0,"comment_status":"closed","ping_status":"closed","template":"","meta":{"_acf_changed":false,"footnotes":""},"class_list":["post-1061","page","type-page","status-publish","hentry"],"acf":[],"_links":{"self":[{"href":"https:\/\/shop.keelerglobal.com\/es\/wp-json\/wp\/v2\/pages\/1061","targetHints":{"allow":["GET"]}}],"collection":[{"href":"https:\/\/shop.keelerglobal.com\/es\/wp-json\/wp\/v2\/pages"}],"about":[{"href":"https:\/\/shop.keelerglobal.com\/es\/wp-json\/wp\/v2\/types\/page"}],"author":[{"embeddable":true,"href":"https:\/\/shop.keelerglobal.com\/es\/wp-json\/wp\/v2\/users\/1"}],"replies":[{"embeddable":true,"href":"https:\/\/shop.keelerglobal.com\/es\/wp-json\/wp\/v2\/comments?post=1061"}],"version-history":[{"count":0,"href":"https:\/\/shop.keelerglobal.com\/es\/wp-json\/wp\/v2\/pages\/1061\/revisions"}],"wp:attachment":[{"href":"https:\/\/shop.keelerglobal.com\/es\/wp-json\/wp\/v2\/media?parent=1061"}],"curies":[{"name":"wp","href":"https:\/\/api.w.org\/{rel}","templated":true}]}}